{"id":10985,"date":"2021-05-13T02:00:38","date_gmt":"2021-05-13T02:00:38","guid":{"rendered":"https:\/\/lunatools.com\/product\/silicontape-armerad-set-uni\/"},"modified":"2021-05-13T02:00:38","modified_gmt":"2021-05-13T02:00:38","slug":"silicontape-med-infastning","status":"publish","type":"product","link":"https:\/\/lunatools.test.consids5.se\/sv\/product\/silicontape-med-infastning\/","title":{"rendered":"SILICONTAPE MED INF\u00c4STNING"},"content":{"rendered":"<p>Silicontape f\u00f6r verktygss\u00e4kring, armerad och sj\u00e4lvvulkande. Anv\u00e4ndes tillsammans med ett inf\u00e4stningsband. Se till att alla ytor \u00e4r rena, torra och fria fr\u00e5n fett eller olja. L\u00e4gg bandet med s\u00f6mmen ut\u00e5t f\u00f6r att minska risken att dra loss. Linda tapen 3-4 varv mycket h\u00e5rt och tryck och v\u00e4rm med h\u00e4nderna. Allt material skall ha rumstemperatur vid fasts\u00e4ttning.<br \/>\n26663-0201 inneh\u00e5ller 3 st inf\u00e4stningsband.<\/p>\n","protected":false},"excerpt":{"rendered":"Silicontape f\u00f6r verktygss\u00e4kring, armerad och sj\u00e4lvvulkande. Anv\u00e4ndes tillsammans med ett inf\u00e4stningsband. Se till att alla ytor \u00e4r rena, torra och fria fr\u00e5n fett eller olja. L\u00e4gg bandet med s\u00f6mmen ut\u00e5t f\u00f6r att minska risken att dra loss. Linda tapen 3-4 varv mycket h\u00e5rt och tryck och v\u00e4rm med h\u00e4nderna. Allt material skall ha rumstemperatur vid&#8230; <a class=\"view-article\" href=\"https:\/\/lunatools.test.consids5.se\/sv\/product\/silicontape-med-infastning\/\">View Article<\/a>","protected":false},"featured_media":0,"template":"","meta":{"_acf_changed":false},"product_cat":[1000,1701],"product_tag":[],"class_list":{"0":"post-10985","1":"product","2":"type-product","3":"status-publish","5":"product_cat-infastningar-till-verktyg-sv","6":"product_cat-tape-sv","8":"first","9":"instock","10":"shipping-taxable","11":"product-type-simple"},"acf":[],"yoast_head":"<!-- This site is optimized with the Yoast SEO plugin v23.2 - https:\/\/yoast.com\/wordpress\/plugins\/seo\/ -->\n<title>SILICONTAPE MED INF\u00c4STNING - Luna tools<\/title>\n<meta name=\"robots\" content=\"index, follow, max-snippet:-1, max-image-preview:large, max-video-preview:-1\" \/>\n<link rel=\"canonical\" href=\"https:\/\/lunatools.test.consids5.se\/sv\/product\/silicontape-med-infastning\/\" \/>\n<meta property=\"og:locale\" content=\"sv_SE\" \/>\n<meta property=\"og:type\" content=\"article\" \/>\n<meta property=\"og:title\" content=\"SILICONTAPE MED INF\u00c4STNING - Luna tools\" \/>\n<meta property=\"og:description\" content=\"Silicontape f\u00f6r verktygss\u00e4kring, armerad och sj\u00e4lvvulkande. Anv\u00e4ndes tillsammans med ett inf\u00e4stningsband. Se till att alla ytor \u00e4r rena, torra och fria fr\u00e5n fett eller olja. L\u00e4gg bandet med s\u00f6mmen ut\u00e5t f\u00f6r att minska risken att dra loss. Linda tapen 3-4 varv mycket h\u00e5rt och tryck och v\u00e4rm med h\u00e4nderna. Allt material skall ha rumstemperatur vid... View Article\" \/>\n<meta property=\"og:url\" content=\"https:\/\/lunatools.test.consids5.se\/sv\/product\/silicontape-med-infastning\/\" \/>\n<meta property=\"og:site_name\" content=\"Luna tools\" \/>\n<script type=\"application\/ld+json\" class=\"yoast-schema-graph\">{\"@context\":\"https:\/\/schema.org\",\"@graph\":[{\"@type\":\"WebPage\",\"@id\":\"https:\/\/lunatools.test.consids5.se\/sv\/product\/silicontape-med-infastning\/\",\"url\":\"https:\/\/lunatools.test.consids5.se\/sv\/product\/silicontape-med-infastning\/\",\"name\":\"SILICONTAPE MED INF\u00c4STNING - Luna tools\",\"isPartOf\":{\"@id\":\"https:\/\/lunatools.test.consids5.se\/en\/#website\"},\"datePublished\":\"2021-05-13T02:00:38+00:00\",\"dateModified\":\"2021-05-13T02:00:38+00:00\",\"breadcrumb\":{\"@id\":\"https:\/\/lunatools.test.consids5.se\/sv\/product\/silicontape-med-infastning\/#breadcrumb\"},\"inLanguage\":\"sv-SE\",\"potentialAction\":[{\"@type\":\"ReadAction\",\"target\":[\"https:\/\/lunatools.test.consids5.se\/sv\/product\/silicontape-med-infastning\/\"]}]},{\"@type\":\"BreadcrumbList\",\"@id\":\"https:\/\/lunatools.test.consids5.se\/sv\/product\/silicontape-med-infastning\/#breadcrumb\",\"itemListElement\":[{\"@type\":\"ListItem\",\"position\":1,\"name\":\"Home\",\"item\":\"https:\/\/lunatools.test.consids5.se\/sv\/professionella-elverktygstillbehor-lunatools-startpage\/\"},{\"@type\":\"ListItem\",\"position\":2,\"name\":\"Products\",\"item\":\"https:\/\/lunatools.test.consids5.se\/en\/shop\/\"},{\"@type\":\"ListItem\",\"position\":3,\"name\":\"SILICONTAPE MED INF\u00c4STNING\"}]},{\"@type\":\"WebSite\",\"@id\":\"https:\/\/lunatools.test.consids5.se\/en\/#website\",\"url\":\"https:\/\/lunatools.test.consids5.se\/en\/\",\"name\":\"Luna tools\",\"description\":\"\",\"publisher\":{\"@id\":\"https:\/\/lunatools.test.consids5.se\/en\/#organization\"},\"potentialAction\":[{\"@type\":\"SearchAction\",\"target\":{\"@type\":\"EntryPoint\",\"urlTemplate\":\"https:\/\/lunatools.test.consids5.se\/en\/?s={search_term_string}\"},\"query-input\":\"required name=search_term_string\"}],\"inLanguage\":\"sv-SE\"},{\"@type\":\"Organization\",\"@id\":\"https:\/\/lunatools.test.consids5.se\/en\/#organization\",\"name\":\"Luna Tools\",\"url\":\"https:\/\/lunatools.test.consids5.se\/en\/\",\"logo\":{\"@type\":\"ImageObject\",\"inLanguage\":\"sv-SE\",\"@id\":\"https:\/\/lunatools.test.consids5.se\/en\/#\/schema\/logo\/image\/\",\"url\":\"https:\/\/lunatools.com\/wp-content\/uploads\/2019\/10\/LunaTools-gray-logo.png\",\"contentUrl\":\"https:\/\/lunatools.com\/wp-content\/uploads\/2019\/10\/LunaTools-gray-logo.png\",\"width\":795,\"height\":309,\"caption\":\"Luna Tools\"},\"image\":{\"@id\":\"https:\/\/lunatools.test.consids5.se\/en\/#\/schema\/logo\/image\/\"}}]}<\/script>\n<!-- \/ Yoast SEO plugin. -->","yoast_head_json":{"title":"SILICONTAPE MED INF\u00c4STNING - Luna tools","robots":{"index":"index","follow":"follow","max-snippet":"max-snippet:-1","max-image-preview":"max-image-preview:large","max-video-preview":"max-video-preview:-1"},"canonical":"https:\/\/lunatools.test.consids5.se\/sv\/product\/silicontape-med-infastning\/","og_locale":"sv_SE","og_type":"article","og_title":"SILICONTAPE MED INF\u00c4STNING - Luna tools","og_description":"Silicontape f\u00f6r verktygss\u00e4kring, armerad och sj\u00e4lvvulkande. Anv\u00e4ndes tillsammans med ett inf\u00e4stningsband. Se till att alla ytor \u00e4r rena, torra och fria fr\u00e5n fett eller olja. L\u00e4gg bandet med s\u00f6mmen ut\u00e5t f\u00f6r att minska risken att dra loss. Linda tapen 3-4 varv mycket h\u00e5rt och tryck och v\u00e4rm med h\u00e4nderna. Allt material skall ha rumstemperatur vid... View Article","og_url":"https:\/\/lunatools.test.consids5.se\/sv\/product\/silicontape-med-infastning\/","og_site_name":"Luna tools","schema":{"@context":"https:\/\/schema.org","@graph":[{"@type":"WebPage","@id":"https:\/\/lunatools.test.consids5.se\/sv\/product\/silicontape-med-infastning\/","url":"https:\/\/lunatools.test.consids5.se\/sv\/product\/silicontape-med-infastning\/","name":"SILICONTAPE MED INF\u00c4STNING - Luna tools","isPartOf":{"@id":"https:\/\/lunatools.test.consids5.se\/en\/#website"},"datePublished":"2021-05-13T02:00:38+00:00","dateModified":"2021-05-13T02:00:38+00:00","breadcrumb":{"@id":"https:\/\/lunatools.test.consids5.se\/sv\/product\/silicontape-med-infastning\/#breadcrumb"},"inLanguage":"sv-SE","potentialAction":[{"@type":"ReadAction","target":["https:\/\/lunatools.test.consids5.se\/sv\/product\/silicontape-med-infastning\/"]}]},{"@type":"BreadcrumbList","@id":"https:\/\/lunatools.test.consids5.se\/sv\/product\/silicontape-med-infastning\/#breadcrumb","itemListElement":[{"@type":"ListItem","position":1,"name":"Home","item":"https:\/\/lunatools.test.consids5.se\/sv\/professionella-elverktygstillbehor-lunatools-startpage\/"},{"@type":"ListItem","position":2,"name":"Products","item":"https:\/\/lunatools.test.consids5.se\/en\/shop\/"},{"@type":"ListItem","position":3,"name":"SILICONTAPE MED INF\u00c4STNING"}]},{"@type":"WebSite","@id":"https:\/\/lunatools.test.consids5.se\/en\/#website","url":"https:\/\/lunatools.test.consids5.se\/en\/","name":"Luna tools","description":"","publisher":{"@id":"https:\/\/lunatools.test.consids5.se\/en\/#organization"},"potentialAction":[{"@type":"SearchAction","target":{"@type":"EntryPoint","urlTemplate":"https:\/\/lunatools.test.consids5.se\/en\/?s={search_term_string}"},"query-input":"required name=search_term_string"}],"inLanguage":"sv-SE"},{"@type":"Organization","@id":"https:\/\/lunatools.test.consids5.se\/en\/#organization","name":"Luna Tools","url":"https:\/\/lunatools.test.consids5.se\/en\/","logo":{"@type":"ImageObject","inLanguage":"sv-SE","@id":"https:\/\/lunatools.test.consids5.se\/en\/#\/schema\/logo\/image\/","url":"https:\/\/lunatools.com\/wp-content\/uploads\/2019\/10\/LunaTools-gray-logo.png","contentUrl":"https:\/\/lunatools.com\/wp-content\/uploads\/2019\/10\/LunaTools-gray-logo.png","width":795,"height":309,"caption":"Luna Tools"},"image":{"@id":"https:\/\/lunatools.test.consids5.se\/en\/#\/schema\/logo\/image\/"}}]}},"_links":{"self":[{"href":"https:\/\/lunatools.test.consids5.se\/sv\/wp-json\/wp\/v2\/product\/10985"}],"collection":[{"href":"https:\/\/lunatools.test.consids5.se\/sv\/wp-json\/wp\/v2\/product"}],"about":[{"href":"https:\/\/lunatools.test.consids5.se\/sv\/wp-json\/wp\/v2\/types\/product"}],"wp:attachment":[{"href":"https:\/\/lunatools.test.consids5.se\/sv\/wp-json\/wp\/v2\/media?parent=10985"}],"wp:term":[{"taxonomy":"product_cat","embeddable":true,"href":"https:\/\/lunatools.test.consids5.se\/sv\/wp-json\/wp\/v2\/product_cat?post=10985"},{"taxonomy":"product_tag","embeddable":true,"href":"https:\/\/lunatools.test.consids5.se\/sv\/wp-json\/wp\/v2\/product_tag?post=10985"}],"curies":[{"name":"wp","href":"https:\/\/api.w.org\/{rel}","templated":true}]}}