{"id":11093,"date":"2021-11-04T02:05:07","date_gmt":"2021-11-04T02:05:07","guid":{"rendered":"https:\/\/lunatools.com\/product\/handsag-500-11tpi-3fas-tand\/"},"modified":"2021-11-04T02:05:07","modified_gmt":"2021-11-04T02:05:07","slug":"handsag-500-11tpi-3fas-tand-2","status":"publish","type":"product","link":"https:\/\/lunatools.test.consids5.se\/sv\/product\/handsag-500-11tpi-3fas-tand-2\/","title":{"rendered":"HANDS\u00c5G 500 11TPI 3FAS TAND"},"content":{"rendered":"<p>Modell Premium. 3-fastandad tandspetsh\u00e4rdad hands\u00e5g. Lackerat s\u00e5gblad. Tv\u00e5komponents handtag &#8211; utformat som vinkelanslag med 90\u00b0 och 45\u00b0 mot s\u00e5gbladets rygg. S\u00e5gen har en sluttande spets f\u00f6r b\u00e4ttre genomg\u00e5ng mitt i materialet.<\/p>\n","protected":false},"excerpt":{"rendered":"Modell Premium. 3-fastandad tandspetsh\u00e4rdad hands\u00e5g. Lackerat s\u00e5gblad. Tv\u00e5komponents handtag &#8211; utformat som vinkelanslag med 90\u00b0 och 45\u00b0 mot s\u00e5gbladets rygg. S\u00e5gen har en sluttande spets f\u00f6r b\u00e4ttre genomg\u00e5ng mitt i materialet.","protected":false},"featured_media":0,"template":"","meta":{"_acf_changed":false},"product_cat":[499,500],"product_tag":[],"class_list":{"0":"post-11093","1":"product","2":"type-product","3":"status-publish","5":"product_cat-sagar-sv","6":"product_cat-handsagar-sv","8":"first","9":"instock","10":"shipping-taxable","11":"product-type-simple"},"acf":[],"yoast_head":"<!-- This site is optimized with the Yoast SEO plugin v23.2 - https:\/\/yoast.com\/wordpress\/plugins\/seo\/ -->\n<title>HANDS\u00c5G 500 11TPI 3FAS TAND - Luna tools<\/title>\n<meta name=\"robots\" content=\"index, follow, max-snippet:-1, max-image-preview:large, max-video-preview:-1\" \/>\n<link rel=\"canonical\" href=\"https:\/\/lunatools.test.consids5.se\/sv\/product\/handsag-500-11tpi-3fas-tand-2\/\" \/>\n<meta property=\"og:locale\" content=\"sv_SE\" \/>\n<meta property=\"og:type\" content=\"article\" \/>\n<meta property=\"og:title\" content=\"HANDS\u00c5G 500 11TPI 3FAS TAND - Luna tools\" \/>\n<meta property=\"og:description\" content=\"Modell Premium. 3-fastandad tandspetsh\u00e4rdad hands\u00e5g. Lackerat s\u00e5gblad. Tv\u00e5komponents handtag &#8211; utformat som vinkelanslag med 90\u00b0 och 45\u00b0 mot s\u00e5gbladets rygg. S\u00e5gen har en sluttande spets f\u00f6r b\u00e4ttre genomg\u00e5ng mitt i materialet.\" \/>\n<meta property=\"og:url\" content=\"https:\/\/lunatools.test.consids5.se\/sv\/product\/handsag-500-11tpi-3fas-tand-2\/\" \/>\n<meta property=\"og:site_name\" content=\"Luna tools\" \/>\n<script type=\"application\/ld+json\" class=\"yoast-schema-graph\">{\"@context\":\"https:\/\/schema.org\",\"@graph\":[{\"@type\":\"WebPage\",\"@id\":\"https:\/\/lunatools.test.consids5.se\/sv\/product\/handsag-500-11tpi-3fas-tand-2\/\",\"url\":\"https:\/\/lunatools.test.consids5.se\/sv\/product\/handsag-500-11tpi-3fas-tand-2\/\",\"name\":\"HANDS\u00c5G 500 11TPI 3FAS TAND - Luna tools\",\"isPartOf\":{\"@id\":\"https:\/\/lunatools.test.consids5.se\/en\/#website\"},\"datePublished\":\"2021-11-04T02:05:07+00:00\",\"dateModified\":\"2021-11-04T02:05:07+00:00\",\"breadcrumb\":{\"@id\":\"https:\/\/lunatools.test.consids5.se\/sv\/product\/handsag-500-11tpi-3fas-tand-2\/#breadcrumb\"},\"inLanguage\":\"sv-SE\",\"potentialAction\":[{\"@type\":\"ReadAction\",\"target\":[\"https:\/\/lunatools.test.consids5.se\/sv\/product\/handsag-500-11tpi-3fas-tand-2\/\"]}]},{\"@type\":\"BreadcrumbList\",\"@id\":\"https:\/\/lunatools.test.consids5.se\/sv\/product\/handsag-500-11tpi-3fas-tand-2\/#breadcrumb\",\"itemListElement\":[{\"@type\":\"ListItem\",\"position\":1,\"name\":\"Home\",\"item\":\"https:\/\/lunatools.test.consids5.se\/sv\/professionella-elverktygstillbehor-lunatools-startpage\/\"},{\"@type\":\"ListItem\",\"position\":2,\"name\":\"Products\",\"item\":\"https:\/\/lunatools.test.consids5.se\/en\/shop\/\"},{\"@type\":\"ListItem\",\"position\":3,\"name\":\"HANDS\u00c5G 500 11TPI 3FAS TAND\"}]},{\"@type\":\"WebSite\",\"@id\":\"https:\/\/lunatools.test.consids5.se\/en\/#website\",\"url\":\"https:\/\/lunatools.test.consids5.se\/en\/\",\"name\":\"Luna tools\",\"description\":\"\",\"publisher\":{\"@id\":\"https:\/\/lunatools.test.consids5.se\/en\/#organization\"},\"potentialAction\":[{\"@type\":\"SearchAction\",\"target\":{\"@type\":\"EntryPoint\",\"urlTemplate\":\"https:\/\/lunatools.test.consids5.se\/en\/?s={search_term_string}\"},\"query-input\":\"required name=search_term_string\"}],\"inLanguage\":\"sv-SE\"},{\"@type\":\"Organization\",\"@id\":\"https:\/\/lunatools.test.consids5.se\/en\/#organization\",\"name\":\"Luna Tools\",\"url\":\"https:\/\/lunatools.test.consids5.se\/en\/\",\"logo\":{\"@type\":\"ImageObject\",\"inLanguage\":\"sv-SE\",\"@id\":\"https:\/\/lunatools.test.consids5.se\/en\/#\/schema\/logo\/image\/\",\"url\":\"https:\/\/lunatools.com\/wp-content\/uploads\/2019\/10\/LunaTools-gray-logo.png\",\"contentUrl\":\"https:\/\/lunatools.com\/wp-content\/uploads\/2019\/10\/LunaTools-gray-logo.png\",\"width\":795,\"height\":309,\"caption\":\"Luna Tools\"},\"image\":{\"@id\":\"https:\/\/lunatools.test.consids5.se\/en\/#\/schema\/logo\/image\/\"}}]}<\/script>\n<!-- \/ Yoast SEO plugin. -->","yoast_head_json":{"title":"HANDS\u00c5G 500 11TPI 3FAS TAND - Luna tools","robots":{"index":"index","follow":"follow","max-snippet":"max-snippet:-1","max-image-preview":"max-image-preview:large","max-video-preview":"max-video-preview:-1"},"canonical":"https:\/\/lunatools.test.consids5.se\/sv\/product\/handsag-500-11tpi-3fas-tand-2\/","og_locale":"sv_SE","og_type":"article","og_title":"HANDS\u00c5G 500 11TPI 3FAS TAND - Luna tools","og_description":"Modell Premium. 3-fastandad tandspetsh\u00e4rdad hands\u00e5g. Lackerat s\u00e5gblad. Tv\u00e5komponents handtag &#8211; utformat som vinkelanslag med 90\u00b0 och 45\u00b0 mot s\u00e5gbladets rygg. S\u00e5gen har en sluttande spets f\u00f6r b\u00e4ttre genomg\u00e5ng mitt i materialet.","og_url":"https:\/\/lunatools.test.consids5.se\/sv\/product\/handsag-500-11tpi-3fas-tand-2\/","og_site_name":"Luna tools","schema":{"@context":"https:\/\/schema.org","@graph":[{"@type":"WebPage","@id":"https:\/\/lunatools.test.consids5.se\/sv\/product\/handsag-500-11tpi-3fas-tand-2\/","url":"https:\/\/lunatools.test.consids5.se\/sv\/product\/handsag-500-11tpi-3fas-tand-2\/","name":"HANDS\u00c5G 500 11TPI 3FAS TAND - Luna tools","isPartOf":{"@id":"https:\/\/lunatools.test.consids5.se\/en\/#website"},"datePublished":"2021-11-04T02:05:07+00:00","dateModified":"2021-11-04T02:05:07+00:00","breadcrumb":{"@id":"https:\/\/lunatools.test.consids5.se\/sv\/product\/handsag-500-11tpi-3fas-tand-2\/#breadcrumb"},"inLanguage":"sv-SE","potentialAction":[{"@type":"ReadAction","target":["https:\/\/lunatools.test.consids5.se\/sv\/product\/handsag-500-11tpi-3fas-tand-2\/"]}]},{"@type":"BreadcrumbList","@id":"https:\/\/lunatools.test.consids5.se\/sv\/product\/handsag-500-11tpi-3fas-tand-2\/#breadcrumb","itemListElement":[{"@type":"ListItem","position":1,"name":"Home","item":"https:\/\/lunatools.test.consids5.se\/sv\/professionella-elverktygstillbehor-lunatools-startpage\/"},{"@type":"ListItem","position":2,"name":"Products","item":"https:\/\/lunatools.test.consids5.se\/en\/shop\/"},{"@type":"ListItem","position":3,"name":"HANDS\u00c5G 500 11TPI 3FAS TAND"}]},{"@type":"WebSite","@id":"https:\/\/lunatools.test.consids5.se\/en\/#website","url":"https:\/\/lunatools.test.consids5.se\/en\/","name":"Luna tools","description":"","publisher":{"@id":"https:\/\/lunatools.test.consids5.se\/en\/#organization"},"potentialAction":[{"@type":"SearchAction","target":{"@type":"EntryPoint","urlTemplate":"https:\/\/lunatools.test.consids5.se\/en\/?s={search_term_string}"},"query-input":"required name=search_term_string"}],"inLanguage":"sv-SE"},{"@type":"Organization","@id":"https:\/\/lunatools.test.consids5.se\/en\/#organization","name":"Luna Tools","url":"https:\/\/lunatools.test.consids5.se\/en\/","logo":{"@type":"ImageObject","inLanguage":"sv-SE","@id":"https:\/\/lunatools.test.consids5.se\/en\/#\/schema\/logo\/image\/","url":"https:\/\/lunatools.com\/wp-content\/uploads\/2019\/10\/LunaTools-gray-logo.png","contentUrl":"https:\/\/lunatools.com\/wp-content\/uploads\/2019\/10\/LunaTools-gray-logo.png","width":795,"height":309,"caption":"Luna Tools"},"image":{"@id":"https:\/\/lunatools.test.consids5.se\/en\/#\/schema\/logo\/image\/"}}]}},"_links":{"self":[{"href":"https:\/\/lunatools.test.consids5.se\/sv\/wp-json\/wp\/v2\/product\/11093"}],"collection":[{"href":"https:\/\/lunatools.test.consids5.se\/sv\/wp-json\/wp\/v2\/product"}],"about":[{"href":"https:\/\/lunatools.test.consids5.se\/sv\/wp-json\/wp\/v2\/types\/product"}],"wp:attachment":[{"href":"https:\/\/lunatools.test.consids5.se\/sv\/wp-json\/wp\/v2\/media?parent=11093"}],"wp:term":[{"taxonomy":"product_cat","embeddable":true,"href":"https:\/\/lunatools.test.consids5.se\/sv\/wp-json\/wp\/v2\/product_cat?post=11093"},{"taxonomy":"product_tag","embeddable":true,"href":"https:\/\/lunatools.test.consids5.se\/sv\/wp-json\/wp\/v2\/product_tag?post=11093"}],"curies":[{"name":"wp","href":"https:\/\/api.w.org\/{rel}","templated":true}]}}