{"id":11155,"date":"2021-09-09T02:45:19","date_gmt":"2021-09-09T02:45:19","guid":{"rendered":"https:\/\/lunatools.com\/product\/slipnatsrondell-125mm-korn80\/"},"modified":"2021-09-09T02:45:19","modified_gmt":"2021-09-09T02:45:19","slug":"slipnatsrondell-125mm-korn80","status":"publish","type":"product","link":"https:\/\/lunatools.test.consids5.se\/sv\/product\/slipnatsrondell-125mm-korn80\/","title":{"rendered":"SLIPN\u00c4TSRONDELL 125MM KORN80"},"content":{"rendered":"<p>Slipn\u00e4tsrondell f\u00f6r tr\u00e4, f\u00e4rg och mjuka metaller. Slipn\u00e4ten ger en mycket effektiv dammsugning vilket medf\u00f6r en renare och b\u00e4ttre arbetsmilj\u00f6. F\u00f6rsedd med kardborref\u00e4ste. Passar alla maskiner med rund 125mm slipplatta oavsett h\u00e5lbild f\u00f6r utsugsh\u00e5l.<\/p>\n","protected":false},"excerpt":{"rendered":"Slipn\u00e4tsrondell f\u00f6r tr\u00e4, f\u00e4rg och mjuka metaller. Slipn\u00e4ten ger en mycket effektiv dammsugning vilket medf\u00f6r en renare och b\u00e4ttre arbetsmilj\u00f6. F\u00f6rsedd med kardborref\u00e4ste. Passar alla maskiner med rund 125mm slipplatta oavsett h\u00e5lbild f\u00f6r utsugsh\u00e5l.","protected":false},"featured_media":0,"template":"","meta":{"_acf_changed":false},"product_cat":[382,383],"product_tag":[],"class_list":{"0":"post-11155","1":"product","2":"type-product","3":"status-publish","5":"product_cat-slip-och-kapverktyg-sv","6":"product_cat-slippapperrondeller-sv","8":"first","9":"instock","10":"shipping-taxable","11":"product-type-simple"},"acf":[],"yoast_head":"<!-- This site is optimized with the Yoast SEO plugin v23.2 - https:\/\/yoast.com\/wordpress\/plugins\/seo\/ -->\n<title>SLIPN\u00c4TSRONDELL 125MM KORN80 - Luna tools<\/title>\n<meta name=\"robots\" content=\"index, follow, max-snippet:-1, max-image-preview:large, max-video-preview:-1\" \/>\n<link rel=\"canonical\" href=\"https:\/\/lunatools.test.consids5.se\/sv\/product\/slipnatsrondell-125mm-korn80\/\" \/>\n<meta property=\"og:locale\" content=\"sv_SE\" \/>\n<meta property=\"og:type\" content=\"article\" \/>\n<meta property=\"og:title\" content=\"SLIPN\u00c4TSRONDELL 125MM KORN80 - Luna tools\" \/>\n<meta property=\"og:description\" content=\"Slipn\u00e4tsrondell f\u00f6r tr\u00e4, f\u00e4rg och mjuka metaller. Slipn\u00e4ten ger en mycket effektiv dammsugning vilket medf\u00f6r en renare och b\u00e4ttre arbetsmilj\u00f6. F\u00f6rsedd med kardborref\u00e4ste. Passar alla maskiner med rund 125mm slipplatta oavsett h\u00e5lbild f\u00f6r utsugsh\u00e5l.\" \/>\n<meta property=\"og:url\" content=\"https:\/\/lunatools.test.consids5.se\/sv\/product\/slipnatsrondell-125mm-korn80\/\" \/>\n<meta property=\"og:site_name\" content=\"Luna tools\" \/>\n<script type=\"application\/ld+json\" class=\"yoast-schema-graph\">{\"@context\":\"https:\/\/schema.org\",\"@graph\":[{\"@type\":\"WebPage\",\"@id\":\"https:\/\/lunatools.test.consids5.se\/sv\/product\/slipnatsrondell-125mm-korn80\/\",\"url\":\"https:\/\/lunatools.test.consids5.se\/sv\/product\/slipnatsrondell-125mm-korn80\/\",\"name\":\"SLIPN\u00c4TSRONDELL 125MM KORN80 - Luna tools\",\"isPartOf\":{\"@id\":\"https:\/\/lunatools.test.consids5.se\/en\/#website\"},\"datePublished\":\"2021-09-09T02:45:19+00:00\",\"dateModified\":\"2021-09-09T02:45:19+00:00\",\"breadcrumb\":{\"@id\":\"https:\/\/lunatools.test.consids5.se\/sv\/product\/slipnatsrondell-125mm-korn80\/#breadcrumb\"},\"inLanguage\":\"sv-SE\",\"potentialAction\":[{\"@type\":\"ReadAction\",\"target\":[\"https:\/\/lunatools.test.consids5.se\/sv\/product\/slipnatsrondell-125mm-korn80\/\"]}]},{\"@type\":\"BreadcrumbList\",\"@id\":\"https:\/\/lunatools.test.consids5.se\/sv\/product\/slipnatsrondell-125mm-korn80\/#breadcrumb\",\"itemListElement\":[{\"@type\":\"ListItem\",\"position\":1,\"name\":\"Home\",\"item\":\"https:\/\/lunatools.test.consids5.se\/sv\/professionella-elverktygstillbehor-lunatools-startpage\/\"},{\"@type\":\"ListItem\",\"position\":2,\"name\":\"Products\",\"item\":\"https:\/\/lunatools.test.consids5.se\/en\/shop\/\"},{\"@type\":\"ListItem\",\"position\":3,\"name\":\"SLIPN\u00c4TSRONDELL 125MM KORN80\"}]},{\"@type\":\"WebSite\",\"@id\":\"https:\/\/lunatools.test.consids5.se\/en\/#website\",\"url\":\"https:\/\/lunatools.test.consids5.se\/en\/\",\"name\":\"Luna tools\",\"description\":\"\",\"publisher\":{\"@id\":\"https:\/\/lunatools.test.consids5.se\/en\/#organization\"},\"potentialAction\":[{\"@type\":\"SearchAction\",\"target\":{\"@type\":\"EntryPoint\",\"urlTemplate\":\"https:\/\/lunatools.test.consids5.se\/en\/?s={search_term_string}\"},\"query-input\":\"required name=search_term_string\"}],\"inLanguage\":\"sv-SE\"},{\"@type\":\"Organization\",\"@id\":\"https:\/\/lunatools.test.consids5.se\/en\/#organization\",\"name\":\"Luna Tools\",\"url\":\"https:\/\/lunatools.test.consids5.se\/en\/\",\"logo\":{\"@type\":\"ImageObject\",\"inLanguage\":\"sv-SE\",\"@id\":\"https:\/\/lunatools.test.consids5.se\/en\/#\/schema\/logo\/image\/\",\"url\":\"https:\/\/lunatools.com\/wp-content\/uploads\/2019\/10\/LunaTools-gray-logo.png\",\"contentUrl\":\"https:\/\/lunatools.com\/wp-content\/uploads\/2019\/10\/LunaTools-gray-logo.png\",\"width\":795,\"height\":309,\"caption\":\"Luna Tools\"},\"image\":{\"@id\":\"https:\/\/lunatools.test.consids5.se\/en\/#\/schema\/logo\/image\/\"}}]}<\/script>\n<!-- \/ Yoast SEO plugin. -->","yoast_head_json":{"title":"SLIPN\u00c4TSRONDELL 125MM KORN80 - Luna tools","robots":{"index":"index","follow":"follow","max-snippet":"max-snippet:-1","max-image-preview":"max-image-preview:large","max-video-preview":"max-video-preview:-1"},"canonical":"https:\/\/lunatools.test.consids5.se\/sv\/product\/slipnatsrondell-125mm-korn80\/","og_locale":"sv_SE","og_type":"article","og_title":"SLIPN\u00c4TSRONDELL 125MM KORN80 - Luna tools","og_description":"Slipn\u00e4tsrondell f\u00f6r tr\u00e4, f\u00e4rg och mjuka metaller. Slipn\u00e4ten ger en mycket effektiv dammsugning vilket medf\u00f6r en renare och b\u00e4ttre arbetsmilj\u00f6. F\u00f6rsedd med kardborref\u00e4ste. Passar alla maskiner med rund 125mm slipplatta oavsett h\u00e5lbild f\u00f6r utsugsh\u00e5l.","og_url":"https:\/\/lunatools.test.consids5.se\/sv\/product\/slipnatsrondell-125mm-korn80\/","og_site_name":"Luna tools","schema":{"@context":"https:\/\/schema.org","@graph":[{"@type":"WebPage","@id":"https:\/\/lunatools.test.consids5.se\/sv\/product\/slipnatsrondell-125mm-korn80\/","url":"https:\/\/lunatools.test.consids5.se\/sv\/product\/slipnatsrondell-125mm-korn80\/","name":"SLIPN\u00c4TSRONDELL 125MM KORN80 - Luna tools","isPartOf":{"@id":"https:\/\/lunatools.test.consids5.se\/en\/#website"},"datePublished":"2021-09-09T02:45:19+00:00","dateModified":"2021-09-09T02:45:19+00:00","breadcrumb":{"@id":"https:\/\/lunatools.test.consids5.se\/sv\/product\/slipnatsrondell-125mm-korn80\/#breadcrumb"},"inLanguage":"sv-SE","potentialAction":[{"@type":"ReadAction","target":["https:\/\/lunatools.test.consids5.se\/sv\/product\/slipnatsrondell-125mm-korn80\/"]}]},{"@type":"BreadcrumbList","@id":"https:\/\/lunatools.test.consids5.se\/sv\/product\/slipnatsrondell-125mm-korn80\/#breadcrumb","itemListElement":[{"@type":"ListItem","position":1,"name":"Home","item":"https:\/\/lunatools.test.consids5.se\/sv\/professionella-elverktygstillbehor-lunatools-startpage\/"},{"@type":"ListItem","position":2,"name":"Products","item":"https:\/\/lunatools.test.consids5.se\/en\/shop\/"},{"@type":"ListItem","position":3,"name":"SLIPN\u00c4TSRONDELL 125MM KORN80"}]},{"@type":"WebSite","@id":"https:\/\/lunatools.test.consids5.se\/en\/#website","url":"https:\/\/lunatools.test.consids5.se\/en\/","name":"Luna tools","description":"","publisher":{"@id":"https:\/\/lunatools.test.consids5.se\/en\/#organization"},"potentialAction":[{"@type":"SearchAction","target":{"@type":"EntryPoint","urlTemplate":"https:\/\/lunatools.test.consids5.se\/en\/?s={search_term_string}"},"query-input":"required name=search_term_string"}],"inLanguage":"sv-SE"},{"@type":"Organization","@id":"https:\/\/lunatools.test.consids5.se\/en\/#organization","name":"Luna Tools","url":"https:\/\/lunatools.test.consids5.se\/en\/","logo":{"@type":"ImageObject","inLanguage":"sv-SE","@id":"https:\/\/lunatools.test.consids5.se\/en\/#\/schema\/logo\/image\/","url":"https:\/\/lunatools.com\/wp-content\/uploads\/2019\/10\/LunaTools-gray-logo.png","contentUrl":"https:\/\/lunatools.com\/wp-content\/uploads\/2019\/10\/LunaTools-gray-logo.png","width":795,"height":309,"caption":"Luna Tools"},"image":{"@id":"https:\/\/lunatools.test.consids5.se\/en\/#\/schema\/logo\/image\/"}}]}},"_links":{"self":[{"href":"https:\/\/lunatools.test.consids5.se\/sv\/wp-json\/wp\/v2\/product\/11155"}],"collection":[{"href":"https:\/\/lunatools.test.consids5.se\/sv\/wp-json\/wp\/v2\/product"}],"about":[{"href":"https:\/\/lunatools.test.consids5.se\/sv\/wp-json\/wp\/v2\/types\/product"}],"wp:attachment":[{"href":"https:\/\/lunatools.test.consids5.se\/sv\/wp-json\/wp\/v2\/media?parent=11155"}],"wp:term":[{"taxonomy":"product_cat","embeddable":true,"href":"https:\/\/lunatools.test.consids5.se\/sv\/wp-json\/wp\/v2\/product_cat?post=11155"},{"taxonomy":"product_tag","embeddable":true,"href":"https:\/\/lunatools.test.consids5.se\/sv\/wp-json\/wp\/v2\/product_tag?post=11155"}],"curies":[{"name":"wp","href":"https:\/\/api.w.org\/{rel}","templated":true}]}}