{"id":11233,"date":"2021-11-04T02:45:22","date_gmt":"2021-11-04T02:45:22","guid":{"rendered":"https:\/\/lunatools.com\/product\/matband-ls-stal-15m\/"},"modified":"2021-11-04T02:45:22","modified_gmt":"2021-11-04T02:45:22","slug":"matband-ls-stal-15m","status":"publish","type":"product","link":"https:\/\/lunatools.test.consids5.se\/sv\/product\/matband-ls-stal-15m\/","title":{"rendered":"M\u00c4TBAND LS ST\u00c5L 15M"},"content":{"rendered":"<p>M\u00e4tband av st\u00e5l med kapslat hus i slagt\u00e5lig och k\u00f6ldbest\u00e4ndig ABS-plast. Gummidetaljer f\u00f6r \u00f6kad komfort och grepp. Dubbel nylonbel\u00e4ggning p\u00e5 gult matt band f\u00f6r b\u00e4sta synlighet och skydd mot slitage. Resistent mot vatten, grus, damm och de flesta kemikalier. Inf\u00e4llbar vev med v\u00e4xel 3:1 f\u00f6r snabb \u00e5terg\u00e5ng. \u00c4ndhake med b\u00e5de ring och hake. Toleransklass II.<\/p>\n","protected":false},"excerpt":{"rendered":"M\u00e4tband av st\u00e5l med kapslat hus i slagt\u00e5lig och k\u00f6ldbest\u00e4ndig ABS-plast. Gummidetaljer f\u00f6r \u00f6kad komfort och grepp. Dubbel nylonbel\u00e4ggning p\u00e5 gult matt band f\u00f6r b\u00e4sta synlighet och skydd mot slitage. Resistent mot vatten, grus, damm och de flesta kemikalier. Inf\u00e4llbar vev med v\u00e4xel 3:1 f\u00f6r snabb \u00e5terg\u00e5ng. \u00c4ndhake med b\u00e5de ring och hake. Toleransklass II.","protected":false},"featured_media":0,"template":"","meta":{"_acf_changed":false},"product_cat":[559],"product_tag":[],"class_list":{"0":"post-11233","1":"product","2":"type-product","3":"status-publish","5":"product_cat-matband-sv","7":"first","8":"instock","9":"shipping-taxable","10":"product-type-simple"},"acf":[],"yoast_head":"<!-- This site is optimized with the Yoast SEO plugin v23.2 - https:\/\/yoast.com\/wordpress\/plugins\/seo\/ -->\n<title>M\u00c4TBAND LS ST\u00c5L 15M - Luna tools<\/title>\n<meta name=\"robots\" content=\"index, follow, max-snippet:-1, max-image-preview:large, max-video-preview:-1\" \/>\n<link rel=\"canonical\" href=\"https:\/\/lunatools.test.consids5.se\/sv\/product\/matband-ls-stal-15m\/\" \/>\n<meta property=\"og:locale\" content=\"sv_SE\" \/>\n<meta property=\"og:type\" content=\"article\" \/>\n<meta property=\"og:title\" content=\"M\u00c4TBAND LS ST\u00c5L 15M - Luna tools\" \/>\n<meta property=\"og:description\" content=\"M\u00e4tband av st\u00e5l med kapslat hus i slagt\u00e5lig och k\u00f6ldbest\u00e4ndig ABS-plast. Gummidetaljer f\u00f6r \u00f6kad komfort och grepp. Dubbel nylonbel\u00e4ggning p\u00e5 gult matt band f\u00f6r b\u00e4sta synlighet och skydd mot slitage. Resistent mot vatten, grus, damm och de flesta kemikalier. Inf\u00e4llbar vev med v\u00e4xel 3:1 f\u00f6r snabb \u00e5terg\u00e5ng. \u00c4ndhake med b\u00e5de ring och hake. Toleransklass II.\" \/>\n<meta property=\"og:url\" content=\"https:\/\/lunatools.test.consids5.se\/sv\/product\/matband-ls-stal-15m\/\" \/>\n<meta property=\"og:site_name\" content=\"Luna tools\" \/>\n<script type=\"application\/ld+json\" class=\"yoast-schema-graph\">{\"@context\":\"https:\/\/schema.org\",\"@graph\":[{\"@type\":\"WebPage\",\"@id\":\"https:\/\/lunatools.test.consids5.se\/sv\/product\/matband-ls-stal-15m\/\",\"url\":\"https:\/\/lunatools.test.consids5.se\/sv\/product\/matband-ls-stal-15m\/\",\"name\":\"M\u00c4TBAND LS ST\u00c5L 15M - Luna tools\",\"isPartOf\":{\"@id\":\"https:\/\/lunatools.test.consids5.se\/en\/#website\"},\"datePublished\":\"2021-11-04T02:45:22+00:00\",\"dateModified\":\"2021-11-04T02:45:22+00:00\",\"breadcrumb\":{\"@id\":\"https:\/\/lunatools.test.consids5.se\/sv\/product\/matband-ls-stal-15m\/#breadcrumb\"},\"inLanguage\":\"sv-SE\",\"potentialAction\":[{\"@type\":\"ReadAction\",\"target\":[\"https:\/\/lunatools.test.consids5.se\/sv\/product\/matband-ls-stal-15m\/\"]}]},{\"@type\":\"BreadcrumbList\",\"@id\":\"https:\/\/lunatools.test.consids5.se\/sv\/product\/matband-ls-stal-15m\/#breadcrumb\",\"itemListElement\":[{\"@type\":\"ListItem\",\"position\":1,\"name\":\"Home\",\"item\":\"https:\/\/lunatools.test.consids5.se\/sv\/professionella-elverktygstillbehor-lunatools-startpage\/\"},{\"@type\":\"ListItem\",\"position\":2,\"name\":\"Products\",\"item\":\"https:\/\/lunatools.test.consids5.se\/en\/shop\/\"},{\"@type\":\"ListItem\",\"position\":3,\"name\":\"M\u00c4TBAND LS ST\u00c5L 15M\"}]},{\"@type\":\"WebSite\",\"@id\":\"https:\/\/lunatools.test.consids5.se\/en\/#website\",\"url\":\"https:\/\/lunatools.test.consids5.se\/en\/\",\"name\":\"Luna tools\",\"description\":\"\",\"publisher\":{\"@id\":\"https:\/\/lunatools.test.consids5.se\/en\/#organization\"},\"potentialAction\":[{\"@type\":\"SearchAction\",\"target\":{\"@type\":\"EntryPoint\",\"urlTemplate\":\"https:\/\/lunatools.test.consids5.se\/en\/?s={search_term_string}\"},\"query-input\":\"required name=search_term_string\"}],\"inLanguage\":\"sv-SE\"},{\"@type\":\"Organization\",\"@id\":\"https:\/\/lunatools.test.consids5.se\/en\/#organization\",\"name\":\"Luna Tools\",\"url\":\"https:\/\/lunatools.test.consids5.se\/en\/\",\"logo\":{\"@type\":\"ImageObject\",\"inLanguage\":\"sv-SE\",\"@id\":\"https:\/\/lunatools.test.consids5.se\/en\/#\/schema\/logo\/image\/\",\"url\":\"https:\/\/lunatools.com\/wp-content\/uploads\/2019\/10\/LunaTools-gray-logo.png\",\"contentUrl\":\"https:\/\/lunatools.com\/wp-content\/uploads\/2019\/10\/LunaTools-gray-logo.png\",\"width\":795,\"height\":309,\"caption\":\"Luna Tools\"},\"image\":{\"@id\":\"https:\/\/lunatools.test.consids5.se\/en\/#\/schema\/logo\/image\/\"}}]}<\/script>\n<!-- \/ Yoast SEO plugin. -->","yoast_head_json":{"title":"M\u00c4TBAND LS ST\u00c5L 15M - Luna tools","robots":{"index":"index","follow":"follow","max-snippet":"max-snippet:-1","max-image-preview":"max-image-preview:large","max-video-preview":"max-video-preview:-1"},"canonical":"https:\/\/lunatools.test.consids5.se\/sv\/product\/matband-ls-stal-15m\/","og_locale":"sv_SE","og_type":"article","og_title":"M\u00c4TBAND LS ST\u00c5L 15M - Luna tools","og_description":"M\u00e4tband av st\u00e5l med kapslat hus i slagt\u00e5lig och k\u00f6ldbest\u00e4ndig ABS-plast. Gummidetaljer f\u00f6r \u00f6kad komfort och grepp. Dubbel nylonbel\u00e4ggning p\u00e5 gult matt band f\u00f6r b\u00e4sta synlighet och skydd mot slitage. Resistent mot vatten, grus, damm och de flesta kemikalier. Inf\u00e4llbar vev med v\u00e4xel 3:1 f\u00f6r snabb \u00e5terg\u00e5ng. \u00c4ndhake med b\u00e5de ring och hake. Toleransklass II.","og_url":"https:\/\/lunatools.test.consids5.se\/sv\/product\/matband-ls-stal-15m\/","og_site_name":"Luna tools","schema":{"@context":"https:\/\/schema.org","@graph":[{"@type":"WebPage","@id":"https:\/\/lunatools.test.consids5.se\/sv\/product\/matband-ls-stal-15m\/","url":"https:\/\/lunatools.test.consids5.se\/sv\/product\/matband-ls-stal-15m\/","name":"M\u00c4TBAND LS ST\u00c5L 15M - Luna tools","isPartOf":{"@id":"https:\/\/lunatools.test.consids5.se\/en\/#website"},"datePublished":"2021-11-04T02:45:22+00:00","dateModified":"2021-11-04T02:45:22+00:00","breadcrumb":{"@id":"https:\/\/lunatools.test.consids5.se\/sv\/product\/matband-ls-stal-15m\/#breadcrumb"},"inLanguage":"sv-SE","potentialAction":[{"@type":"ReadAction","target":["https:\/\/lunatools.test.consids5.se\/sv\/product\/matband-ls-stal-15m\/"]}]},{"@type":"BreadcrumbList","@id":"https:\/\/lunatools.test.consids5.se\/sv\/product\/matband-ls-stal-15m\/#breadcrumb","itemListElement":[{"@type":"ListItem","position":1,"name":"Home","item":"https:\/\/lunatools.test.consids5.se\/sv\/professionella-elverktygstillbehor-lunatools-startpage\/"},{"@type":"ListItem","position":2,"name":"Products","item":"https:\/\/lunatools.test.consids5.se\/en\/shop\/"},{"@type":"ListItem","position":3,"name":"M\u00c4TBAND LS ST\u00c5L 15M"}]},{"@type":"WebSite","@id":"https:\/\/lunatools.test.consids5.se\/en\/#website","url":"https:\/\/lunatools.test.consids5.se\/en\/","name":"Luna tools","description":"","publisher":{"@id":"https:\/\/lunatools.test.consids5.se\/en\/#organization"},"potentialAction":[{"@type":"SearchAction","target":{"@type":"EntryPoint","urlTemplate":"https:\/\/lunatools.test.consids5.se\/en\/?s={search_term_string}"},"query-input":"required name=search_term_string"}],"inLanguage":"sv-SE"},{"@type":"Organization","@id":"https:\/\/lunatools.test.consids5.se\/en\/#organization","name":"Luna Tools","url":"https:\/\/lunatools.test.consids5.se\/en\/","logo":{"@type":"ImageObject","inLanguage":"sv-SE","@id":"https:\/\/lunatools.test.consids5.se\/en\/#\/schema\/logo\/image\/","url":"https:\/\/lunatools.com\/wp-content\/uploads\/2019\/10\/LunaTools-gray-logo.png","contentUrl":"https:\/\/lunatools.com\/wp-content\/uploads\/2019\/10\/LunaTools-gray-logo.png","width":795,"height":309,"caption":"Luna Tools"},"image":{"@id":"https:\/\/lunatools.test.consids5.se\/en\/#\/schema\/logo\/image\/"}}]}},"_links":{"self":[{"href":"https:\/\/lunatools.test.consids5.se\/sv\/wp-json\/wp\/v2\/product\/11233"}],"collection":[{"href":"https:\/\/lunatools.test.consids5.se\/sv\/wp-json\/wp\/v2\/product"}],"about":[{"href":"https:\/\/lunatools.test.consids5.se\/sv\/wp-json\/wp\/v2\/types\/product"}],"wp:attachment":[{"href":"https:\/\/lunatools.test.consids5.se\/sv\/wp-json\/wp\/v2\/media?parent=11233"}],"wp:term":[{"taxonomy":"product_cat","embeddable":true,"href":"https:\/\/lunatools.test.consids5.se\/sv\/wp-json\/wp\/v2\/product_cat?post=11233"},{"taxonomy":"product_tag","embeddable":true,"href":"https:\/\/lunatools.test.consids5.se\/sv\/wp-json\/wp\/v2\/product_tag?post=11233"}],"curies":[{"name":"wp","href":"https:\/\/api.w.org\/{rel}","templated":true}]}}