{"id":11411,"date":"2021-11-04T02:50:14","date_gmt":"2021-11-04T02:50:14","guid":{"rendered":"https:\/\/lunatools.com\/product\/snickarhammare-l-evo-22oz\/"},"modified":"2021-11-04T02:50:14","modified_gmt":"2021-11-04T02:50:14","slug":"snickarhammare-l-evo-22oz","status":"publish","type":"product","link":"https:\/\/lunatools.test.consids5.se\/sv\/product\/snickarhammare-l-evo-22oz\/","title":{"rendered":"SNICKARHAMMARE L-EVO 22OZ"},"content":{"rendered":"<p>Snickarhammare som \u00e4r smidd i ett stycke. Mycket stark och smidig konstruktion som motverkar och reduserar vibrationer mellan slag och handtag.  Spikh\u00e5llare med magnet. B\u00f6jd och extra tunnslipad klys som l\u00e4tt f\u00e5r grepp under spik eller lister som skall brytas upp. V\u00e4lformat handtag med specialgummi f\u00f6r b\u00e4sta grepp och komfort oavsett v\u00e4der. \u00c4ndstopp med h\u00e5l f\u00f6r verktygss\u00e4kring.<\/p>\n","protected":false},"excerpt":{"rendered":"Snickarhammare som \u00e4r smidd i ett stycke. Mycket stark och smidig konstruktion som motverkar och reduserar vibrationer mellan slag och handtag. Spikh\u00e5llare med magnet. B\u00f6jd och extra tunnslipad klys som l\u00e4tt f\u00e5r grepp under spik eller lister som skall brytas upp. V\u00e4lformat handtag med specialgummi f\u00f6r b\u00e4sta grepp och komfort oavsett v\u00e4der. \u00c4ndstopp med h\u00e5l&#8230; <a class=\"view-article\" href=\"https:\/\/lunatools.test.consids5.se\/sv\/product\/snickarhammare-l-evo-22oz\/\">View Article<\/a>","protected":false},"featured_media":0,"template":"","meta":{"_acf_changed":false},"product_cat":[593,594],"product_tag":[],"class_list":{"0":"post-11411","1":"product","2":"type-product","3":"status-publish","5":"product_cat-snickarhammare-sv","6":"product_cat-snickarhammare-smidd-sv","8":"first","9":"instock","10":"shipping-taxable","11":"product-type-simple"},"acf":[],"yoast_head":"<!-- This site is optimized with the Yoast SEO plugin v23.2 - https:\/\/yoast.com\/wordpress\/plugins\/seo\/ -->\n<title>SNICKARHAMMARE L-EVO 22OZ - Luna tools<\/title>\n<meta name=\"robots\" content=\"index, follow, max-snippet:-1, max-image-preview:large, max-video-preview:-1\" \/>\n<link rel=\"canonical\" href=\"https:\/\/lunatools.test.consids5.se\/sv\/product\/snickarhammare-l-evo-22oz\/\" \/>\n<meta property=\"og:locale\" content=\"sv_SE\" \/>\n<meta property=\"og:type\" content=\"article\" \/>\n<meta property=\"og:title\" content=\"SNICKARHAMMARE L-EVO 22OZ - Luna tools\" \/>\n<meta property=\"og:description\" content=\"Snickarhammare som \u00e4r smidd i ett stycke. Mycket stark och smidig konstruktion som motverkar och reduserar vibrationer mellan slag och handtag. Spikh\u00e5llare med magnet. B\u00f6jd och extra tunnslipad klys som l\u00e4tt f\u00e5r grepp under spik eller lister som skall brytas upp. V\u00e4lformat handtag med specialgummi f\u00f6r b\u00e4sta grepp och komfort oavsett v\u00e4der. \u00c4ndstopp med h\u00e5l... View Article\" \/>\n<meta property=\"og:url\" content=\"https:\/\/lunatools.test.consids5.se\/sv\/product\/snickarhammare-l-evo-22oz\/\" \/>\n<meta property=\"og:site_name\" content=\"Luna tools\" \/>\n<script type=\"application\/ld+json\" class=\"yoast-schema-graph\">{\"@context\":\"https:\/\/schema.org\",\"@graph\":[{\"@type\":\"WebPage\",\"@id\":\"https:\/\/lunatools.test.consids5.se\/sv\/product\/snickarhammare-l-evo-22oz\/\",\"url\":\"https:\/\/lunatools.test.consids5.se\/sv\/product\/snickarhammare-l-evo-22oz\/\",\"name\":\"SNICKARHAMMARE L-EVO 22OZ - Luna tools\",\"isPartOf\":{\"@id\":\"https:\/\/lunatools.test.consids5.se\/en\/#website\"},\"datePublished\":\"2021-11-04T02:50:14+00:00\",\"dateModified\":\"2021-11-04T02:50:14+00:00\",\"breadcrumb\":{\"@id\":\"https:\/\/lunatools.test.consids5.se\/sv\/product\/snickarhammare-l-evo-22oz\/#breadcrumb\"},\"inLanguage\":\"sv-SE\",\"potentialAction\":[{\"@type\":\"ReadAction\",\"target\":[\"https:\/\/lunatools.test.consids5.se\/sv\/product\/snickarhammare-l-evo-22oz\/\"]}]},{\"@type\":\"BreadcrumbList\",\"@id\":\"https:\/\/lunatools.test.consids5.se\/sv\/product\/snickarhammare-l-evo-22oz\/#breadcrumb\",\"itemListElement\":[{\"@type\":\"ListItem\",\"position\":1,\"name\":\"Home\",\"item\":\"https:\/\/lunatools.test.consids5.se\/sv\/professionella-elverktygstillbehor-lunatools-startpage\/\"},{\"@type\":\"ListItem\",\"position\":2,\"name\":\"Products\",\"item\":\"https:\/\/lunatools.test.consids5.se\/en\/shop\/\"},{\"@type\":\"ListItem\",\"position\":3,\"name\":\"SNICKARHAMMARE L-EVO 22OZ\"}]},{\"@type\":\"WebSite\",\"@id\":\"https:\/\/lunatools.test.consids5.se\/en\/#website\",\"url\":\"https:\/\/lunatools.test.consids5.se\/en\/\",\"name\":\"Luna tools\",\"description\":\"\",\"publisher\":{\"@id\":\"https:\/\/lunatools.test.consids5.se\/en\/#organization\"},\"potentialAction\":[{\"@type\":\"SearchAction\",\"target\":{\"@type\":\"EntryPoint\",\"urlTemplate\":\"https:\/\/lunatools.test.consids5.se\/en\/?s={search_term_string}\"},\"query-input\":\"required name=search_term_string\"}],\"inLanguage\":\"sv-SE\"},{\"@type\":\"Organization\",\"@id\":\"https:\/\/lunatools.test.consids5.se\/en\/#organization\",\"name\":\"Luna Tools\",\"url\":\"https:\/\/lunatools.test.consids5.se\/en\/\",\"logo\":{\"@type\":\"ImageObject\",\"inLanguage\":\"sv-SE\",\"@id\":\"https:\/\/lunatools.test.consids5.se\/en\/#\/schema\/logo\/image\/\",\"url\":\"https:\/\/lunatools.com\/wp-content\/uploads\/2019\/10\/LunaTools-gray-logo.png\",\"contentUrl\":\"https:\/\/lunatools.com\/wp-content\/uploads\/2019\/10\/LunaTools-gray-logo.png\",\"width\":795,\"height\":309,\"caption\":\"Luna Tools\"},\"image\":{\"@id\":\"https:\/\/lunatools.test.consids5.se\/en\/#\/schema\/logo\/image\/\"}}]}<\/script>\n<!-- \/ Yoast SEO plugin. -->","yoast_head_json":{"title":"SNICKARHAMMARE L-EVO 22OZ - Luna tools","robots":{"index":"index","follow":"follow","max-snippet":"max-snippet:-1","max-image-preview":"max-image-preview:large","max-video-preview":"max-video-preview:-1"},"canonical":"https:\/\/lunatools.test.consids5.se\/sv\/product\/snickarhammare-l-evo-22oz\/","og_locale":"sv_SE","og_type":"article","og_title":"SNICKARHAMMARE L-EVO 22OZ - Luna tools","og_description":"Snickarhammare som \u00e4r smidd i ett stycke. Mycket stark och smidig konstruktion som motverkar och reduserar vibrationer mellan slag och handtag. Spikh\u00e5llare med magnet. B\u00f6jd och extra tunnslipad klys som l\u00e4tt f\u00e5r grepp under spik eller lister som skall brytas upp. V\u00e4lformat handtag med specialgummi f\u00f6r b\u00e4sta grepp och komfort oavsett v\u00e4der. \u00c4ndstopp med h\u00e5l... View Article","og_url":"https:\/\/lunatools.test.consids5.se\/sv\/product\/snickarhammare-l-evo-22oz\/","og_site_name":"Luna tools","schema":{"@context":"https:\/\/schema.org","@graph":[{"@type":"WebPage","@id":"https:\/\/lunatools.test.consids5.se\/sv\/product\/snickarhammare-l-evo-22oz\/","url":"https:\/\/lunatools.test.consids5.se\/sv\/product\/snickarhammare-l-evo-22oz\/","name":"SNICKARHAMMARE L-EVO 22OZ - Luna tools","isPartOf":{"@id":"https:\/\/lunatools.test.consids5.se\/en\/#website"},"datePublished":"2021-11-04T02:50:14+00:00","dateModified":"2021-11-04T02:50:14+00:00","breadcrumb":{"@id":"https:\/\/lunatools.test.consids5.se\/sv\/product\/snickarhammare-l-evo-22oz\/#breadcrumb"},"inLanguage":"sv-SE","potentialAction":[{"@type":"ReadAction","target":["https:\/\/lunatools.test.consids5.se\/sv\/product\/snickarhammare-l-evo-22oz\/"]}]},{"@type":"BreadcrumbList","@id":"https:\/\/lunatools.test.consids5.se\/sv\/product\/snickarhammare-l-evo-22oz\/#breadcrumb","itemListElement":[{"@type":"ListItem","position":1,"name":"Home","item":"https:\/\/lunatools.test.consids5.se\/sv\/professionella-elverktygstillbehor-lunatools-startpage\/"},{"@type":"ListItem","position":2,"name":"Products","item":"https:\/\/lunatools.test.consids5.se\/en\/shop\/"},{"@type":"ListItem","position":3,"name":"SNICKARHAMMARE L-EVO 22OZ"}]},{"@type":"WebSite","@id":"https:\/\/lunatools.test.consids5.se\/en\/#website","url":"https:\/\/lunatools.test.consids5.se\/en\/","name":"Luna tools","description":"","publisher":{"@id":"https:\/\/lunatools.test.consids5.se\/en\/#organization"},"potentialAction":[{"@type":"SearchAction","target":{"@type":"EntryPoint","urlTemplate":"https:\/\/lunatools.test.consids5.se\/en\/?s={search_term_string}"},"query-input":"required name=search_term_string"}],"inLanguage":"sv-SE"},{"@type":"Organization","@id":"https:\/\/lunatools.test.consids5.se\/en\/#organization","name":"Luna Tools","url":"https:\/\/lunatools.test.consids5.se\/en\/","logo":{"@type":"ImageObject","inLanguage":"sv-SE","@id":"https:\/\/lunatools.test.consids5.se\/en\/#\/schema\/logo\/image\/","url":"https:\/\/lunatools.com\/wp-content\/uploads\/2019\/10\/LunaTools-gray-logo.png","contentUrl":"https:\/\/lunatools.com\/wp-content\/uploads\/2019\/10\/LunaTools-gray-logo.png","width":795,"height":309,"caption":"Luna Tools"},"image":{"@id":"https:\/\/lunatools.test.consids5.se\/en\/#\/schema\/logo\/image\/"}}]}},"_links":{"self":[{"href":"https:\/\/lunatools.test.consids5.se\/sv\/wp-json\/wp\/v2\/product\/11411"}],"collection":[{"href":"https:\/\/lunatools.test.consids5.se\/sv\/wp-json\/wp\/v2\/product"}],"about":[{"href":"https:\/\/lunatools.test.consids5.se\/sv\/wp-json\/wp\/v2\/types\/product"}],"wp:attachment":[{"href":"https:\/\/lunatools.test.consids5.se\/sv\/wp-json\/wp\/v2\/media?parent=11411"}],"wp:term":[{"taxonomy":"product_cat","embeddable":true,"href":"https:\/\/lunatools.test.consids5.se\/sv\/wp-json\/wp\/v2\/product_cat?post=11411"},{"taxonomy":"product_tag","embeddable":true,"href":"https:\/\/lunatools.test.consids5.se\/sv\/wp-json\/wp\/v2\/product_tag?post=11411"}],"curies":[{"name":"wp","href":"https:\/\/api.w.org\/{rel}","templated":true}]}}