{"id":12307,"date":"2021-11-04T02:50:19","date_gmt":"2021-11-04T02:50:19","guid":{"rendered":"http:\/\/lunatools.com\/product\/brytbladskniv-plast-25mm\/"},"modified":"2021-11-04T02:50:19","modified_gmt":"2021-11-04T02:50:19","slug":"brytbladskniv-plast-25mm","status":"publish","type":"product","link":"https:\/\/lunatools.test.consids5.se\/sv\/product\/brytbladskniv-plast-25mm\/","title":{"rendered":"BRYTBLADSKNIV PLAST 25MM"},"content":{"rendered":"<p>Brytbladskniv med hus av ABS-plast och mjuka ergonomiska gummidetaljer f\u00f6r komfortabel anv\u00e4ndning. Dubbel bladfunktion. Den fr\u00e4mre knappen skjuter fram bladet 15mm och har automatisk returfj\u00e4der, perfekt f\u00f6r paket\u00f6ppning eller andra snabba sk\u00e4rbehov. Den bakre knappen skjuter fram bladet till \u00f6nskat utstick. Det bakre plastlocket kan tas av och anv\u00e4ndas som brytverktyg f\u00f6r nytt blad. levereras med SK2H blad. H\u00e5l f\u00f6r verktygss\u00e4kring.<\/p>\n","protected":false},"excerpt":{"rendered":"Brytbladskniv med hus av ABS-plast och mjuka ergonomiska gummidetaljer f\u00f6r komfortabel anv\u00e4ndning. Dubbel bladfunktion. Den fr\u00e4mre knappen skjuter fram bladet 15mm och har automatisk returfj\u00e4der, perfekt f\u00f6r paket\u00f6ppning eller andra snabba sk\u00e4rbehov. Den bakre knappen skjuter fram bladet till \u00f6nskat utstick. Det bakre plastlocket kan tas av och anv\u00e4ndas som brytverktyg f\u00f6r nytt blad. levereras&#8230; <a class=\"view-article\" href=\"https:\/\/lunatools.test.consids5.se\/sv\/product\/brytbladskniv-plast-25mm\/\">View Article<\/a>","protected":false},"featured_media":0,"template":"","meta":{"_acf_changed":false},"product_cat":[473,603],"product_tag":[],"class_list":{"0":"post-12307","1":"product","2":"type-product","3":"status-publish","5":"product_cat-knivar-sv","6":"product_cat-brytbladskniv-sv","8":"first","9":"instock","10":"shipping-taxable","11":"product-type-simple"},"acf":[],"yoast_head":"<!-- This site is optimized with the Yoast SEO plugin v23.2 - https:\/\/yoast.com\/wordpress\/plugins\/seo\/ -->\n<title>BRYTBLADSKNIV PLAST 25MM - Luna tools<\/title>\n<meta name=\"robots\" content=\"index, follow, max-snippet:-1, max-image-preview:large, max-video-preview:-1\" \/>\n<link rel=\"canonical\" href=\"https:\/\/lunatools.test.consids5.se\/sv\/product\/brytbladskniv-plast-25mm\/\" \/>\n<meta property=\"og:locale\" content=\"sv_SE\" \/>\n<meta property=\"og:type\" content=\"article\" \/>\n<meta property=\"og:title\" content=\"BRYTBLADSKNIV PLAST 25MM - Luna tools\" \/>\n<meta property=\"og:description\" content=\"Brytbladskniv med hus av ABS-plast och mjuka ergonomiska gummidetaljer f\u00f6r komfortabel anv\u00e4ndning. Dubbel bladfunktion. Den fr\u00e4mre knappen skjuter fram bladet 15mm och har automatisk returfj\u00e4der, perfekt f\u00f6r paket\u00f6ppning eller andra snabba sk\u00e4rbehov. Den bakre knappen skjuter fram bladet till \u00f6nskat utstick. Det bakre plastlocket kan tas av och anv\u00e4ndas som brytverktyg f\u00f6r nytt blad. levereras... View Article\" \/>\n<meta property=\"og:url\" content=\"https:\/\/lunatools.test.consids5.se\/sv\/product\/brytbladskniv-plast-25mm\/\" \/>\n<meta property=\"og:site_name\" content=\"Luna tools\" \/>\n<script type=\"application\/ld+json\" class=\"yoast-schema-graph\">{\"@context\":\"https:\/\/schema.org\",\"@graph\":[{\"@type\":\"WebPage\",\"@id\":\"https:\/\/lunatools.test.consids5.se\/sv\/product\/brytbladskniv-plast-25mm\/\",\"url\":\"https:\/\/lunatools.test.consids5.se\/sv\/product\/brytbladskniv-plast-25mm\/\",\"name\":\"BRYTBLADSKNIV PLAST 25MM - Luna tools\",\"isPartOf\":{\"@id\":\"https:\/\/lunatools.test.consids5.se\/en\/#website\"},\"datePublished\":\"2021-11-04T02:50:19+00:00\",\"dateModified\":\"2021-11-04T02:50:19+00:00\",\"breadcrumb\":{\"@id\":\"https:\/\/lunatools.test.consids5.se\/sv\/product\/brytbladskniv-plast-25mm\/#breadcrumb\"},\"inLanguage\":\"sv-SE\",\"potentialAction\":[{\"@type\":\"ReadAction\",\"target\":[\"https:\/\/lunatools.test.consids5.se\/sv\/product\/brytbladskniv-plast-25mm\/\"]}]},{\"@type\":\"BreadcrumbList\",\"@id\":\"https:\/\/lunatools.test.consids5.se\/sv\/product\/brytbladskniv-plast-25mm\/#breadcrumb\",\"itemListElement\":[{\"@type\":\"ListItem\",\"position\":1,\"name\":\"Home\",\"item\":\"https:\/\/lunatools.test.consids5.se\/sv\/professionella-elverktygstillbehor-lunatools-startpage\/\"},{\"@type\":\"ListItem\",\"position\":2,\"name\":\"Products\",\"item\":\"https:\/\/lunatools.test.consids5.se\/en\/shop\/\"},{\"@type\":\"ListItem\",\"position\":3,\"name\":\"BRYTBLADSKNIV PLAST 25MM\"}]},{\"@type\":\"WebSite\",\"@id\":\"https:\/\/lunatools.test.consids5.se\/en\/#website\",\"url\":\"https:\/\/lunatools.test.consids5.se\/en\/\",\"name\":\"Luna tools\",\"description\":\"\",\"publisher\":{\"@id\":\"https:\/\/lunatools.test.consids5.se\/en\/#organization\"},\"potentialAction\":[{\"@type\":\"SearchAction\",\"target\":{\"@type\":\"EntryPoint\",\"urlTemplate\":\"https:\/\/lunatools.test.consids5.se\/en\/?s={search_term_string}\"},\"query-input\":\"required name=search_term_string\"}],\"inLanguage\":\"sv-SE\"},{\"@type\":\"Organization\",\"@id\":\"https:\/\/lunatools.test.consids5.se\/en\/#organization\",\"name\":\"Luna Tools\",\"url\":\"https:\/\/lunatools.test.consids5.se\/en\/\",\"logo\":{\"@type\":\"ImageObject\",\"inLanguage\":\"sv-SE\",\"@id\":\"https:\/\/lunatools.test.consids5.se\/en\/#\/schema\/logo\/image\/\",\"url\":\"https:\/\/lunatools.com\/wp-content\/uploads\/2019\/10\/LunaTools-gray-logo.png\",\"contentUrl\":\"https:\/\/lunatools.com\/wp-content\/uploads\/2019\/10\/LunaTools-gray-logo.png\",\"width\":795,\"height\":309,\"caption\":\"Luna Tools\"},\"image\":{\"@id\":\"https:\/\/lunatools.test.consids5.se\/en\/#\/schema\/logo\/image\/\"}}]}<\/script>\n<!-- \/ Yoast SEO plugin. -->","yoast_head_json":{"title":"BRYTBLADSKNIV PLAST 25MM - Luna tools","robots":{"index":"index","follow":"follow","max-snippet":"max-snippet:-1","max-image-preview":"max-image-preview:large","max-video-preview":"max-video-preview:-1"},"canonical":"https:\/\/lunatools.test.consids5.se\/sv\/product\/brytbladskniv-plast-25mm\/","og_locale":"sv_SE","og_type":"article","og_title":"BRYTBLADSKNIV PLAST 25MM - Luna tools","og_description":"Brytbladskniv med hus av ABS-plast och mjuka ergonomiska gummidetaljer f\u00f6r komfortabel anv\u00e4ndning. Dubbel bladfunktion. Den fr\u00e4mre knappen skjuter fram bladet 15mm och har automatisk returfj\u00e4der, perfekt f\u00f6r paket\u00f6ppning eller andra snabba sk\u00e4rbehov. Den bakre knappen skjuter fram bladet till \u00f6nskat utstick. Det bakre plastlocket kan tas av och anv\u00e4ndas som brytverktyg f\u00f6r nytt blad. levereras... View Article","og_url":"https:\/\/lunatools.test.consids5.se\/sv\/product\/brytbladskniv-plast-25mm\/","og_site_name":"Luna tools","schema":{"@context":"https:\/\/schema.org","@graph":[{"@type":"WebPage","@id":"https:\/\/lunatools.test.consids5.se\/sv\/product\/brytbladskniv-plast-25mm\/","url":"https:\/\/lunatools.test.consids5.se\/sv\/product\/brytbladskniv-plast-25mm\/","name":"BRYTBLADSKNIV PLAST 25MM - Luna tools","isPartOf":{"@id":"https:\/\/lunatools.test.consids5.se\/en\/#website"},"datePublished":"2021-11-04T02:50:19+00:00","dateModified":"2021-11-04T02:50:19+00:00","breadcrumb":{"@id":"https:\/\/lunatools.test.consids5.se\/sv\/product\/brytbladskniv-plast-25mm\/#breadcrumb"},"inLanguage":"sv-SE","potentialAction":[{"@type":"ReadAction","target":["https:\/\/lunatools.test.consids5.se\/sv\/product\/brytbladskniv-plast-25mm\/"]}]},{"@type":"BreadcrumbList","@id":"https:\/\/lunatools.test.consids5.se\/sv\/product\/brytbladskniv-plast-25mm\/#breadcrumb","itemListElement":[{"@type":"ListItem","position":1,"name":"Home","item":"https:\/\/lunatools.test.consids5.se\/sv\/professionella-elverktygstillbehor-lunatools-startpage\/"},{"@type":"ListItem","position":2,"name":"Products","item":"https:\/\/lunatools.test.consids5.se\/en\/shop\/"},{"@type":"ListItem","position":3,"name":"BRYTBLADSKNIV PLAST 25MM"}]},{"@type":"WebSite","@id":"https:\/\/lunatools.test.consids5.se\/en\/#website","url":"https:\/\/lunatools.test.consids5.se\/en\/","name":"Luna tools","description":"","publisher":{"@id":"https:\/\/lunatools.test.consids5.se\/en\/#organization"},"potentialAction":[{"@type":"SearchAction","target":{"@type":"EntryPoint","urlTemplate":"https:\/\/lunatools.test.consids5.se\/en\/?s={search_term_string}"},"query-input":"required name=search_term_string"}],"inLanguage":"sv-SE"},{"@type":"Organization","@id":"https:\/\/lunatools.test.consids5.se\/en\/#organization","name":"Luna Tools","url":"https:\/\/lunatools.test.consids5.se\/en\/","logo":{"@type":"ImageObject","inLanguage":"sv-SE","@id":"https:\/\/lunatools.test.consids5.se\/en\/#\/schema\/logo\/image\/","url":"https:\/\/lunatools.com\/wp-content\/uploads\/2019\/10\/LunaTools-gray-logo.png","contentUrl":"https:\/\/lunatools.com\/wp-content\/uploads\/2019\/10\/LunaTools-gray-logo.png","width":795,"height":309,"caption":"Luna Tools"},"image":{"@id":"https:\/\/lunatools.test.consids5.se\/en\/#\/schema\/logo\/image\/"}}]}},"_links":{"self":[{"href":"https:\/\/lunatools.test.consids5.se\/sv\/wp-json\/wp\/v2\/product\/12307"}],"collection":[{"href":"https:\/\/lunatools.test.consids5.se\/sv\/wp-json\/wp\/v2\/product"}],"about":[{"href":"https:\/\/lunatools.test.consids5.se\/sv\/wp-json\/wp\/v2\/types\/product"}],"wp:attachment":[{"href":"https:\/\/lunatools.test.consids5.se\/sv\/wp-json\/wp\/v2\/media?parent=12307"}],"wp:term":[{"taxonomy":"product_cat","embeddable":true,"href":"https:\/\/lunatools.test.consids5.se\/sv\/wp-json\/wp\/v2\/product_cat?post=12307"},{"taxonomy":"product_tag","embeddable":true,"href":"https:\/\/lunatools.test.consids5.se\/sv\/wp-json\/wp\/v2\/product_tag?post=12307"}],"curies":[{"name":"wp","href":"https:\/\/api.w.org\/{rel}","templated":true}]}}