{"id":12462,"date":"2021-11-04T02:55:23","date_gmt":"2021-11-04T02:55:23","guid":{"rendered":"http:\/\/lunatools.com\/product\/tigersagb-150x25x1-25-6-8tpi-2\/"},"modified":"2021-11-04T02:55:23","modified_gmt":"2021-11-04T02:55:23","slug":"tigersagb-150x25x1-25-6-8tpi-2","status":"publish","type":"product","link":"https:\/\/lunatools.test.consids5.se\/sv\/product\/tigersagb-150x25x1-25-6-8tpi-2\/","title":{"rendered":"TIGERS\u00c5GB 150X25X1.25 6-8TPI"},"content":{"rendered":"<p>Progressive. S\u00e5gblad med h\u00e5rdmetallt\u00e4nder f\u00f6r elektriska tigers\u00e5gar. H\u00e5rdmetallt\u00e4nder f\u00f6r l\u00e5ng livsl\u00e4ngd och s\u00e5gning av de h\u00e5rdaste material. Individuellt slipade t\u00e4nder f\u00f6r h\u00f6g flexibilitet och sk\u00e4rf\u00f6rm\u00e5ga f\u00f6r de allra tuffaste demoleringsjobb. Progressiv tanddelning f\u00f6r b\u00e5de tjocka och tunna material. Extra tjockt f\u00f6r optimal stabilitet. L\u00e4mpliga f\u00f6r bearbetning av tr\u00e4 med spik, st\u00e5l och metallprofiler. Levereras i SB-f\u00f6rpackning om 1 eller 3 blad.<\/p>\n","protected":false},"excerpt":{"rendered":"Progressive. S\u00e5gblad med h\u00e5rdmetallt\u00e4nder f\u00f6r elektriska tigers\u00e5gar. H\u00e5rdmetallt\u00e4nder f\u00f6r l\u00e5ng livsl\u00e4ngd och s\u00e5gning av de h\u00e5rdaste material. Individuellt slipade t\u00e4nder f\u00f6r h\u00f6g flexibilitet och sk\u00e4rf\u00f6rm\u00e5ga f\u00f6r de allra tuffaste demoleringsjobb. Progressiv tanddelning f\u00f6r b\u00e5de tjocka och tunna material. Extra tjockt f\u00f6r optimal stabilitet. L\u00e4mpliga f\u00f6r bearbetning av tr\u00e4 med spik, st\u00e5l och metallprofiler. Levereras i&#8230; <a class=\"view-article\" href=\"https:\/\/lunatools.test.consids5.se\/sv\/product\/tigersagb-150x25x1-25-6-8tpi-2\/\">View Article<\/a>","protected":false},"featured_media":0,"template":"","meta":{"_acf_changed":false},"product_cat":[395,435],"product_tag":[],"class_list":{"0":"post-12462","1":"product","2":"type-product","3":"status-publish","5":"product_cat-sagblad-sv","6":"product_cat-tigersagblad-sv","8":"first","9":"instock","10":"shipping-taxable","11":"product-type-simple"},"acf":[],"yoast_head":"<!-- This site is optimized with the Yoast SEO plugin v23.2 - https:\/\/yoast.com\/wordpress\/plugins\/seo\/ -->\n<title>TIGERS\u00c5GB 150X25X1.25 6-8TPI - Luna tools<\/title>\n<meta name=\"robots\" content=\"index, follow, max-snippet:-1, max-image-preview:large, max-video-preview:-1\" \/>\n<link rel=\"canonical\" href=\"https:\/\/lunatools.test.consids5.se\/sv\/product\/tigersagb-150x25x1-25-6-8tpi-2\/\" \/>\n<meta property=\"og:locale\" content=\"sv_SE\" \/>\n<meta property=\"og:type\" content=\"article\" \/>\n<meta property=\"og:title\" content=\"TIGERS\u00c5GB 150X25X1.25 6-8TPI - Luna tools\" \/>\n<meta property=\"og:description\" content=\"Progressive. S\u00e5gblad med h\u00e5rdmetallt\u00e4nder f\u00f6r elektriska tigers\u00e5gar. H\u00e5rdmetallt\u00e4nder f\u00f6r l\u00e5ng livsl\u00e4ngd och s\u00e5gning av de h\u00e5rdaste material. Individuellt slipade t\u00e4nder f\u00f6r h\u00f6g flexibilitet och sk\u00e4rf\u00f6rm\u00e5ga f\u00f6r de allra tuffaste demoleringsjobb. Progressiv tanddelning f\u00f6r b\u00e5de tjocka och tunna material. Extra tjockt f\u00f6r optimal stabilitet. L\u00e4mpliga f\u00f6r bearbetning av tr\u00e4 med spik, st\u00e5l och metallprofiler. Levereras i... View Article\" \/>\n<meta property=\"og:url\" content=\"https:\/\/lunatools.test.consids5.se\/sv\/product\/tigersagb-150x25x1-25-6-8tpi-2\/\" \/>\n<meta property=\"og:site_name\" content=\"Luna tools\" \/>\n<script type=\"application\/ld+json\" class=\"yoast-schema-graph\">{\"@context\":\"https:\/\/schema.org\",\"@graph\":[{\"@type\":\"WebPage\",\"@id\":\"https:\/\/lunatools.test.consids5.se\/sv\/product\/tigersagb-150x25x1-25-6-8tpi-2\/\",\"url\":\"https:\/\/lunatools.test.consids5.se\/sv\/product\/tigersagb-150x25x1-25-6-8tpi-2\/\",\"name\":\"TIGERS\u00c5GB 150X25X1.25 6-8TPI - Luna tools\",\"isPartOf\":{\"@id\":\"https:\/\/lunatools.test.consids5.se\/en\/#website\"},\"datePublished\":\"2021-11-04T02:55:23+00:00\",\"dateModified\":\"2021-11-04T02:55:23+00:00\",\"breadcrumb\":{\"@id\":\"https:\/\/lunatools.test.consids5.se\/sv\/product\/tigersagb-150x25x1-25-6-8tpi-2\/#breadcrumb\"},\"inLanguage\":\"sv-SE\",\"potentialAction\":[{\"@type\":\"ReadAction\",\"target\":[\"https:\/\/lunatools.test.consids5.se\/sv\/product\/tigersagb-150x25x1-25-6-8tpi-2\/\"]}]},{\"@type\":\"BreadcrumbList\",\"@id\":\"https:\/\/lunatools.test.consids5.se\/sv\/product\/tigersagb-150x25x1-25-6-8tpi-2\/#breadcrumb\",\"itemListElement\":[{\"@type\":\"ListItem\",\"position\":1,\"name\":\"Home\",\"item\":\"https:\/\/lunatools.test.consids5.se\/sv\/professionella-elverktygstillbehor-lunatools-startpage\/\"},{\"@type\":\"ListItem\",\"position\":2,\"name\":\"Products\",\"item\":\"https:\/\/lunatools.test.consids5.se\/en\/shop\/\"},{\"@type\":\"ListItem\",\"position\":3,\"name\":\"TIGERS\u00c5GB 150X25X1.25 6-8TPI\"}]},{\"@type\":\"WebSite\",\"@id\":\"https:\/\/lunatools.test.consids5.se\/en\/#website\",\"url\":\"https:\/\/lunatools.test.consids5.se\/en\/\",\"name\":\"Luna tools\",\"description\":\"\",\"publisher\":{\"@id\":\"https:\/\/lunatools.test.consids5.se\/en\/#organization\"},\"potentialAction\":[{\"@type\":\"SearchAction\",\"target\":{\"@type\":\"EntryPoint\",\"urlTemplate\":\"https:\/\/lunatools.test.consids5.se\/en\/?s={search_term_string}\"},\"query-input\":\"required name=search_term_string\"}],\"inLanguage\":\"sv-SE\"},{\"@type\":\"Organization\",\"@id\":\"https:\/\/lunatools.test.consids5.se\/en\/#organization\",\"name\":\"Luna Tools\",\"url\":\"https:\/\/lunatools.test.consids5.se\/en\/\",\"logo\":{\"@type\":\"ImageObject\",\"inLanguage\":\"sv-SE\",\"@id\":\"https:\/\/lunatools.test.consids5.se\/en\/#\/schema\/logo\/image\/\",\"url\":\"https:\/\/lunatools.com\/wp-content\/uploads\/2019\/10\/LunaTools-gray-logo.png\",\"contentUrl\":\"https:\/\/lunatools.com\/wp-content\/uploads\/2019\/10\/LunaTools-gray-logo.png\",\"width\":795,\"height\":309,\"caption\":\"Luna Tools\"},\"image\":{\"@id\":\"https:\/\/lunatools.test.consids5.se\/en\/#\/schema\/logo\/image\/\"}}]}<\/script>\n<!-- \/ Yoast SEO plugin. -->","yoast_head_json":{"title":"TIGERS\u00c5GB 150X25X1.25 6-8TPI - Luna tools","robots":{"index":"index","follow":"follow","max-snippet":"max-snippet:-1","max-image-preview":"max-image-preview:large","max-video-preview":"max-video-preview:-1"},"canonical":"https:\/\/lunatools.test.consids5.se\/sv\/product\/tigersagb-150x25x1-25-6-8tpi-2\/","og_locale":"sv_SE","og_type":"article","og_title":"TIGERS\u00c5GB 150X25X1.25 6-8TPI - Luna tools","og_description":"Progressive. S\u00e5gblad med h\u00e5rdmetallt\u00e4nder f\u00f6r elektriska tigers\u00e5gar. H\u00e5rdmetallt\u00e4nder f\u00f6r l\u00e5ng livsl\u00e4ngd och s\u00e5gning av de h\u00e5rdaste material. Individuellt slipade t\u00e4nder f\u00f6r h\u00f6g flexibilitet och sk\u00e4rf\u00f6rm\u00e5ga f\u00f6r de allra tuffaste demoleringsjobb. Progressiv tanddelning f\u00f6r b\u00e5de tjocka och tunna material. Extra tjockt f\u00f6r optimal stabilitet. L\u00e4mpliga f\u00f6r bearbetning av tr\u00e4 med spik, st\u00e5l och metallprofiler. Levereras i... View Article","og_url":"https:\/\/lunatools.test.consids5.se\/sv\/product\/tigersagb-150x25x1-25-6-8tpi-2\/","og_site_name":"Luna tools","schema":{"@context":"https:\/\/schema.org","@graph":[{"@type":"WebPage","@id":"https:\/\/lunatools.test.consids5.se\/sv\/product\/tigersagb-150x25x1-25-6-8tpi-2\/","url":"https:\/\/lunatools.test.consids5.se\/sv\/product\/tigersagb-150x25x1-25-6-8tpi-2\/","name":"TIGERS\u00c5GB 150X25X1.25 6-8TPI - Luna tools","isPartOf":{"@id":"https:\/\/lunatools.test.consids5.se\/en\/#website"},"datePublished":"2021-11-04T02:55:23+00:00","dateModified":"2021-11-04T02:55:23+00:00","breadcrumb":{"@id":"https:\/\/lunatools.test.consids5.se\/sv\/product\/tigersagb-150x25x1-25-6-8tpi-2\/#breadcrumb"},"inLanguage":"sv-SE","potentialAction":[{"@type":"ReadAction","target":["https:\/\/lunatools.test.consids5.se\/sv\/product\/tigersagb-150x25x1-25-6-8tpi-2\/"]}]},{"@type":"BreadcrumbList","@id":"https:\/\/lunatools.test.consids5.se\/sv\/product\/tigersagb-150x25x1-25-6-8tpi-2\/#breadcrumb","itemListElement":[{"@type":"ListItem","position":1,"name":"Home","item":"https:\/\/lunatools.test.consids5.se\/sv\/professionella-elverktygstillbehor-lunatools-startpage\/"},{"@type":"ListItem","position":2,"name":"Products","item":"https:\/\/lunatools.test.consids5.se\/en\/shop\/"},{"@type":"ListItem","position":3,"name":"TIGERS\u00c5GB 150X25X1.25 6-8TPI"}]},{"@type":"WebSite","@id":"https:\/\/lunatools.test.consids5.se\/en\/#website","url":"https:\/\/lunatools.test.consids5.se\/en\/","name":"Luna tools","description":"","publisher":{"@id":"https:\/\/lunatools.test.consids5.se\/en\/#organization"},"potentialAction":[{"@type":"SearchAction","target":{"@type":"EntryPoint","urlTemplate":"https:\/\/lunatools.test.consids5.se\/en\/?s={search_term_string}"},"query-input":"required name=search_term_string"}],"inLanguage":"sv-SE"},{"@type":"Organization","@id":"https:\/\/lunatools.test.consids5.se\/en\/#organization","name":"Luna Tools","url":"https:\/\/lunatools.test.consids5.se\/en\/","logo":{"@type":"ImageObject","inLanguage":"sv-SE","@id":"https:\/\/lunatools.test.consids5.se\/en\/#\/schema\/logo\/image\/","url":"https:\/\/lunatools.com\/wp-content\/uploads\/2019\/10\/LunaTools-gray-logo.png","contentUrl":"https:\/\/lunatools.com\/wp-content\/uploads\/2019\/10\/LunaTools-gray-logo.png","width":795,"height":309,"caption":"Luna Tools"},"image":{"@id":"https:\/\/lunatools.test.consids5.se\/en\/#\/schema\/logo\/image\/"}}]}},"_links":{"self":[{"href":"https:\/\/lunatools.test.consids5.se\/sv\/wp-json\/wp\/v2\/product\/12462"}],"collection":[{"href":"https:\/\/lunatools.test.consids5.se\/sv\/wp-json\/wp\/v2\/product"}],"about":[{"href":"https:\/\/lunatools.test.consids5.se\/sv\/wp-json\/wp\/v2\/types\/product"}],"wp:attachment":[{"href":"https:\/\/lunatools.test.consids5.se\/sv\/wp-json\/wp\/v2\/media?parent=12462"}],"wp:term":[{"taxonomy":"product_cat","embeddable":true,"href":"https:\/\/lunatools.test.consids5.se\/sv\/wp-json\/wp\/v2\/product_cat?post=12462"},{"taxonomy":"product_tag","embeddable":true,"href":"https:\/\/lunatools.test.consids5.se\/sv\/wp-json\/wp\/v2\/product_tag?post=12462"}],"curies":[{"name":"wp","href":"https:\/\/api.w.org\/{rel}","templated":true}]}}