{"id":12476,"date":"2021-11-04T02:55:02","date_gmt":"2021-11-04T02:55:02","guid":{"rendered":"http:\/\/lunatools.com\/product\/brackjarn-luna-710p\/"},"modified":"2021-11-04T02:55:02","modified_gmt":"2021-11-04T02:55:02","slug":"brackjarn-luna-710p","status":"publish","type":"product","link":"https:\/\/lunatools.test.consids5.se\/sv\/product\/brackjarn-luna-710p\/","title":{"rendered":"BR\u00c4CKJ\u00c4RN LUNA 710P"},"content":{"rendered":"<p>Br\u00e4ckj\u00e4rn av h\u00f6glegerat 8-kantigt CRV-st\u00e5l. Slipade tunna ytor i b\u00e5de klys och och mejsel\u00e4nda f\u00f6r att underl\u00e4tta inslagning, spikurdrag och minska brytm\u00e4rken p\u00e5 underlaget. Gr\u00f6nlackerat. Levereras komplett med inf\u00e4stningskomponent till verktygss\u00e4kring AISI 316. Inf\u00e4stningskomponenten \u00e4r l\u00e4tt att montera och demontera vid behov.<\/p>\n","protected":false},"excerpt":{"rendered":"Br\u00e4ckj\u00e4rn av h\u00f6glegerat 8-kantigt CRV-st\u00e5l. Slipade tunna ytor i b\u00e5de klys och och mejsel\u00e4nda f\u00f6r att underl\u00e4tta inslagning, spikurdrag och minska brytm\u00e4rken p\u00e5 underlaget. Gr\u00f6nlackerat. Levereras komplett med inf\u00e4stningskomponent till verktygss\u00e4kring AISI 316. Inf\u00e4stningskomponenten \u00e4r l\u00e4tt att montera och demontera vid behov.","protected":false},"featured_media":0,"template":"","meta":{"_acf_changed":false},"product_cat":[947,890],"product_tag":[],"class_list":{"0":"post-12476","1":"product","2":"type-product","3":"status-publish","5":"product_cat-brackjarn-sv-brackjarn-sv","6":"product_cat-brackjarn-sv","8":"first","9":"instock","10":"shipping-taxable","11":"product-type-simple"},"acf":[],"yoast_head":"<!-- This site is optimized with the Yoast SEO plugin v23.2 - https:\/\/yoast.com\/wordpress\/plugins\/seo\/ -->\n<title>BR\u00c4CKJ\u00c4RN LUNA 710P - Luna tools<\/title>\n<meta name=\"robots\" content=\"index, follow, max-snippet:-1, max-image-preview:large, max-video-preview:-1\" \/>\n<link rel=\"canonical\" href=\"https:\/\/lunatools.test.consids5.se\/sv\/product\/brackjarn-luna-710p\/\" \/>\n<meta property=\"og:locale\" content=\"sv_SE\" \/>\n<meta property=\"og:type\" content=\"article\" \/>\n<meta property=\"og:title\" content=\"BR\u00c4CKJ\u00c4RN LUNA 710P - Luna tools\" \/>\n<meta property=\"og:description\" content=\"Br\u00e4ckj\u00e4rn av h\u00f6glegerat 8-kantigt CRV-st\u00e5l. Slipade tunna ytor i b\u00e5de klys och och mejsel\u00e4nda f\u00f6r att underl\u00e4tta inslagning, spikurdrag och minska brytm\u00e4rken p\u00e5 underlaget. Gr\u00f6nlackerat. Levereras komplett med inf\u00e4stningskomponent till verktygss\u00e4kring AISI 316. Inf\u00e4stningskomponenten \u00e4r l\u00e4tt att montera och demontera vid behov.\" \/>\n<meta property=\"og:url\" content=\"https:\/\/lunatools.test.consids5.se\/sv\/product\/brackjarn-luna-710p\/\" \/>\n<meta property=\"og:site_name\" content=\"Luna tools\" \/>\n<script type=\"application\/ld+json\" class=\"yoast-schema-graph\">{\"@context\":\"https:\/\/schema.org\",\"@graph\":[{\"@type\":\"WebPage\",\"@id\":\"https:\/\/lunatools.test.consids5.se\/sv\/product\/brackjarn-luna-710p\/\",\"url\":\"https:\/\/lunatools.test.consids5.se\/sv\/product\/brackjarn-luna-710p\/\",\"name\":\"BR\u00c4CKJ\u00c4RN LUNA 710P - Luna tools\",\"isPartOf\":{\"@id\":\"https:\/\/lunatools.test.consids5.se\/en\/#website\"},\"datePublished\":\"2021-11-04T02:55:02+00:00\",\"dateModified\":\"2021-11-04T02:55:02+00:00\",\"breadcrumb\":{\"@id\":\"https:\/\/lunatools.test.consids5.se\/sv\/product\/brackjarn-luna-710p\/#breadcrumb\"},\"inLanguage\":\"sv-SE\",\"potentialAction\":[{\"@type\":\"ReadAction\",\"target\":[\"https:\/\/lunatools.test.consids5.se\/sv\/product\/brackjarn-luna-710p\/\"]}]},{\"@type\":\"BreadcrumbList\",\"@id\":\"https:\/\/lunatools.test.consids5.se\/sv\/product\/brackjarn-luna-710p\/#breadcrumb\",\"itemListElement\":[{\"@type\":\"ListItem\",\"position\":1,\"name\":\"Home\",\"item\":\"https:\/\/lunatools.test.consids5.se\/sv\/professionella-elverktygstillbehor-lunatools-startpage\/\"},{\"@type\":\"ListItem\",\"position\":2,\"name\":\"Products\",\"item\":\"https:\/\/lunatools.test.consids5.se\/en\/shop\/\"},{\"@type\":\"ListItem\",\"position\":3,\"name\":\"BR\u00c4CKJ\u00c4RN LUNA 710P\"}]},{\"@type\":\"WebSite\",\"@id\":\"https:\/\/lunatools.test.consids5.se\/en\/#website\",\"url\":\"https:\/\/lunatools.test.consids5.se\/en\/\",\"name\":\"Luna tools\",\"description\":\"\",\"publisher\":{\"@id\":\"https:\/\/lunatools.test.consids5.se\/en\/#organization\"},\"potentialAction\":[{\"@type\":\"SearchAction\",\"target\":{\"@type\":\"EntryPoint\",\"urlTemplate\":\"https:\/\/lunatools.test.consids5.se\/en\/?s={search_term_string}\"},\"query-input\":\"required name=search_term_string\"}],\"inLanguage\":\"sv-SE\"},{\"@type\":\"Organization\",\"@id\":\"https:\/\/lunatools.test.consids5.se\/en\/#organization\",\"name\":\"Luna Tools\",\"url\":\"https:\/\/lunatools.test.consids5.se\/en\/\",\"logo\":{\"@type\":\"ImageObject\",\"inLanguage\":\"sv-SE\",\"@id\":\"https:\/\/lunatools.test.consids5.se\/en\/#\/schema\/logo\/image\/\",\"url\":\"https:\/\/lunatools.com\/wp-content\/uploads\/2019\/10\/LunaTools-gray-logo.png\",\"contentUrl\":\"https:\/\/lunatools.com\/wp-content\/uploads\/2019\/10\/LunaTools-gray-logo.png\",\"width\":795,\"height\":309,\"caption\":\"Luna Tools\"},\"image\":{\"@id\":\"https:\/\/lunatools.test.consids5.se\/en\/#\/schema\/logo\/image\/\"}}]}<\/script>\n<!-- \/ Yoast SEO plugin. -->","yoast_head_json":{"title":"BR\u00c4CKJ\u00c4RN LUNA 710P - Luna tools","robots":{"index":"index","follow":"follow","max-snippet":"max-snippet:-1","max-image-preview":"max-image-preview:large","max-video-preview":"max-video-preview:-1"},"canonical":"https:\/\/lunatools.test.consids5.se\/sv\/product\/brackjarn-luna-710p\/","og_locale":"sv_SE","og_type":"article","og_title":"BR\u00c4CKJ\u00c4RN LUNA 710P - Luna tools","og_description":"Br\u00e4ckj\u00e4rn av h\u00f6glegerat 8-kantigt CRV-st\u00e5l. Slipade tunna ytor i b\u00e5de klys och och mejsel\u00e4nda f\u00f6r att underl\u00e4tta inslagning, spikurdrag och minska brytm\u00e4rken p\u00e5 underlaget. Gr\u00f6nlackerat. Levereras komplett med inf\u00e4stningskomponent till verktygss\u00e4kring AISI 316. Inf\u00e4stningskomponenten \u00e4r l\u00e4tt att montera och demontera vid behov.","og_url":"https:\/\/lunatools.test.consids5.se\/sv\/product\/brackjarn-luna-710p\/","og_site_name":"Luna tools","schema":{"@context":"https:\/\/schema.org","@graph":[{"@type":"WebPage","@id":"https:\/\/lunatools.test.consids5.se\/sv\/product\/brackjarn-luna-710p\/","url":"https:\/\/lunatools.test.consids5.se\/sv\/product\/brackjarn-luna-710p\/","name":"BR\u00c4CKJ\u00c4RN LUNA 710P - Luna tools","isPartOf":{"@id":"https:\/\/lunatools.test.consids5.se\/en\/#website"},"datePublished":"2021-11-04T02:55:02+00:00","dateModified":"2021-11-04T02:55:02+00:00","breadcrumb":{"@id":"https:\/\/lunatools.test.consids5.se\/sv\/product\/brackjarn-luna-710p\/#breadcrumb"},"inLanguage":"sv-SE","potentialAction":[{"@type":"ReadAction","target":["https:\/\/lunatools.test.consids5.se\/sv\/product\/brackjarn-luna-710p\/"]}]},{"@type":"BreadcrumbList","@id":"https:\/\/lunatools.test.consids5.se\/sv\/product\/brackjarn-luna-710p\/#breadcrumb","itemListElement":[{"@type":"ListItem","position":1,"name":"Home","item":"https:\/\/lunatools.test.consids5.se\/sv\/professionella-elverktygstillbehor-lunatools-startpage\/"},{"@type":"ListItem","position":2,"name":"Products","item":"https:\/\/lunatools.test.consids5.se\/en\/shop\/"},{"@type":"ListItem","position":3,"name":"BR\u00c4CKJ\u00c4RN LUNA 710P"}]},{"@type":"WebSite","@id":"https:\/\/lunatools.test.consids5.se\/en\/#website","url":"https:\/\/lunatools.test.consids5.se\/en\/","name":"Luna tools","description":"","publisher":{"@id":"https:\/\/lunatools.test.consids5.se\/en\/#organization"},"potentialAction":[{"@type":"SearchAction","target":{"@type":"EntryPoint","urlTemplate":"https:\/\/lunatools.test.consids5.se\/en\/?s={search_term_string}"},"query-input":"required name=search_term_string"}],"inLanguage":"sv-SE"},{"@type":"Organization","@id":"https:\/\/lunatools.test.consids5.se\/en\/#organization","name":"Luna Tools","url":"https:\/\/lunatools.test.consids5.se\/en\/","logo":{"@type":"ImageObject","inLanguage":"sv-SE","@id":"https:\/\/lunatools.test.consids5.se\/en\/#\/schema\/logo\/image\/","url":"https:\/\/lunatools.com\/wp-content\/uploads\/2019\/10\/LunaTools-gray-logo.png","contentUrl":"https:\/\/lunatools.com\/wp-content\/uploads\/2019\/10\/LunaTools-gray-logo.png","width":795,"height":309,"caption":"Luna Tools"},"image":{"@id":"https:\/\/lunatools.test.consids5.se\/en\/#\/schema\/logo\/image\/"}}]}},"_links":{"self":[{"href":"https:\/\/lunatools.test.consids5.se\/sv\/wp-json\/wp\/v2\/product\/12476"}],"collection":[{"href":"https:\/\/lunatools.test.consids5.se\/sv\/wp-json\/wp\/v2\/product"}],"about":[{"href":"https:\/\/lunatools.test.consids5.se\/sv\/wp-json\/wp\/v2\/types\/product"}],"wp:attachment":[{"href":"https:\/\/lunatools.test.consids5.se\/sv\/wp-json\/wp\/v2\/media?parent=12476"}],"wp:term":[{"taxonomy":"product_cat","embeddable":true,"href":"https:\/\/lunatools.test.consids5.se\/sv\/wp-json\/wp\/v2\/product_cat?post=12476"},{"taxonomy":"product_tag","embeddable":true,"href":"https:\/\/lunatools.test.consids5.se\/sv\/wp-json\/wp\/v2\/product_tag?post=12476"}],"curies":[{"name":"wp","href":"https:\/\/api.w.org\/{rel}","templated":true}]}}