{"id":13,"date":"2021-11-04T02:30:23","date_gmt":"2021-11-04T02:30:23","guid":{"rendered":"https:\/\/lunatools.com\/product\/gang-skarpasta-bio-500g\/"},"modified":"2021-11-04T02:30:23","modified_gmt":"2021-11-04T02:30:23","slug":"gang-skarpasta-bio-500g","status":"publish","type":"product","link":"https:\/\/lunatools.test.consids5.se\/sv\/product\/gang-skarpasta-bio-500g\/","title":{"rendered":"G\u00c4NG &amp; SK\u00c4RPASTA BIO 500G"},"content":{"rendered":"<p>UNIPASTE BIO \u00c4r ett vegetabiliskt halvfast fett med mycket goda sm\u00f6rjande egenskaper. Produkten \u00e4r avsedd f\u00f6r metallbearbetning vid l\u00e5ga sk\u00e4r-hastigheter, t.ex g\u00e4ngning och borrning. Produkten kan med f\u00f6rdel anv\u00e4ndas som g\u00e4ngpasta till applikationer d\u00e4r man \u00f6nskar anv\u00e4nda sig av ett milj\u00f6anpassad alternativ.<br \/>\nHanteringsr\u00e5d<br \/>\nG\u00e4ng &amp; Sk\u00e4rpasta bio appliceras med pensel eller genom doppning av borrar och tappar direkt i f\u00f6rpackningen.<br \/>\nL\u00e4s s\u00e4kerhetsdatablad f\u00f6re anv\u00e4ndning.<\/p>\n","protected":false},"excerpt":{"rendered":"UNIPASTE BIO \u00c4r ett vegetabiliskt halvfast fett med mycket goda sm\u00f6rjande egenskaper. Produkten \u00e4r avsedd f\u00f6r metallbearbetning vid l\u00e5ga sk\u00e4r-hastigheter, t.ex g\u00e4ngning och borrning. Produkten kan med f\u00f6rdel anv\u00e4ndas som g\u00e4ngpasta till applikationer d\u00e4r man \u00f6nskar anv\u00e4nda sig av ett milj\u00f6anpassad alternativ. Hanteringsr\u00e5d G\u00e4ng &amp; Sk\u00e4rpasta bio appliceras med pensel eller genom doppning av borrar&#8230; <a class=\"view-article\" href=\"https:\/\/lunatools.test.consids5.se\/sv\/product\/gang-skarpasta-bio-500g\/\">View Article<\/a>","protected":false},"featured_media":0,"template":"","meta":{"_acf_changed":false},"product_cat":[482,483],"product_tag":[],"class_list":{"0":"post-13","1":"product","2":"type-product","3":"status-publish","5":"product_cat-smorjmedel-sv","6":"product_cat-skarpasta-sv","8":"first","9":"instock","10":"shipping-taxable","11":"product-type-simple"},"acf":[],"yoast_head":"<!-- This site is optimized with the Yoast SEO plugin v23.2 - https:\/\/yoast.com\/wordpress\/plugins\/seo\/ -->\n<title>G\u00c4NG &amp; SK\u00c4RPASTA BIO 500G - Luna tools<\/title>\n<meta name=\"robots\" content=\"index, follow, max-snippet:-1, max-image-preview:large, max-video-preview:-1\" \/>\n<link rel=\"canonical\" href=\"https:\/\/lunatools.test.consids5.se\/sv\/product\/gang-skarpasta-bio-500g\/\" \/>\n<meta property=\"og:locale\" content=\"sv_SE\" \/>\n<meta property=\"og:type\" content=\"article\" \/>\n<meta property=\"og:title\" content=\"G\u00c4NG &amp; SK\u00c4RPASTA BIO 500G - Luna tools\" \/>\n<meta property=\"og:description\" content=\"UNIPASTE BIO \u00c4r ett vegetabiliskt halvfast fett med mycket goda sm\u00f6rjande egenskaper. Produkten \u00e4r avsedd f\u00f6r metallbearbetning vid l\u00e5ga sk\u00e4r-hastigheter, t.ex g\u00e4ngning och borrning. Produkten kan med f\u00f6rdel anv\u00e4ndas som g\u00e4ngpasta till applikationer d\u00e4r man \u00f6nskar anv\u00e4nda sig av ett milj\u00f6anpassad alternativ. Hanteringsr\u00e5d G\u00e4ng &amp; Sk\u00e4rpasta bio appliceras med pensel eller genom doppning av borrar... View Article\" \/>\n<meta property=\"og:url\" content=\"https:\/\/lunatools.test.consids5.se\/sv\/product\/gang-skarpasta-bio-500g\/\" \/>\n<meta property=\"og:site_name\" content=\"Luna tools\" \/>\n<script type=\"application\/ld+json\" class=\"yoast-schema-graph\">{\"@context\":\"https:\/\/schema.org\",\"@graph\":[{\"@type\":\"WebPage\",\"@id\":\"https:\/\/lunatools.test.consids5.se\/sv\/product\/gang-skarpasta-bio-500g\/\",\"url\":\"https:\/\/lunatools.test.consids5.se\/sv\/product\/gang-skarpasta-bio-500g\/\",\"name\":\"G\u00c4NG &amp; SK\u00c4RPASTA BIO 500G - Luna tools\",\"isPartOf\":{\"@id\":\"https:\/\/lunatools.test.consids5.se\/en\/#website\"},\"datePublished\":\"2021-11-04T02:30:23+00:00\",\"dateModified\":\"2021-11-04T02:30:23+00:00\",\"breadcrumb\":{\"@id\":\"https:\/\/lunatools.test.consids5.se\/sv\/product\/gang-skarpasta-bio-500g\/#breadcrumb\"},\"inLanguage\":\"sv-SE\",\"potentialAction\":[{\"@type\":\"ReadAction\",\"target\":[\"https:\/\/lunatools.test.consids5.se\/sv\/product\/gang-skarpasta-bio-500g\/\"]}]},{\"@type\":\"BreadcrumbList\",\"@id\":\"https:\/\/lunatools.test.consids5.se\/sv\/product\/gang-skarpasta-bio-500g\/#breadcrumb\",\"itemListElement\":[{\"@type\":\"ListItem\",\"position\":1,\"name\":\"Home\",\"item\":\"https:\/\/lunatools.test.consids5.se\/sv\/professionella-elverktygstillbehor-lunatools-startpage\/\"},{\"@type\":\"ListItem\",\"position\":2,\"name\":\"Products\",\"item\":\"https:\/\/lunatools.test.consids5.se\/en\/shop\/\"},{\"@type\":\"ListItem\",\"position\":3,\"name\":\"G\u00c4NG &amp; SK\u00c4RPASTA BIO 500G\"}]},{\"@type\":\"WebSite\",\"@id\":\"https:\/\/lunatools.test.consids5.se\/en\/#website\",\"url\":\"https:\/\/lunatools.test.consids5.se\/en\/\",\"name\":\"Luna tools\",\"description\":\"\",\"publisher\":{\"@id\":\"https:\/\/lunatools.test.consids5.se\/en\/#organization\"},\"potentialAction\":[{\"@type\":\"SearchAction\",\"target\":{\"@type\":\"EntryPoint\",\"urlTemplate\":\"https:\/\/lunatools.test.consids5.se\/en\/?s={search_term_string}\"},\"query-input\":\"required name=search_term_string\"}],\"inLanguage\":\"sv-SE\"},{\"@type\":\"Organization\",\"@id\":\"https:\/\/lunatools.test.consids5.se\/en\/#organization\",\"name\":\"Luna Tools\",\"url\":\"https:\/\/lunatools.test.consids5.se\/en\/\",\"logo\":{\"@type\":\"ImageObject\",\"inLanguage\":\"sv-SE\",\"@id\":\"https:\/\/lunatools.test.consids5.se\/en\/#\/schema\/logo\/image\/\",\"url\":\"https:\/\/lunatools.com\/wp-content\/uploads\/2019\/10\/LunaTools-gray-logo.png\",\"contentUrl\":\"https:\/\/lunatools.com\/wp-content\/uploads\/2019\/10\/LunaTools-gray-logo.png\",\"width\":795,\"height\":309,\"caption\":\"Luna Tools\"},\"image\":{\"@id\":\"https:\/\/lunatools.test.consids5.se\/en\/#\/schema\/logo\/image\/\"}}]}<\/script>\n<!-- \/ Yoast SEO plugin. -->","yoast_head_json":{"title":"G\u00c4NG &amp; SK\u00c4RPASTA BIO 500G - Luna tools","robots":{"index":"index","follow":"follow","max-snippet":"max-snippet:-1","max-image-preview":"max-image-preview:large","max-video-preview":"max-video-preview:-1"},"canonical":"https:\/\/lunatools.test.consids5.se\/sv\/product\/gang-skarpasta-bio-500g\/","og_locale":"sv_SE","og_type":"article","og_title":"G\u00c4NG &amp; SK\u00c4RPASTA BIO 500G - Luna tools","og_description":"UNIPASTE BIO \u00c4r ett vegetabiliskt halvfast fett med mycket goda sm\u00f6rjande egenskaper. Produkten \u00e4r avsedd f\u00f6r metallbearbetning vid l\u00e5ga sk\u00e4r-hastigheter, t.ex g\u00e4ngning och borrning. Produkten kan med f\u00f6rdel anv\u00e4ndas som g\u00e4ngpasta till applikationer d\u00e4r man \u00f6nskar anv\u00e4nda sig av ett milj\u00f6anpassad alternativ. Hanteringsr\u00e5d G\u00e4ng &amp; Sk\u00e4rpasta bio appliceras med pensel eller genom doppning av borrar... View Article","og_url":"https:\/\/lunatools.test.consids5.se\/sv\/product\/gang-skarpasta-bio-500g\/","og_site_name":"Luna tools","schema":{"@context":"https:\/\/schema.org","@graph":[{"@type":"WebPage","@id":"https:\/\/lunatools.test.consids5.se\/sv\/product\/gang-skarpasta-bio-500g\/","url":"https:\/\/lunatools.test.consids5.se\/sv\/product\/gang-skarpasta-bio-500g\/","name":"G\u00c4NG &amp; SK\u00c4RPASTA BIO 500G - Luna tools","isPartOf":{"@id":"https:\/\/lunatools.test.consids5.se\/en\/#website"},"datePublished":"2021-11-04T02:30:23+00:00","dateModified":"2021-11-04T02:30:23+00:00","breadcrumb":{"@id":"https:\/\/lunatools.test.consids5.se\/sv\/product\/gang-skarpasta-bio-500g\/#breadcrumb"},"inLanguage":"sv-SE","potentialAction":[{"@type":"ReadAction","target":["https:\/\/lunatools.test.consids5.se\/sv\/product\/gang-skarpasta-bio-500g\/"]}]},{"@type":"BreadcrumbList","@id":"https:\/\/lunatools.test.consids5.se\/sv\/product\/gang-skarpasta-bio-500g\/#breadcrumb","itemListElement":[{"@type":"ListItem","position":1,"name":"Home","item":"https:\/\/lunatools.test.consids5.se\/sv\/professionella-elverktygstillbehor-lunatools-startpage\/"},{"@type":"ListItem","position":2,"name":"Products","item":"https:\/\/lunatools.test.consids5.se\/en\/shop\/"},{"@type":"ListItem","position":3,"name":"G\u00c4NG &amp; SK\u00c4RPASTA BIO 500G"}]},{"@type":"WebSite","@id":"https:\/\/lunatools.test.consids5.se\/en\/#website","url":"https:\/\/lunatools.test.consids5.se\/en\/","name":"Luna tools","description":"","publisher":{"@id":"https:\/\/lunatools.test.consids5.se\/en\/#organization"},"potentialAction":[{"@type":"SearchAction","target":{"@type":"EntryPoint","urlTemplate":"https:\/\/lunatools.test.consids5.se\/en\/?s={search_term_string}"},"query-input":"required name=search_term_string"}],"inLanguage":"sv-SE"},{"@type":"Organization","@id":"https:\/\/lunatools.test.consids5.se\/en\/#organization","name":"Luna Tools","url":"https:\/\/lunatools.test.consids5.se\/en\/","logo":{"@type":"ImageObject","inLanguage":"sv-SE","@id":"https:\/\/lunatools.test.consids5.se\/en\/#\/schema\/logo\/image\/","url":"https:\/\/lunatools.com\/wp-content\/uploads\/2019\/10\/LunaTools-gray-logo.png","contentUrl":"https:\/\/lunatools.com\/wp-content\/uploads\/2019\/10\/LunaTools-gray-logo.png","width":795,"height":309,"caption":"Luna Tools"},"image":{"@id":"https:\/\/lunatools.test.consids5.se\/en\/#\/schema\/logo\/image\/"}}]}},"_links":{"self":[{"href":"https:\/\/lunatools.test.consids5.se\/sv\/wp-json\/wp\/v2\/product\/13"}],"collection":[{"href":"https:\/\/lunatools.test.consids5.se\/sv\/wp-json\/wp\/v2\/product"}],"about":[{"href":"https:\/\/lunatools.test.consids5.se\/sv\/wp-json\/wp\/v2\/types\/product"}],"wp:attachment":[{"href":"https:\/\/lunatools.test.consids5.se\/sv\/wp-json\/wp\/v2\/media?parent=13"}],"wp:term":[{"taxonomy":"product_cat","embeddable":true,"href":"https:\/\/lunatools.test.consids5.se\/sv\/wp-json\/wp\/v2\/product_cat?post=13"},{"taxonomy":"product_tag","embeddable":true,"href":"https:\/\/lunatools.test.consids5.se\/sv\/wp-json\/wp\/v2\/product_tag?post=13"}],"curies":[{"name":"wp","href":"https:\/\/api.w.org\/{rel}","templated":true}]}}