{"id":13046,"date":"2021-11-04T03:00:04","date_gmt":"2021-11-04T03:00:04","guid":{"rendered":"http:\/\/lunatools.com\/product\/kapskiva-x-lock-125x10mm\/"},"modified":"2021-11-04T03:00:04","modified_gmt":"2021-11-04T03:00:04","slug":"kapskiva-x-lock-125x10mm","status":"publish","type":"product","link":"https:\/\/lunatools.test.consids5.se\/sv\/product\/kapskiva-x-lock-125x10mm\/","title":{"rendered":"KAPSKIVA X-LOCK 125X1,0MM"},"content":{"rendered":"<p>Kapskivor med kombinationen l\u00e5ng livsl\u00e4ngd och snabb kapning. Utvecklade f\u00f6r effektiv kapning av j\u00e4rn, st\u00e5l och rostfritt. Kapskivorna \u00e4r s.k. j\u00e4rnfria, och har mycket l\u00e5gt inneh\u00e5ll av j\u00e4rn, klor och svavel. Armerade. Max. periferihastighet 80 m\/sek. H\u00f6gsta s\u00e4kerhetsklassningen genom oSa-m\u00e4rkning. Kapskivorna \u00e4r \u00e4ven kompatibla med vanliga vinkelslipmaskiner.<\/p>\n","protected":false},"excerpt":{"rendered":"Kapskivor med kombinationen l\u00e5ng livsl\u00e4ngd och snabb kapning. Utvecklade f\u00f6r effektiv kapning av j\u00e4rn, st\u00e5l och rostfritt. Kapskivorna \u00e4r s.k. j\u00e4rnfria, och har mycket l\u00e5gt inneh\u00e5ll av j\u00e4rn, klor och svavel. Armerade. Max. periferihastighet 80 m\/sek. H\u00f6gsta s\u00e4kerhetsklassningen genom oSa-m\u00e4rkning. Kapskivorna \u00e4r \u00e4ven kompatibla med vanliga vinkelslipmaskiner.","protected":false},"featured_media":0,"template":"","meta":{"_acf_changed":false},"product_cat":[382,419],"product_tag":[],"class_list":{"0":"post-13046","1":"product","2":"type-product","3":"status-publish","5":"product_cat-slip-och-kapverktyg-sv","6":"product_cat-kapskivor-sv","8":"first","9":"instock","10":"shipping-taxable","11":"product-type-simple"},"acf":[],"yoast_head":"<!-- This site is optimized with the Yoast SEO plugin v23.2 - https:\/\/yoast.com\/wordpress\/plugins\/seo\/ -->\n<title>KAPSKIVA X-LOCK 125X1,0MM - Luna tools<\/title>\n<meta name=\"robots\" content=\"index, follow, max-snippet:-1, max-image-preview:large, max-video-preview:-1\" \/>\n<link rel=\"canonical\" href=\"https:\/\/lunatools.test.consids5.se\/sv\/product\/kapskiva-x-lock-125x10mm\/\" \/>\n<meta property=\"og:locale\" content=\"sv_SE\" \/>\n<meta property=\"og:type\" content=\"article\" \/>\n<meta property=\"og:title\" content=\"KAPSKIVA X-LOCK 125X1,0MM - Luna tools\" \/>\n<meta property=\"og:description\" content=\"Kapskivor med kombinationen l\u00e5ng livsl\u00e4ngd och snabb kapning. Utvecklade f\u00f6r effektiv kapning av j\u00e4rn, st\u00e5l och rostfritt. Kapskivorna \u00e4r s.k. j\u00e4rnfria, och har mycket l\u00e5gt inneh\u00e5ll av j\u00e4rn, klor och svavel. Armerade. Max. periferihastighet 80 m\/sek. H\u00f6gsta s\u00e4kerhetsklassningen genom oSa-m\u00e4rkning. Kapskivorna \u00e4r \u00e4ven kompatibla med vanliga vinkelslipmaskiner.\" \/>\n<meta property=\"og:url\" content=\"https:\/\/lunatools.test.consids5.se\/sv\/product\/kapskiva-x-lock-125x10mm\/\" \/>\n<meta property=\"og:site_name\" content=\"Luna tools\" \/>\n<script type=\"application\/ld+json\" class=\"yoast-schema-graph\">{\"@context\":\"https:\/\/schema.org\",\"@graph\":[{\"@type\":\"WebPage\",\"@id\":\"https:\/\/lunatools.test.consids5.se\/sv\/product\/kapskiva-x-lock-125x10mm\/\",\"url\":\"https:\/\/lunatools.test.consids5.se\/sv\/product\/kapskiva-x-lock-125x10mm\/\",\"name\":\"KAPSKIVA X-LOCK 125X1,0MM - Luna tools\",\"isPartOf\":{\"@id\":\"https:\/\/lunatools.test.consids5.se\/en\/#website\"},\"datePublished\":\"2021-11-04T03:00:04+00:00\",\"dateModified\":\"2021-11-04T03:00:04+00:00\",\"breadcrumb\":{\"@id\":\"https:\/\/lunatools.test.consids5.se\/sv\/product\/kapskiva-x-lock-125x10mm\/#breadcrumb\"},\"inLanguage\":\"sv-SE\",\"potentialAction\":[{\"@type\":\"ReadAction\",\"target\":[\"https:\/\/lunatools.test.consids5.se\/sv\/product\/kapskiva-x-lock-125x10mm\/\"]}]},{\"@type\":\"BreadcrumbList\",\"@id\":\"https:\/\/lunatools.test.consids5.se\/sv\/product\/kapskiva-x-lock-125x10mm\/#breadcrumb\",\"itemListElement\":[{\"@type\":\"ListItem\",\"position\":1,\"name\":\"Home\",\"item\":\"https:\/\/lunatools.test.consids5.se\/sv\/professionella-elverktygstillbehor-lunatools-startpage\/\"},{\"@type\":\"ListItem\",\"position\":2,\"name\":\"Products\",\"item\":\"https:\/\/lunatools.test.consids5.se\/en\/shop\/\"},{\"@type\":\"ListItem\",\"position\":3,\"name\":\"KAPSKIVA X-LOCK 125X1,0MM\"}]},{\"@type\":\"WebSite\",\"@id\":\"https:\/\/lunatools.test.consids5.se\/en\/#website\",\"url\":\"https:\/\/lunatools.test.consids5.se\/en\/\",\"name\":\"Luna tools\",\"description\":\"\",\"publisher\":{\"@id\":\"https:\/\/lunatools.test.consids5.se\/en\/#organization\"},\"potentialAction\":[{\"@type\":\"SearchAction\",\"target\":{\"@type\":\"EntryPoint\",\"urlTemplate\":\"https:\/\/lunatools.test.consids5.se\/en\/?s={search_term_string}\"},\"query-input\":\"required name=search_term_string\"}],\"inLanguage\":\"sv-SE\"},{\"@type\":\"Organization\",\"@id\":\"https:\/\/lunatools.test.consids5.se\/en\/#organization\",\"name\":\"Luna Tools\",\"url\":\"https:\/\/lunatools.test.consids5.se\/en\/\",\"logo\":{\"@type\":\"ImageObject\",\"inLanguage\":\"sv-SE\",\"@id\":\"https:\/\/lunatools.test.consids5.se\/en\/#\/schema\/logo\/image\/\",\"url\":\"https:\/\/lunatools.com\/wp-content\/uploads\/2019\/10\/LunaTools-gray-logo.png\",\"contentUrl\":\"https:\/\/lunatools.com\/wp-content\/uploads\/2019\/10\/LunaTools-gray-logo.png\",\"width\":795,\"height\":309,\"caption\":\"Luna Tools\"},\"image\":{\"@id\":\"https:\/\/lunatools.test.consids5.se\/en\/#\/schema\/logo\/image\/\"}}]}<\/script>\n<!-- \/ Yoast SEO plugin. -->","yoast_head_json":{"title":"KAPSKIVA X-LOCK 125X1,0MM - Luna tools","robots":{"index":"index","follow":"follow","max-snippet":"max-snippet:-1","max-image-preview":"max-image-preview:large","max-video-preview":"max-video-preview:-1"},"canonical":"https:\/\/lunatools.test.consids5.se\/sv\/product\/kapskiva-x-lock-125x10mm\/","og_locale":"sv_SE","og_type":"article","og_title":"KAPSKIVA X-LOCK 125X1,0MM - Luna tools","og_description":"Kapskivor med kombinationen l\u00e5ng livsl\u00e4ngd och snabb kapning. Utvecklade f\u00f6r effektiv kapning av j\u00e4rn, st\u00e5l och rostfritt. Kapskivorna \u00e4r s.k. j\u00e4rnfria, och har mycket l\u00e5gt inneh\u00e5ll av j\u00e4rn, klor och svavel. Armerade. Max. periferihastighet 80 m\/sek. H\u00f6gsta s\u00e4kerhetsklassningen genom oSa-m\u00e4rkning. Kapskivorna \u00e4r \u00e4ven kompatibla med vanliga vinkelslipmaskiner.","og_url":"https:\/\/lunatools.test.consids5.se\/sv\/product\/kapskiva-x-lock-125x10mm\/","og_site_name":"Luna tools","schema":{"@context":"https:\/\/schema.org","@graph":[{"@type":"WebPage","@id":"https:\/\/lunatools.test.consids5.se\/sv\/product\/kapskiva-x-lock-125x10mm\/","url":"https:\/\/lunatools.test.consids5.se\/sv\/product\/kapskiva-x-lock-125x10mm\/","name":"KAPSKIVA X-LOCK 125X1,0MM - Luna tools","isPartOf":{"@id":"https:\/\/lunatools.test.consids5.se\/en\/#website"},"datePublished":"2021-11-04T03:00:04+00:00","dateModified":"2021-11-04T03:00:04+00:00","breadcrumb":{"@id":"https:\/\/lunatools.test.consids5.se\/sv\/product\/kapskiva-x-lock-125x10mm\/#breadcrumb"},"inLanguage":"sv-SE","potentialAction":[{"@type":"ReadAction","target":["https:\/\/lunatools.test.consids5.se\/sv\/product\/kapskiva-x-lock-125x10mm\/"]}]},{"@type":"BreadcrumbList","@id":"https:\/\/lunatools.test.consids5.se\/sv\/product\/kapskiva-x-lock-125x10mm\/#breadcrumb","itemListElement":[{"@type":"ListItem","position":1,"name":"Home","item":"https:\/\/lunatools.test.consids5.se\/sv\/professionella-elverktygstillbehor-lunatools-startpage\/"},{"@type":"ListItem","position":2,"name":"Products","item":"https:\/\/lunatools.test.consids5.se\/en\/shop\/"},{"@type":"ListItem","position":3,"name":"KAPSKIVA X-LOCK 125X1,0MM"}]},{"@type":"WebSite","@id":"https:\/\/lunatools.test.consids5.se\/en\/#website","url":"https:\/\/lunatools.test.consids5.se\/en\/","name":"Luna tools","description":"","publisher":{"@id":"https:\/\/lunatools.test.consids5.se\/en\/#organization"},"potentialAction":[{"@type":"SearchAction","target":{"@type":"EntryPoint","urlTemplate":"https:\/\/lunatools.test.consids5.se\/en\/?s={search_term_string}"},"query-input":"required name=search_term_string"}],"inLanguage":"sv-SE"},{"@type":"Organization","@id":"https:\/\/lunatools.test.consids5.se\/en\/#organization","name":"Luna Tools","url":"https:\/\/lunatools.test.consids5.se\/en\/","logo":{"@type":"ImageObject","inLanguage":"sv-SE","@id":"https:\/\/lunatools.test.consids5.se\/en\/#\/schema\/logo\/image\/","url":"https:\/\/lunatools.com\/wp-content\/uploads\/2019\/10\/LunaTools-gray-logo.png","contentUrl":"https:\/\/lunatools.com\/wp-content\/uploads\/2019\/10\/LunaTools-gray-logo.png","width":795,"height":309,"caption":"Luna Tools"},"image":{"@id":"https:\/\/lunatools.test.consids5.se\/en\/#\/schema\/logo\/image\/"}}]}},"_links":{"self":[{"href":"https:\/\/lunatools.test.consids5.se\/sv\/wp-json\/wp\/v2\/product\/13046"}],"collection":[{"href":"https:\/\/lunatools.test.consids5.se\/sv\/wp-json\/wp\/v2\/product"}],"about":[{"href":"https:\/\/lunatools.test.consids5.se\/sv\/wp-json\/wp\/v2\/types\/product"}],"wp:attachment":[{"href":"https:\/\/lunatools.test.consids5.se\/sv\/wp-json\/wp\/v2\/media?parent=13046"}],"wp:term":[{"taxonomy":"product_cat","embeddable":true,"href":"https:\/\/lunatools.test.consids5.se\/sv\/wp-json\/wp\/v2\/product_cat?post=13046"},{"taxonomy":"product_tag","embeddable":true,"href":"https:\/\/lunatools.test.consids5.se\/sv\/wp-json\/wp\/v2\/product_tag?post=13046"}],"curies":[{"name":"wp","href":"https:\/\/api.w.org\/{rel}","templated":true}]}}