{"id":13154,"date":"2021-11-04T03:00:11","date_gmt":"2021-11-04T03:00:11","guid":{"rendered":"http:\/\/lunatools.com\/product\/sagklinga-tct-bs-85x15-z20\/"},"modified":"2021-11-04T03:00:11","modified_gmt":"2021-11-04T03:00:11","slug":"sagklinga-tct-bs-85x15-z20","status":"publish","type":"product","link":"https:\/\/lunatools.test.consids5.se\/sv\/product\/sagklinga-tct-bs-85x15-z20\/","title":{"rendered":"S\u00c5GKLINGA TCT BS 85X15 Z20"},"content":{"rendered":"<p>S\u00e5gklingor f\u00f6r yrkesanv\u00e4ndning med ljudd\u00e4mpande lasersp\u00e5r i huvudklingan. Tunnare huvudklinga som passar b\u00e5de batteridrivna och n\u00e4tanslutna maskiner. Finns f\u00f6r de flesta handcirkels\u00e5gar p\u00e5 marknaden. Klyvklingor har s\u00e4rskilt utformade tandskydd f\u00f6r s\u00e4krare s\u00e5gning. H\u00e5rdmetallt\u00e4nder (wolframkarbid). F\u00f6r bearbetning av tr\u00e4, sp\u00e5nskiva och plywood.<\/p>\n","protected":false},"excerpt":{"rendered":"S\u00e5gklingor f\u00f6r yrkesanv\u00e4ndning med ljudd\u00e4mpande lasersp\u00e5r i huvudklingan. Tunnare huvudklinga som passar b\u00e5de batteridrivna och n\u00e4tanslutna maskiner. Finns f\u00f6r de flesta handcirkels\u00e5gar p\u00e5 marknaden. Klyvklingor har s\u00e4rskilt utformade tandskydd f\u00f6r s\u00e4krare s\u00e5gning. H\u00e5rdmetallt\u00e4nder (wolframkarbid). F\u00f6r bearbetning av tr\u00e4, sp\u00e5nskiva och plywood.","protected":false},"featured_media":0,"template":"","meta":{"_acf_changed":false},"product_cat":[2464,2465],"product_tag":[],"class_list":{"0":"post-13154","1":"product","2":"type-product","3":"status-publish","5":"product_cat-cirkelsagklingor-sv","6":"product_cat-cirkelsagklingor-sv-cirkelsagklingor-sv","8":"first","9":"instock","10":"shipping-taxable","11":"product-type-simple"},"acf":[],"yoast_head":"<!-- This site is optimized with the Yoast SEO plugin v23.2 - https:\/\/yoast.com\/wordpress\/plugins\/seo\/ -->\n<title>S\u00c5GKLINGA TCT BS 85X15 Z20 - Luna tools<\/title>\n<meta name=\"robots\" content=\"index, follow, max-snippet:-1, max-image-preview:large, max-video-preview:-1\" \/>\n<link rel=\"canonical\" href=\"https:\/\/lunatools.test.consids5.se\/sv\/product\/sagklinga-tct-bs-85x15-z20\/\" \/>\n<meta property=\"og:locale\" content=\"sv_SE\" \/>\n<meta property=\"og:type\" content=\"article\" \/>\n<meta property=\"og:title\" content=\"S\u00c5GKLINGA TCT BS 85X15 Z20 - Luna tools\" \/>\n<meta property=\"og:description\" content=\"S\u00e5gklingor f\u00f6r yrkesanv\u00e4ndning med ljudd\u00e4mpande lasersp\u00e5r i huvudklingan. Tunnare huvudklinga som passar b\u00e5de batteridrivna och n\u00e4tanslutna maskiner. Finns f\u00f6r de flesta handcirkels\u00e5gar p\u00e5 marknaden. Klyvklingor har s\u00e4rskilt utformade tandskydd f\u00f6r s\u00e4krare s\u00e5gning. H\u00e5rdmetallt\u00e4nder (wolframkarbid). F\u00f6r bearbetning av tr\u00e4, sp\u00e5nskiva och plywood.\" \/>\n<meta property=\"og:url\" content=\"https:\/\/lunatools.test.consids5.se\/sv\/product\/sagklinga-tct-bs-85x15-z20\/\" \/>\n<meta property=\"og:site_name\" content=\"Luna tools\" \/>\n<script type=\"application\/ld+json\" class=\"yoast-schema-graph\">{\"@context\":\"https:\/\/schema.org\",\"@graph\":[{\"@type\":\"WebPage\",\"@id\":\"https:\/\/lunatools.test.consids5.se\/sv\/product\/sagklinga-tct-bs-85x15-z20\/\",\"url\":\"https:\/\/lunatools.test.consids5.se\/sv\/product\/sagklinga-tct-bs-85x15-z20\/\",\"name\":\"S\u00c5GKLINGA TCT BS 85X15 Z20 - Luna tools\",\"isPartOf\":{\"@id\":\"https:\/\/lunatools.test.consids5.se\/en\/#website\"},\"datePublished\":\"2021-11-04T03:00:11+00:00\",\"dateModified\":\"2021-11-04T03:00:11+00:00\",\"breadcrumb\":{\"@id\":\"https:\/\/lunatools.test.consids5.se\/sv\/product\/sagklinga-tct-bs-85x15-z20\/#breadcrumb\"},\"inLanguage\":\"sv-SE\",\"potentialAction\":[{\"@type\":\"ReadAction\",\"target\":[\"https:\/\/lunatools.test.consids5.se\/sv\/product\/sagklinga-tct-bs-85x15-z20\/\"]}]},{\"@type\":\"BreadcrumbList\",\"@id\":\"https:\/\/lunatools.test.consids5.se\/sv\/product\/sagklinga-tct-bs-85x15-z20\/#breadcrumb\",\"itemListElement\":[{\"@type\":\"ListItem\",\"position\":1,\"name\":\"Home\",\"item\":\"https:\/\/lunatools.test.consids5.se\/sv\/professionella-elverktygstillbehor-lunatools-startpage\/\"},{\"@type\":\"ListItem\",\"position\":2,\"name\":\"Products\",\"item\":\"https:\/\/lunatools.test.consids5.se\/en\/shop\/\"},{\"@type\":\"ListItem\",\"position\":3,\"name\":\"S\u00c5GKLINGA TCT BS 85X15 Z20\"}]},{\"@type\":\"WebSite\",\"@id\":\"https:\/\/lunatools.test.consids5.se\/en\/#website\",\"url\":\"https:\/\/lunatools.test.consids5.se\/en\/\",\"name\":\"Luna tools\",\"description\":\"\",\"publisher\":{\"@id\":\"https:\/\/lunatools.test.consids5.se\/en\/#organization\"},\"potentialAction\":[{\"@type\":\"SearchAction\",\"target\":{\"@type\":\"EntryPoint\",\"urlTemplate\":\"https:\/\/lunatools.test.consids5.se\/en\/?s={search_term_string}\"},\"query-input\":\"required name=search_term_string\"}],\"inLanguage\":\"sv-SE\"},{\"@type\":\"Organization\",\"@id\":\"https:\/\/lunatools.test.consids5.se\/en\/#organization\",\"name\":\"Luna Tools\",\"url\":\"https:\/\/lunatools.test.consids5.se\/en\/\",\"logo\":{\"@type\":\"ImageObject\",\"inLanguage\":\"sv-SE\",\"@id\":\"https:\/\/lunatools.test.consids5.se\/en\/#\/schema\/logo\/image\/\",\"url\":\"https:\/\/lunatools.com\/wp-content\/uploads\/2019\/10\/LunaTools-gray-logo.png\",\"contentUrl\":\"https:\/\/lunatools.com\/wp-content\/uploads\/2019\/10\/LunaTools-gray-logo.png\",\"width\":795,\"height\":309,\"caption\":\"Luna Tools\"},\"image\":{\"@id\":\"https:\/\/lunatools.test.consids5.se\/en\/#\/schema\/logo\/image\/\"}}]}<\/script>\n<!-- \/ Yoast SEO plugin. -->","yoast_head_json":{"title":"S\u00c5GKLINGA TCT BS 85X15 Z20 - Luna tools","robots":{"index":"index","follow":"follow","max-snippet":"max-snippet:-1","max-image-preview":"max-image-preview:large","max-video-preview":"max-video-preview:-1"},"canonical":"https:\/\/lunatools.test.consids5.se\/sv\/product\/sagklinga-tct-bs-85x15-z20\/","og_locale":"sv_SE","og_type":"article","og_title":"S\u00c5GKLINGA TCT BS 85X15 Z20 - Luna tools","og_description":"S\u00e5gklingor f\u00f6r yrkesanv\u00e4ndning med ljudd\u00e4mpande lasersp\u00e5r i huvudklingan. Tunnare huvudklinga som passar b\u00e5de batteridrivna och n\u00e4tanslutna maskiner. Finns f\u00f6r de flesta handcirkels\u00e5gar p\u00e5 marknaden. Klyvklingor har s\u00e4rskilt utformade tandskydd f\u00f6r s\u00e4krare s\u00e5gning. H\u00e5rdmetallt\u00e4nder (wolframkarbid). F\u00f6r bearbetning av tr\u00e4, sp\u00e5nskiva och plywood.","og_url":"https:\/\/lunatools.test.consids5.se\/sv\/product\/sagklinga-tct-bs-85x15-z20\/","og_site_name":"Luna tools","schema":{"@context":"https:\/\/schema.org","@graph":[{"@type":"WebPage","@id":"https:\/\/lunatools.test.consids5.se\/sv\/product\/sagklinga-tct-bs-85x15-z20\/","url":"https:\/\/lunatools.test.consids5.se\/sv\/product\/sagklinga-tct-bs-85x15-z20\/","name":"S\u00c5GKLINGA TCT BS 85X15 Z20 - Luna tools","isPartOf":{"@id":"https:\/\/lunatools.test.consids5.se\/en\/#website"},"datePublished":"2021-11-04T03:00:11+00:00","dateModified":"2021-11-04T03:00:11+00:00","breadcrumb":{"@id":"https:\/\/lunatools.test.consids5.se\/sv\/product\/sagklinga-tct-bs-85x15-z20\/#breadcrumb"},"inLanguage":"sv-SE","potentialAction":[{"@type":"ReadAction","target":["https:\/\/lunatools.test.consids5.se\/sv\/product\/sagklinga-tct-bs-85x15-z20\/"]}]},{"@type":"BreadcrumbList","@id":"https:\/\/lunatools.test.consids5.se\/sv\/product\/sagklinga-tct-bs-85x15-z20\/#breadcrumb","itemListElement":[{"@type":"ListItem","position":1,"name":"Home","item":"https:\/\/lunatools.test.consids5.se\/sv\/professionella-elverktygstillbehor-lunatools-startpage\/"},{"@type":"ListItem","position":2,"name":"Products","item":"https:\/\/lunatools.test.consids5.se\/en\/shop\/"},{"@type":"ListItem","position":3,"name":"S\u00c5GKLINGA TCT BS 85X15 Z20"}]},{"@type":"WebSite","@id":"https:\/\/lunatools.test.consids5.se\/en\/#website","url":"https:\/\/lunatools.test.consids5.se\/en\/","name":"Luna tools","description":"","publisher":{"@id":"https:\/\/lunatools.test.consids5.se\/en\/#organization"},"potentialAction":[{"@type":"SearchAction","target":{"@type":"EntryPoint","urlTemplate":"https:\/\/lunatools.test.consids5.se\/en\/?s={search_term_string}"},"query-input":"required name=search_term_string"}],"inLanguage":"sv-SE"},{"@type":"Organization","@id":"https:\/\/lunatools.test.consids5.se\/en\/#organization","name":"Luna Tools","url":"https:\/\/lunatools.test.consids5.se\/en\/","logo":{"@type":"ImageObject","inLanguage":"sv-SE","@id":"https:\/\/lunatools.test.consids5.se\/en\/#\/schema\/logo\/image\/","url":"https:\/\/lunatools.com\/wp-content\/uploads\/2019\/10\/LunaTools-gray-logo.png","contentUrl":"https:\/\/lunatools.com\/wp-content\/uploads\/2019\/10\/LunaTools-gray-logo.png","width":795,"height":309,"caption":"Luna Tools"},"image":{"@id":"https:\/\/lunatools.test.consids5.se\/en\/#\/schema\/logo\/image\/"}}]}},"_links":{"self":[{"href":"https:\/\/lunatools.test.consids5.se\/sv\/wp-json\/wp\/v2\/product\/13154"}],"collection":[{"href":"https:\/\/lunatools.test.consids5.se\/sv\/wp-json\/wp\/v2\/product"}],"about":[{"href":"https:\/\/lunatools.test.consids5.se\/sv\/wp-json\/wp\/v2\/types\/product"}],"wp:attachment":[{"href":"https:\/\/lunatools.test.consids5.se\/sv\/wp-json\/wp\/v2\/media?parent=13154"}],"wp:term":[{"taxonomy":"product_cat","embeddable":true,"href":"https:\/\/lunatools.test.consids5.se\/sv\/wp-json\/wp\/v2\/product_cat?post=13154"},{"taxonomy":"product_tag","embeddable":true,"href":"https:\/\/lunatools.test.consids5.se\/sv\/wp-json\/wp\/v2\/product_tag?post=13154"}],"curies":[{"name":"wp","href":"https:\/\/api.w.org\/{rel}","templated":true}]}}