{"id":13444,"date":"2021-11-04T03:00:30","date_gmt":"2021-11-04T03:00:30","guid":{"rendered":"http:\/\/lunatools.com\/product\/vattenpass-clp-60\/"},"modified":"2021-11-04T03:00:30","modified_gmt":"2021-11-04T03:00:30","slug":"vattenpass-clp-60","status":"publish","type":"product","link":"https:\/\/lunatools.test.consids5.se\/sv\/product\/vattenpass-clp-60\/","title":{"rendered":"VATTENPASS CLP 60"},"content":{"rendered":"<p>Ett robust vattenpass f\u00f6r kr\u00e4vande arbeten. Vridstyv aluminiumprofil 24x50mm (710g\/m) med planfr\u00e4st undersida f\u00f6r maximal planhet. Stor cylindrisk libell med f\u00f6rstorande effekt f\u00f6r exakt och l\u00e4ttl\u00e4st avl\u00e4sning i alla vinklar. Dubbla graderingsstreck f\u00f6r enkel avl\u00e4sning p\u00e5 2% fall. Tillverkad i slagt\u00e5ligt material med mycket god best\u00e4ndighet mot UV-ljus. Libellradie 200mm ger en k\u00e4nslighet p\u00e5 10mm\/m, dvs om man lyfter \u00e4ndan 10mm p\u00e5 ett pass som \u00e4r 1m l\u00e5ngt s\u00e5 flyttar sig bubblan 2mm. St\u00f6tupptagande \u00e4ndskydd med friktionspunkter, d\u00e5 passet h\u00e5lls plant mot v\u00e4gg. Genomg\u00e5ende h\u00e5l f\u00f6r verktygss\u00e4kring.<\/p>\n","protected":false},"excerpt":{"rendered":"Ett robust vattenpass f\u00f6r kr\u00e4vande arbeten. Vridstyv aluminiumprofil 24x50mm (710g\/m) med planfr\u00e4st undersida f\u00f6r maximal planhet. Stor cylindrisk libell med f\u00f6rstorande effekt f\u00f6r exakt och l\u00e4ttl\u00e4st avl\u00e4sning i alla vinklar. Dubbla graderingsstreck f\u00f6r enkel avl\u00e4sning p\u00e5 2% fall. Tillverkad i slagt\u00e5ligt material med mycket god best\u00e4ndighet mot UV-ljus. Libellradie 200mm ger en k\u00e4nslighet p\u00e5 10mm\/m,&#8230; <a class=\"view-article\" href=\"https:\/\/lunatools.test.consids5.se\/sv\/product\/vattenpass-clp-60\/\">View Article<\/a>","protected":false},"featured_media":0,"template":"","meta":{"_acf_changed":false},"product_cat":[969],"product_tag":[],"class_list":{"0":"post-13444","1":"product","2":"type-product","3":"status-publish","5":"product_cat-vattenpass-sv","7":"first","8":"instock","9":"shipping-taxable","10":"product-type-simple"},"acf":[],"yoast_head":"<!-- This site is optimized with the Yoast SEO plugin v23.2 - https:\/\/yoast.com\/wordpress\/plugins\/seo\/ -->\n<title>VATTENPASS CLP 60 - Luna tools<\/title>\n<meta name=\"robots\" content=\"index, follow, max-snippet:-1, max-image-preview:large, max-video-preview:-1\" \/>\n<link rel=\"canonical\" href=\"https:\/\/lunatools.test.consids5.se\/sv\/product\/vattenpass-clp-60\/\" \/>\n<meta property=\"og:locale\" content=\"sv_SE\" \/>\n<meta property=\"og:type\" content=\"article\" \/>\n<meta property=\"og:title\" content=\"VATTENPASS CLP 60 - Luna tools\" \/>\n<meta property=\"og:description\" content=\"Ett robust vattenpass f\u00f6r kr\u00e4vande arbeten. Vridstyv aluminiumprofil 24x50mm (710g\/m) med planfr\u00e4st undersida f\u00f6r maximal planhet. Stor cylindrisk libell med f\u00f6rstorande effekt f\u00f6r exakt och l\u00e4ttl\u00e4st avl\u00e4sning i alla vinklar. Dubbla graderingsstreck f\u00f6r enkel avl\u00e4sning p\u00e5 2% fall. Tillverkad i slagt\u00e5ligt material med mycket god best\u00e4ndighet mot UV-ljus. Libellradie 200mm ger en k\u00e4nslighet p\u00e5 10mm\/m,... View Article\" \/>\n<meta property=\"og:url\" content=\"https:\/\/lunatools.test.consids5.se\/sv\/product\/vattenpass-clp-60\/\" \/>\n<meta property=\"og:site_name\" content=\"Luna tools\" \/>\n<meta name=\"twitter:label1\" content=\"Est. reading time\" \/>\n\t<meta name=\"twitter:data1\" content=\"1 minute\" \/>\n<script type=\"application\/ld+json\" class=\"yoast-schema-graph\">{\"@context\":\"https:\/\/schema.org\",\"@graph\":[{\"@type\":\"WebPage\",\"@id\":\"https:\/\/lunatools.test.consids5.se\/sv\/product\/vattenpass-clp-60\/\",\"url\":\"https:\/\/lunatools.test.consids5.se\/sv\/product\/vattenpass-clp-60\/\",\"name\":\"VATTENPASS CLP 60 - Luna tools\",\"isPartOf\":{\"@id\":\"https:\/\/lunatools.test.consids5.se\/en\/#website\"},\"datePublished\":\"2021-11-04T03:00:30+00:00\",\"dateModified\":\"2021-11-04T03:00:30+00:00\",\"breadcrumb\":{\"@id\":\"https:\/\/lunatools.test.consids5.se\/sv\/product\/vattenpass-clp-60\/#breadcrumb\"},\"inLanguage\":\"sv-SE\",\"potentialAction\":[{\"@type\":\"ReadAction\",\"target\":[\"https:\/\/lunatools.test.consids5.se\/sv\/product\/vattenpass-clp-60\/\"]}]},{\"@type\":\"BreadcrumbList\",\"@id\":\"https:\/\/lunatools.test.consids5.se\/sv\/product\/vattenpass-clp-60\/#breadcrumb\",\"itemListElement\":[{\"@type\":\"ListItem\",\"position\":1,\"name\":\"Home\",\"item\":\"https:\/\/lunatools.test.consids5.se\/sv\/professionella-elverktygstillbehor-lunatools-startpage\/\"},{\"@type\":\"ListItem\",\"position\":2,\"name\":\"Products\",\"item\":\"https:\/\/lunatools.test.consids5.se\/en\/shop\/\"},{\"@type\":\"ListItem\",\"position\":3,\"name\":\"VATTENPASS CLP 60\"}]},{\"@type\":\"WebSite\",\"@id\":\"https:\/\/lunatools.test.consids5.se\/en\/#website\",\"url\":\"https:\/\/lunatools.test.consids5.se\/en\/\",\"name\":\"Luna tools\",\"description\":\"\",\"publisher\":{\"@id\":\"https:\/\/lunatools.test.consids5.se\/en\/#organization\"},\"potentialAction\":[{\"@type\":\"SearchAction\",\"target\":{\"@type\":\"EntryPoint\",\"urlTemplate\":\"https:\/\/lunatools.test.consids5.se\/en\/?s={search_term_string}\"},\"query-input\":\"required name=search_term_string\"}],\"inLanguage\":\"sv-SE\"},{\"@type\":\"Organization\",\"@id\":\"https:\/\/lunatools.test.consids5.se\/en\/#organization\",\"name\":\"Luna Tools\",\"url\":\"https:\/\/lunatools.test.consids5.se\/en\/\",\"logo\":{\"@type\":\"ImageObject\",\"inLanguage\":\"sv-SE\",\"@id\":\"https:\/\/lunatools.test.consids5.se\/en\/#\/schema\/logo\/image\/\",\"url\":\"https:\/\/lunatools.com\/wp-content\/uploads\/2019\/10\/LunaTools-gray-logo.png\",\"contentUrl\":\"https:\/\/lunatools.com\/wp-content\/uploads\/2019\/10\/LunaTools-gray-logo.png\",\"width\":795,\"height\":309,\"caption\":\"Luna Tools\"},\"image\":{\"@id\":\"https:\/\/lunatools.test.consids5.se\/en\/#\/schema\/logo\/image\/\"}}]}<\/script>\n<!-- \/ Yoast SEO plugin. -->","yoast_head_json":{"title":"VATTENPASS CLP 60 - Luna tools","robots":{"index":"index","follow":"follow","max-snippet":"max-snippet:-1","max-image-preview":"max-image-preview:large","max-video-preview":"max-video-preview:-1"},"canonical":"https:\/\/lunatools.test.consids5.se\/sv\/product\/vattenpass-clp-60\/","og_locale":"sv_SE","og_type":"article","og_title":"VATTENPASS CLP 60 - Luna tools","og_description":"Ett robust vattenpass f\u00f6r kr\u00e4vande arbeten. Vridstyv aluminiumprofil 24x50mm (710g\/m) med planfr\u00e4st undersida f\u00f6r maximal planhet. Stor cylindrisk libell med f\u00f6rstorande effekt f\u00f6r exakt och l\u00e4ttl\u00e4st avl\u00e4sning i alla vinklar. Dubbla graderingsstreck f\u00f6r enkel avl\u00e4sning p\u00e5 2% fall. Tillverkad i slagt\u00e5ligt material med mycket god best\u00e4ndighet mot UV-ljus. Libellradie 200mm ger en k\u00e4nslighet p\u00e5 10mm\/m,... View Article","og_url":"https:\/\/lunatools.test.consids5.se\/sv\/product\/vattenpass-clp-60\/","og_site_name":"Luna tools","twitter_misc":{"Est. reading time":"1 minute"},"schema":{"@context":"https:\/\/schema.org","@graph":[{"@type":"WebPage","@id":"https:\/\/lunatools.test.consids5.se\/sv\/product\/vattenpass-clp-60\/","url":"https:\/\/lunatools.test.consids5.se\/sv\/product\/vattenpass-clp-60\/","name":"VATTENPASS CLP 60 - Luna tools","isPartOf":{"@id":"https:\/\/lunatools.test.consids5.se\/en\/#website"},"datePublished":"2021-11-04T03:00:30+00:00","dateModified":"2021-11-04T03:00:30+00:00","breadcrumb":{"@id":"https:\/\/lunatools.test.consids5.se\/sv\/product\/vattenpass-clp-60\/#breadcrumb"},"inLanguage":"sv-SE","potentialAction":[{"@type":"ReadAction","target":["https:\/\/lunatools.test.consids5.se\/sv\/product\/vattenpass-clp-60\/"]}]},{"@type":"BreadcrumbList","@id":"https:\/\/lunatools.test.consids5.se\/sv\/product\/vattenpass-clp-60\/#breadcrumb","itemListElement":[{"@type":"ListItem","position":1,"name":"Home","item":"https:\/\/lunatools.test.consids5.se\/sv\/professionella-elverktygstillbehor-lunatools-startpage\/"},{"@type":"ListItem","position":2,"name":"Products","item":"https:\/\/lunatools.test.consids5.se\/en\/shop\/"},{"@type":"ListItem","position":3,"name":"VATTENPASS CLP 60"}]},{"@type":"WebSite","@id":"https:\/\/lunatools.test.consids5.se\/en\/#website","url":"https:\/\/lunatools.test.consids5.se\/en\/","name":"Luna tools","description":"","publisher":{"@id":"https:\/\/lunatools.test.consids5.se\/en\/#organization"},"potentialAction":[{"@type":"SearchAction","target":{"@type":"EntryPoint","urlTemplate":"https:\/\/lunatools.test.consids5.se\/en\/?s={search_term_string}"},"query-input":"required name=search_term_string"}],"inLanguage":"sv-SE"},{"@type":"Organization","@id":"https:\/\/lunatools.test.consids5.se\/en\/#organization","name":"Luna Tools","url":"https:\/\/lunatools.test.consids5.se\/en\/","logo":{"@type":"ImageObject","inLanguage":"sv-SE","@id":"https:\/\/lunatools.test.consids5.se\/en\/#\/schema\/logo\/image\/","url":"https:\/\/lunatools.com\/wp-content\/uploads\/2019\/10\/LunaTools-gray-logo.png","contentUrl":"https:\/\/lunatools.com\/wp-content\/uploads\/2019\/10\/LunaTools-gray-logo.png","width":795,"height":309,"caption":"Luna Tools"},"image":{"@id":"https:\/\/lunatools.test.consids5.se\/en\/#\/schema\/logo\/image\/"}}]}},"_links":{"self":[{"href":"https:\/\/lunatools.test.consids5.se\/sv\/wp-json\/wp\/v2\/product\/13444"}],"collection":[{"href":"https:\/\/lunatools.test.consids5.se\/sv\/wp-json\/wp\/v2\/product"}],"about":[{"href":"https:\/\/lunatools.test.consids5.se\/sv\/wp-json\/wp\/v2\/types\/product"}],"wp:attachment":[{"href":"https:\/\/lunatools.test.consids5.se\/sv\/wp-json\/wp\/v2\/media?parent=13444"}],"wp:term":[{"taxonomy":"product_cat","embeddable":true,"href":"https:\/\/lunatools.test.consids5.se\/sv\/wp-json\/wp\/v2\/product_cat?post=13444"},{"taxonomy":"product_tag","embeddable":true,"href":"https:\/\/lunatools.test.consids5.se\/sv\/wp-json\/wp\/v2\/product_tag?post=13444"}],"curies":[{"name":"wp","href":"https:\/\/api.w.org\/{rel}","templated":true}]}}