{"id":13510,"date":"2021-11-04T03:05:06","date_gmt":"2021-11-04T03:05:06","guid":{"rendered":"http:\/\/lunatools.com\/product\/halsag-luna-lbh-2-83mm\/"},"modified":"2021-11-04T03:05:06","modified_gmt":"2021-11-04T03:05:06","slug":"halsag-luna-lbh-2-83mm","status":"publish","type":"product","link":"https:\/\/lunatools.test.consids5.se\/sv\/product\/halsag-luna-lbh-2-83mm\/","title":{"rendered":"H\u00c5LS\u00c5G LUNA LBH-2 83MM"},"content":{"rendered":"<p>H\u00e5ls\u00e5gar LBH-2. Bi-metall. H\u00f6glegerat snabbst\u00e5l med h\u00f6g kobolthalt i tandkanten, segt verktygsst\u00e5l i ryggen. Detta ger \u00f6kad motst\u00e5ndskraft mot f\u00f6rslitning och \u00f6kad v\u00e4rmeresistens. En effektiv variabel tandning med extra sp\u00e5nbrytare ger snabbt sk\u00e4rf\u00f6rlopp och god sp\u00e5ntransport. L\u00e4mplig f\u00f6r s\u00e5gning av metall, tr\u00e4 och plast. Maximalt s\u00e5gdjup 49 mm. Anv\u00e4nds med separat h\u00e5llare.<\/p>\n","protected":false},"excerpt":{"rendered":"H\u00e5ls\u00e5gar LBH-2. Bi-metall. H\u00f6glegerat snabbst\u00e5l med h\u00f6g kobolthalt i tandkanten, segt verktygsst\u00e5l i ryggen. Detta ger \u00f6kad motst\u00e5ndskraft mot f\u00f6rslitning och \u00f6kad v\u00e4rmeresistens. En effektiv variabel tandning med extra sp\u00e5nbrytare ger snabbt sk\u00e4rf\u00f6rlopp och god sp\u00e5ntransport. L\u00e4mplig f\u00f6r s\u00e5gning av metall, tr\u00e4 och plast. Maximalt s\u00e5gdjup 49 mm. Anv\u00e4nds med separat h\u00e5llare.","protected":false},"featured_media":0,"template":"","meta":{"_acf_changed":false},"product_cat":[418],"product_tag":[],"class_list":{"0":"post-13510","1":"product","2":"type-product","3":"status-publish","5":"product_cat-halsagar-sv","7":"first","8":"instock","9":"shipping-taxable","10":"product-type-simple"},"acf":[],"yoast_head":"<!-- This site is optimized with the Yoast SEO plugin v23.2 - https:\/\/yoast.com\/wordpress\/plugins\/seo\/ -->\n<title>H\u00c5LS\u00c5G LUNA LBH-2 83MM - Luna tools<\/title>\n<meta name=\"robots\" content=\"index, follow, max-snippet:-1, max-image-preview:large, max-video-preview:-1\" \/>\n<link rel=\"canonical\" href=\"https:\/\/lunatools.test.consids5.se\/sv\/product\/halsag-luna-lbh-2-83mm\/\" \/>\n<meta property=\"og:locale\" content=\"sv_SE\" \/>\n<meta property=\"og:type\" content=\"article\" \/>\n<meta property=\"og:title\" content=\"H\u00c5LS\u00c5G LUNA LBH-2 83MM - Luna tools\" \/>\n<meta property=\"og:description\" content=\"H\u00e5ls\u00e5gar LBH-2. Bi-metall. H\u00f6glegerat snabbst\u00e5l med h\u00f6g kobolthalt i tandkanten, segt verktygsst\u00e5l i ryggen. Detta ger \u00f6kad motst\u00e5ndskraft mot f\u00f6rslitning och \u00f6kad v\u00e4rmeresistens. En effektiv variabel tandning med extra sp\u00e5nbrytare ger snabbt sk\u00e4rf\u00f6rlopp och god sp\u00e5ntransport. L\u00e4mplig f\u00f6r s\u00e5gning av metall, tr\u00e4 och plast. Maximalt s\u00e5gdjup 49 mm. Anv\u00e4nds med separat h\u00e5llare.\" \/>\n<meta property=\"og:url\" content=\"https:\/\/lunatools.test.consids5.se\/sv\/product\/halsag-luna-lbh-2-83mm\/\" \/>\n<meta property=\"og:site_name\" content=\"Luna tools\" \/>\n<script type=\"application\/ld+json\" class=\"yoast-schema-graph\">{\"@context\":\"https:\/\/schema.org\",\"@graph\":[{\"@type\":\"WebPage\",\"@id\":\"https:\/\/lunatools.test.consids5.se\/sv\/product\/halsag-luna-lbh-2-83mm\/\",\"url\":\"https:\/\/lunatools.test.consids5.se\/sv\/product\/halsag-luna-lbh-2-83mm\/\",\"name\":\"H\u00c5LS\u00c5G LUNA LBH-2 83MM - Luna tools\",\"isPartOf\":{\"@id\":\"https:\/\/lunatools.test.consids5.se\/en\/#website\"},\"datePublished\":\"2021-11-04T03:05:06+00:00\",\"dateModified\":\"2021-11-04T03:05:06+00:00\",\"breadcrumb\":{\"@id\":\"https:\/\/lunatools.test.consids5.se\/sv\/product\/halsag-luna-lbh-2-83mm\/#breadcrumb\"},\"inLanguage\":\"sv-SE\",\"potentialAction\":[{\"@type\":\"ReadAction\",\"target\":[\"https:\/\/lunatools.test.consids5.se\/sv\/product\/halsag-luna-lbh-2-83mm\/\"]}]},{\"@type\":\"BreadcrumbList\",\"@id\":\"https:\/\/lunatools.test.consids5.se\/sv\/product\/halsag-luna-lbh-2-83mm\/#breadcrumb\",\"itemListElement\":[{\"@type\":\"ListItem\",\"position\":1,\"name\":\"Home\",\"item\":\"https:\/\/lunatools.test.consids5.se\/sv\/professionella-elverktygstillbehor-lunatools-startpage\/\"},{\"@type\":\"ListItem\",\"position\":2,\"name\":\"Products\",\"item\":\"https:\/\/lunatools.test.consids5.se\/en\/shop\/\"},{\"@type\":\"ListItem\",\"position\":3,\"name\":\"H\u00c5LS\u00c5G LUNA LBH-2 83MM\"}]},{\"@type\":\"WebSite\",\"@id\":\"https:\/\/lunatools.test.consids5.se\/en\/#website\",\"url\":\"https:\/\/lunatools.test.consids5.se\/en\/\",\"name\":\"Luna tools\",\"description\":\"\",\"publisher\":{\"@id\":\"https:\/\/lunatools.test.consids5.se\/en\/#organization\"},\"potentialAction\":[{\"@type\":\"SearchAction\",\"target\":{\"@type\":\"EntryPoint\",\"urlTemplate\":\"https:\/\/lunatools.test.consids5.se\/en\/?s={search_term_string}\"},\"query-input\":\"required name=search_term_string\"}],\"inLanguage\":\"sv-SE\"},{\"@type\":\"Organization\",\"@id\":\"https:\/\/lunatools.test.consids5.se\/en\/#organization\",\"name\":\"Luna Tools\",\"url\":\"https:\/\/lunatools.test.consids5.se\/en\/\",\"logo\":{\"@type\":\"ImageObject\",\"inLanguage\":\"sv-SE\",\"@id\":\"https:\/\/lunatools.test.consids5.se\/en\/#\/schema\/logo\/image\/\",\"url\":\"https:\/\/lunatools.com\/wp-content\/uploads\/2019\/10\/LunaTools-gray-logo.png\",\"contentUrl\":\"https:\/\/lunatools.com\/wp-content\/uploads\/2019\/10\/LunaTools-gray-logo.png\",\"width\":795,\"height\":309,\"caption\":\"Luna Tools\"},\"image\":{\"@id\":\"https:\/\/lunatools.test.consids5.se\/en\/#\/schema\/logo\/image\/\"}}]}<\/script>\n<!-- \/ Yoast SEO plugin. -->","yoast_head_json":{"title":"H\u00c5LS\u00c5G LUNA LBH-2 83MM - Luna tools","robots":{"index":"index","follow":"follow","max-snippet":"max-snippet:-1","max-image-preview":"max-image-preview:large","max-video-preview":"max-video-preview:-1"},"canonical":"https:\/\/lunatools.test.consids5.se\/sv\/product\/halsag-luna-lbh-2-83mm\/","og_locale":"sv_SE","og_type":"article","og_title":"H\u00c5LS\u00c5G LUNA LBH-2 83MM - Luna tools","og_description":"H\u00e5ls\u00e5gar LBH-2. Bi-metall. H\u00f6glegerat snabbst\u00e5l med h\u00f6g kobolthalt i tandkanten, segt verktygsst\u00e5l i ryggen. Detta ger \u00f6kad motst\u00e5ndskraft mot f\u00f6rslitning och \u00f6kad v\u00e4rmeresistens. En effektiv variabel tandning med extra sp\u00e5nbrytare ger snabbt sk\u00e4rf\u00f6rlopp och god sp\u00e5ntransport. L\u00e4mplig f\u00f6r s\u00e5gning av metall, tr\u00e4 och plast. Maximalt s\u00e5gdjup 49 mm. Anv\u00e4nds med separat h\u00e5llare.","og_url":"https:\/\/lunatools.test.consids5.se\/sv\/product\/halsag-luna-lbh-2-83mm\/","og_site_name":"Luna tools","schema":{"@context":"https:\/\/schema.org","@graph":[{"@type":"WebPage","@id":"https:\/\/lunatools.test.consids5.se\/sv\/product\/halsag-luna-lbh-2-83mm\/","url":"https:\/\/lunatools.test.consids5.se\/sv\/product\/halsag-luna-lbh-2-83mm\/","name":"H\u00c5LS\u00c5G LUNA LBH-2 83MM - Luna tools","isPartOf":{"@id":"https:\/\/lunatools.test.consids5.se\/en\/#website"},"datePublished":"2021-11-04T03:05:06+00:00","dateModified":"2021-11-04T03:05:06+00:00","breadcrumb":{"@id":"https:\/\/lunatools.test.consids5.se\/sv\/product\/halsag-luna-lbh-2-83mm\/#breadcrumb"},"inLanguage":"sv-SE","potentialAction":[{"@type":"ReadAction","target":["https:\/\/lunatools.test.consids5.se\/sv\/product\/halsag-luna-lbh-2-83mm\/"]}]},{"@type":"BreadcrumbList","@id":"https:\/\/lunatools.test.consids5.se\/sv\/product\/halsag-luna-lbh-2-83mm\/#breadcrumb","itemListElement":[{"@type":"ListItem","position":1,"name":"Home","item":"https:\/\/lunatools.test.consids5.se\/sv\/professionella-elverktygstillbehor-lunatools-startpage\/"},{"@type":"ListItem","position":2,"name":"Products","item":"https:\/\/lunatools.test.consids5.se\/en\/shop\/"},{"@type":"ListItem","position":3,"name":"H\u00c5LS\u00c5G LUNA LBH-2 83MM"}]},{"@type":"WebSite","@id":"https:\/\/lunatools.test.consids5.se\/en\/#website","url":"https:\/\/lunatools.test.consids5.se\/en\/","name":"Luna tools","description":"","publisher":{"@id":"https:\/\/lunatools.test.consids5.se\/en\/#organization"},"potentialAction":[{"@type":"SearchAction","target":{"@type":"EntryPoint","urlTemplate":"https:\/\/lunatools.test.consids5.se\/en\/?s={search_term_string}"},"query-input":"required name=search_term_string"}],"inLanguage":"sv-SE"},{"@type":"Organization","@id":"https:\/\/lunatools.test.consids5.se\/en\/#organization","name":"Luna Tools","url":"https:\/\/lunatools.test.consids5.se\/en\/","logo":{"@type":"ImageObject","inLanguage":"sv-SE","@id":"https:\/\/lunatools.test.consids5.se\/en\/#\/schema\/logo\/image\/","url":"https:\/\/lunatools.com\/wp-content\/uploads\/2019\/10\/LunaTools-gray-logo.png","contentUrl":"https:\/\/lunatools.com\/wp-content\/uploads\/2019\/10\/LunaTools-gray-logo.png","width":795,"height":309,"caption":"Luna Tools"},"image":{"@id":"https:\/\/lunatools.test.consids5.se\/en\/#\/schema\/logo\/image\/"}}]}},"_links":{"self":[{"href":"https:\/\/lunatools.test.consids5.se\/sv\/wp-json\/wp\/v2\/product\/13510"}],"collection":[{"href":"https:\/\/lunatools.test.consids5.se\/sv\/wp-json\/wp\/v2\/product"}],"about":[{"href":"https:\/\/lunatools.test.consids5.se\/sv\/wp-json\/wp\/v2\/types\/product"}],"wp:attachment":[{"href":"https:\/\/lunatools.test.consids5.se\/sv\/wp-json\/wp\/v2\/media?parent=13510"}],"wp:term":[{"taxonomy":"product_cat","embeddable":true,"href":"https:\/\/lunatools.test.consids5.se\/sv\/wp-json\/wp\/v2\/product_cat?post=13510"},{"taxonomy":"product_tag","embeddable":true,"href":"https:\/\/lunatools.test.consids5.se\/sv\/wp-json\/wp\/v2\/product_tag?post=13510"}],"curies":[{"name":"wp","href":"https:\/\/api.w.org\/{rel}","templated":true}]}}