{"id":13916,"date":"2021-11-04T03:00:26","date_gmt":"2021-11-04T03:00:26","guid":{"rendered":"http:\/\/lunatools.com\/product\/snabbvinkel-alu-175\/"},"modified":"2021-11-04T03:00:26","modified_gmt":"2021-11-04T03:00:26","slug":"snabbvinkel-alu-175","status":"publish","type":"product","link":"https:\/\/lunatools.test.consids5.se\/sv\/product\/snabbvinkel-alu-175\/","title":{"rendered":"SNABBVINKEL ALU 175"},"content":{"rendered":"<p>Snabbvinkel av planfr\u00e4st aluminium. Denna vinkel \u00e4r en smidig multiprodukt med m\u00e5nga anv\u00e4ndningsomr\u00e5den. F\u00f6rutom snabb funktion f\u00f6r 90\u00b0 och 45\u00b0 s\u00e5 finns funktioner s\u00e5som gradskiva med m\u00e4tning fr\u00e5n 0-90\u00b0. Anh\u00e5ll f\u00f6r parallella linjer i intervall om 5mm. Laserm\u00e4rkta m\u00e5tt och text g\u00f6r att den klarar tuff anv\u00e4ndning. Flera smarta funktioner f\u00f6r konstruktion av takstolar. H\u00e5l f\u00f6r verktygss\u00e4kring.<\/p>\n","protected":false},"excerpt":{"rendered":"Snabbvinkel av planfr\u00e4st aluminium. Denna vinkel \u00e4r en smidig multiprodukt med m\u00e5nga anv\u00e4ndningsomr\u00e5den. F\u00f6rutom snabb funktion f\u00f6r 90\u00b0 och 45\u00b0 s\u00e5 finns funktioner s\u00e5som gradskiva med m\u00e4tning fr\u00e5n 0-90\u00b0. Anh\u00e5ll f\u00f6r parallella linjer i intervall om 5mm. Laserm\u00e4rkta m\u00e5tt och text g\u00f6r att den klarar tuff anv\u00e4ndning. Flera smarta funktioner f\u00f6r konstruktion av takstolar. H\u00e5l&#8230; <a class=\"view-article\" href=\"https:\/\/lunatools.test.consids5.se\/sv\/product\/snabbvinkel-alu-175\/\">View Article<\/a>","protected":false},"featured_media":0,"template":"","meta":{"_acf_changed":false},"product_cat":[972],"product_tag":[],"class_list":{"0":"post-13916","1":"product","2":"type-product","3":"status-publish","5":"product_cat-vinklar-sv","7":"first","8":"instock","9":"shipping-taxable","10":"product-type-simple"},"acf":[],"yoast_head":"<!-- This site is optimized with the Yoast SEO plugin v23.2 - https:\/\/yoast.com\/wordpress\/plugins\/seo\/ -->\n<title>SNABBVINKEL ALU 175 - Luna tools<\/title>\n<meta name=\"robots\" content=\"index, follow, max-snippet:-1, max-image-preview:large, max-video-preview:-1\" \/>\n<link rel=\"canonical\" href=\"https:\/\/lunatools.test.consids5.se\/sv\/product\/snabbvinkel-alu-175\/\" \/>\n<meta property=\"og:locale\" content=\"sv_SE\" \/>\n<meta property=\"og:type\" content=\"article\" \/>\n<meta property=\"og:title\" content=\"SNABBVINKEL ALU 175 - Luna tools\" \/>\n<meta property=\"og:description\" content=\"Snabbvinkel av planfr\u00e4st aluminium. Denna vinkel \u00e4r en smidig multiprodukt med m\u00e5nga anv\u00e4ndningsomr\u00e5den. F\u00f6rutom snabb funktion f\u00f6r 90\u00b0 och 45\u00b0 s\u00e5 finns funktioner s\u00e5som gradskiva med m\u00e4tning fr\u00e5n 0-90\u00b0. Anh\u00e5ll f\u00f6r parallella linjer i intervall om 5mm. Laserm\u00e4rkta m\u00e5tt och text g\u00f6r att den klarar tuff anv\u00e4ndning. Flera smarta funktioner f\u00f6r konstruktion av takstolar. H\u00e5l... View Article\" \/>\n<meta property=\"og:url\" content=\"https:\/\/lunatools.test.consids5.se\/sv\/product\/snabbvinkel-alu-175\/\" \/>\n<meta property=\"og:site_name\" content=\"Luna tools\" \/>\n<script type=\"application\/ld+json\" class=\"yoast-schema-graph\">{\"@context\":\"https:\/\/schema.org\",\"@graph\":[{\"@type\":\"WebPage\",\"@id\":\"https:\/\/lunatools.test.consids5.se\/sv\/product\/snabbvinkel-alu-175\/\",\"url\":\"https:\/\/lunatools.test.consids5.se\/sv\/product\/snabbvinkel-alu-175\/\",\"name\":\"SNABBVINKEL ALU 175 - Luna tools\",\"isPartOf\":{\"@id\":\"https:\/\/lunatools.test.consids5.se\/en\/#website\"},\"datePublished\":\"2021-11-04T03:00:26+00:00\",\"dateModified\":\"2021-11-04T03:00:26+00:00\",\"breadcrumb\":{\"@id\":\"https:\/\/lunatools.test.consids5.se\/sv\/product\/snabbvinkel-alu-175\/#breadcrumb\"},\"inLanguage\":\"sv-SE\",\"potentialAction\":[{\"@type\":\"ReadAction\",\"target\":[\"https:\/\/lunatools.test.consids5.se\/sv\/product\/snabbvinkel-alu-175\/\"]}]},{\"@type\":\"BreadcrumbList\",\"@id\":\"https:\/\/lunatools.test.consids5.se\/sv\/product\/snabbvinkel-alu-175\/#breadcrumb\",\"itemListElement\":[{\"@type\":\"ListItem\",\"position\":1,\"name\":\"Home\",\"item\":\"https:\/\/lunatools.test.consids5.se\/sv\/professionella-elverktygstillbehor-lunatools-startpage\/\"},{\"@type\":\"ListItem\",\"position\":2,\"name\":\"Products\",\"item\":\"https:\/\/lunatools.test.consids5.se\/en\/shop\/\"},{\"@type\":\"ListItem\",\"position\":3,\"name\":\"SNABBVINKEL ALU 175\"}]},{\"@type\":\"WebSite\",\"@id\":\"https:\/\/lunatools.test.consids5.se\/en\/#website\",\"url\":\"https:\/\/lunatools.test.consids5.se\/en\/\",\"name\":\"Luna tools\",\"description\":\"\",\"publisher\":{\"@id\":\"https:\/\/lunatools.test.consids5.se\/en\/#organization\"},\"potentialAction\":[{\"@type\":\"SearchAction\",\"target\":{\"@type\":\"EntryPoint\",\"urlTemplate\":\"https:\/\/lunatools.test.consids5.se\/en\/?s={search_term_string}\"},\"query-input\":\"required name=search_term_string\"}],\"inLanguage\":\"sv-SE\"},{\"@type\":\"Organization\",\"@id\":\"https:\/\/lunatools.test.consids5.se\/en\/#organization\",\"name\":\"Luna Tools\",\"url\":\"https:\/\/lunatools.test.consids5.se\/en\/\",\"logo\":{\"@type\":\"ImageObject\",\"inLanguage\":\"sv-SE\",\"@id\":\"https:\/\/lunatools.test.consids5.se\/en\/#\/schema\/logo\/image\/\",\"url\":\"https:\/\/lunatools.com\/wp-content\/uploads\/2019\/10\/LunaTools-gray-logo.png\",\"contentUrl\":\"https:\/\/lunatools.com\/wp-content\/uploads\/2019\/10\/LunaTools-gray-logo.png\",\"width\":795,\"height\":309,\"caption\":\"Luna Tools\"},\"image\":{\"@id\":\"https:\/\/lunatools.test.consids5.se\/en\/#\/schema\/logo\/image\/\"}}]}<\/script>\n<!-- \/ Yoast SEO plugin. -->","yoast_head_json":{"title":"SNABBVINKEL ALU 175 - Luna tools","robots":{"index":"index","follow":"follow","max-snippet":"max-snippet:-1","max-image-preview":"max-image-preview:large","max-video-preview":"max-video-preview:-1"},"canonical":"https:\/\/lunatools.test.consids5.se\/sv\/product\/snabbvinkel-alu-175\/","og_locale":"sv_SE","og_type":"article","og_title":"SNABBVINKEL ALU 175 - Luna tools","og_description":"Snabbvinkel av planfr\u00e4st aluminium. Denna vinkel \u00e4r en smidig multiprodukt med m\u00e5nga anv\u00e4ndningsomr\u00e5den. F\u00f6rutom snabb funktion f\u00f6r 90\u00b0 och 45\u00b0 s\u00e5 finns funktioner s\u00e5som gradskiva med m\u00e4tning fr\u00e5n 0-90\u00b0. Anh\u00e5ll f\u00f6r parallella linjer i intervall om 5mm. Laserm\u00e4rkta m\u00e5tt och text g\u00f6r att den klarar tuff anv\u00e4ndning. Flera smarta funktioner f\u00f6r konstruktion av takstolar. H\u00e5l... View Article","og_url":"https:\/\/lunatools.test.consids5.se\/sv\/product\/snabbvinkel-alu-175\/","og_site_name":"Luna tools","schema":{"@context":"https:\/\/schema.org","@graph":[{"@type":"WebPage","@id":"https:\/\/lunatools.test.consids5.se\/sv\/product\/snabbvinkel-alu-175\/","url":"https:\/\/lunatools.test.consids5.se\/sv\/product\/snabbvinkel-alu-175\/","name":"SNABBVINKEL ALU 175 - Luna tools","isPartOf":{"@id":"https:\/\/lunatools.test.consids5.se\/en\/#website"},"datePublished":"2021-11-04T03:00:26+00:00","dateModified":"2021-11-04T03:00:26+00:00","breadcrumb":{"@id":"https:\/\/lunatools.test.consids5.se\/sv\/product\/snabbvinkel-alu-175\/#breadcrumb"},"inLanguage":"sv-SE","potentialAction":[{"@type":"ReadAction","target":["https:\/\/lunatools.test.consids5.se\/sv\/product\/snabbvinkel-alu-175\/"]}]},{"@type":"BreadcrumbList","@id":"https:\/\/lunatools.test.consids5.se\/sv\/product\/snabbvinkel-alu-175\/#breadcrumb","itemListElement":[{"@type":"ListItem","position":1,"name":"Home","item":"https:\/\/lunatools.test.consids5.se\/sv\/professionella-elverktygstillbehor-lunatools-startpage\/"},{"@type":"ListItem","position":2,"name":"Products","item":"https:\/\/lunatools.test.consids5.se\/en\/shop\/"},{"@type":"ListItem","position":3,"name":"SNABBVINKEL ALU 175"}]},{"@type":"WebSite","@id":"https:\/\/lunatools.test.consids5.se\/en\/#website","url":"https:\/\/lunatools.test.consids5.se\/en\/","name":"Luna tools","description":"","publisher":{"@id":"https:\/\/lunatools.test.consids5.se\/en\/#organization"},"potentialAction":[{"@type":"SearchAction","target":{"@type":"EntryPoint","urlTemplate":"https:\/\/lunatools.test.consids5.se\/en\/?s={search_term_string}"},"query-input":"required name=search_term_string"}],"inLanguage":"sv-SE"},{"@type":"Organization","@id":"https:\/\/lunatools.test.consids5.se\/en\/#organization","name":"Luna Tools","url":"https:\/\/lunatools.test.consids5.se\/en\/","logo":{"@type":"ImageObject","inLanguage":"sv-SE","@id":"https:\/\/lunatools.test.consids5.se\/en\/#\/schema\/logo\/image\/","url":"https:\/\/lunatools.com\/wp-content\/uploads\/2019\/10\/LunaTools-gray-logo.png","contentUrl":"https:\/\/lunatools.com\/wp-content\/uploads\/2019\/10\/LunaTools-gray-logo.png","width":795,"height":309,"caption":"Luna Tools"},"image":{"@id":"https:\/\/lunatools.test.consids5.se\/en\/#\/schema\/logo\/image\/"}}]}},"_links":{"self":[{"href":"https:\/\/lunatools.test.consids5.se\/sv\/wp-json\/wp\/v2\/product\/13916"}],"collection":[{"href":"https:\/\/lunatools.test.consids5.se\/sv\/wp-json\/wp\/v2\/product"}],"about":[{"href":"https:\/\/lunatools.test.consids5.se\/sv\/wp-json\/wp\/v2\/types\/product"}],"wp:attachment":[{"href":"https:\/\/lunatools.test.consids5.se\/sv\/wp-json\/wp\/v2\/media?parent=13916"}],"wp:term":[{"taxonomy":"product_cat","embeddable":true,"href":"https:\/\/lunatools.test.consids5.se\/sv\/wp-json\/wp\/v2\/product_cat?post=13916"},{"taxonomy":"product_tag","embeddable":true,"href":"https:\/\/lunatools.test.consids5.se\/sv\/wp-json\/wp\/v2\/product_tag?post=13916"}],"curies":[{"name":"wp","href":"https:\/\/api.w.org\/{rel}","templated":true}]}}