{"id":13922,"date":"2021-11-04T03:00:28","date_gmt":"2021-11-04T03:00:28","guid":{"rendered":"http:\/\/lunatools.com\/product\/vinkelhake-alu-300\/"},"modified":"2021-11-04T03:00:28","modified_gmt":"2021-11-04T03:00:28","slug":"vinkelhake-alu-300","status":"publish","type":"product","link":"https:\/\/lunatools.test.consids5.se\/sv\/product\/vinkelhake-alu-300\/","title":{"rendered":"VINKELHAKE ALU 300"},"content":{"rendered":"<p>En mycket robust och precisionstillverkad vinkelhake. Gjutet handtag i aluminium som har fr\u00e4sta ytor f\u00f6r b\u00e4sta parallellitet. Anslagsbredden \u00e4r hela18 mm vilket \u00f6kar stabilitet och anv\u00e4ndning p\u00e5 tex dimensionshyvlade reglar med rundad kant. Klinga av rostfritt st\u00e5l 1,5\u00d745mm med djupetsad mm-skala. Tolerans \u00b10,03\u00b0. H\u00e5l f\u00f6r verktygss\u00e4kring.<\/p>\n","protected":false},"excerpt":{"rendered":"En mycket robust och precisionstillverkad vinkelhake. Gjutet handtag i aluminium som har fr\u00e4sta ytor f\u00f6r b\u00e4sta parallellitet. Anslagsbredden \u00e4r hela18 mm vilket \u00f6kar stabilitet och anv\u00e4ndning p\u00e5 tex dimensionshyvlade reglar med rundad kant. Klinga av rostfritt st\u00e5l 1,5\u00d745mm med djupetsad mm-skala. Tolerans \u00b10,03\u00b0. H\u00e5l f\u00f6r verktygss\u00e4kring.","protected":false},"featured_media":0,"template":"","meta":{"_acf_changed":false},"product_cat":[972],"product_tag":[],"class_list":{"0":"post-13922","1":"product","2":"type-product","3":"status-publish","5":"product_cat-vinklar-sv","7":"first","8":"instock","9":"shipping-taxable","10":"product-type-simple"},"acf":[],"yoast_head":"<!-- This site is optimized with the Yoast SEO plugin v23.2 - https:\/\/yoast.com\/wordpress\/plugins\/seo\/ -->\n<title>VINKELHAKE ALU 300 - Luna tools<\/title>\n<meta name=\"robots\" content=\"index, follow, max-snippet:-1, max-image-preview:large, max-video-preview:-1\" \/>\n<link rel=\"canonical\" href=\"https:\/\/lunatools.test.consids5.se\/sv\/product\/vinkelhake-alu-300\/\" \/>\n<meta property=\"og:locale\" content=\"sv_SE\" \/>\n<meta property=\"og:type\" content=\"article\" \/>\n<meta property=\"og:title\" content=\"VINKELHAKE ALU 300 - Luna tools\" \/>\n<meta property=\"og:description\" content=\"En mycket robust och precisionstillverkad vinkelhake. Gjutet handtag i aluminium som har fr\u00e4sta ytor f\u00f6r b\u00e4sta parallellitet. Anslagsbredden \u00e4r hela18 mm vilket \u00f6kar stabilitet och anv\u00e4ndning p\u00e5 tex dimensionshyvlade reglar med rundad kant. Klinga av rostfritt st\u00e5l 1,5\u00d745mm med djupetsad mm-skala. Tolerans \u00b10,03\u00b0. H\u00e5l f\u00f6r verktygss\u00e4kring.\" \/>\n<meta property=\"og:url\" content=\"https:\/\/lunatools.test.consids5.se\/sv\/product\/vinkelhake-alu-300\/\" \/>\n<meta property=\"og:site_name\" content=\"Luna tools\" \/>\n<script type=\"application\/ld+json\" class=\"yoast-schema-graph\">{\"@context\":\"https:\/\/schema.org\",\"@graph\":[{\"@type\":\"WebPage\",\"@id\":\"https:\/\/lunatools.test.consids5.se\/sv\/product\/vinkelhake-alu-300\/\",\"url\":\"https:\/\/lunatools.test.consids5.se\/sv\/product\/vinkelhake-alu-300\/\",\"name\":\"VINKELHAKE ALU 300 - Luna tools\",\"isPartOf\":{\"@id\":\"https:\/\/lunatools.test.consids5.se\/en\/#website\"},\"datePublished\":\"2021-11-04T03:00:28+00:00\",\"dateModified\":\"2021-11-04T03:00:28+00:00\",\"breadcrumb\":{\"@id\":\"https:\/\/lunatools.test.consids5.se\/sv\/product\/vinkelhake-alu-300\/#breadcrumb\"},\"inLanguage\":\"sv-SE\",\"potentialAction\":[{\"@type\":\"ReadAction\",\"target\":[\"https:\/\/lunatools.test.consids5.se\/sv\/product\/vinkelhake-alu-300\/\"]}]},{\"@type\":\"BreadcrumbList\",\"@id\":\"https:\/\/lunatools.test.consids5.se\/sv\/product\/vinkelhake-alu-300\/#breadcrumb\",\"itemListElement\":[{\"@type\":\"ListItem\",\"position\":1,\"name\":\"Home\",\"item\":\"https:\/\/lunatools.test.consids5.se\/sv\/professionella-elverktygstillbehor-lunatools-startpage\/\"},{\"@type\":\"ListItem\",\"position\":2,\"name\":\"Products\",\"item\":\"https:\/\/lunatools.test.consids5.se\/en\/shop\/\"},{\"@type\":\"ListItem\",\"position\":3,\"name\":\"VINKELHAKE ALU 300\"}]},{\"@type\":\"WebSite\",\"@id\":\"https:\/\/lunatools.test.consids5.se\/en\/#website\",\"url\":\"https:\/\/lunatools.test.consids5.se\/en\/\",\"name\":\"Luna tools\",\"description\":\"\",\"publisher\":{\"@id\":\"https:\/\/lunatools.test.consids5.se\/en\/#organization\"},\"potentialAction\":[{\"@type\":\"SearchAction\",\"target\":{\"@type\":\"EntryPoint\",\"urlTemplate\":\"https:\/\/lunatools.test.consids5.se\/en\/?s={search_term_string}\"},\"query-input\":\"required name=search_term_string\"}],\"inLanguage\":\"sv-SE\"},{\"@type\":\"Organization\",\"@id\":\"https:\/\/lunatools.test.consids5.se\/en\/#organization\",\"name\":\"Luna Tools\",\"url\":\"https:\/\/lunatools.test.consids5.se\/en\/\",\"logo\":{\"@type\":\"ImageObject\",\"inLanguage\":\"sv-SE\",\"@id\":\"https:\/\/lunatools.test.consids5.se\/en\/#\/schema\/logo\/image\/\",\"url\":\"https:\/\/lunatools.com\/wp-content\/uploads\/2019\/10\/LunaTools-gray-logo.png\",\"contentUrl\":\"https:\/\/lunatools.com\/wp-content\/uploads\/2019\/10\/LunaTools-gray-logo.png\",\"width\":795,\"height\":309,\"caption\":\"Luna Tools\"},\"image\":{\"@id\":\"https:\/\/lunatools.test.consids5.se\/en\/#\/schema\/logo\/image\/\"}}]}<\/script>\n<!-- \/ Yoast SEO plugin. -->","yoast_head_json":{"title":"VINKELHAKE ALU 300 - Luna tools","robots":{"index":"index","follow":"follow","max-snippet":"max-snippet:-1","max-image-preview":"max-image-preview:large","max-video-preview":"max-video-preview:-1"},"canonical":"https:\/\/lunatools.test.consids5.se\/sv\/product\/vinkelhake-alu-300\/","og_locale":"sv_SE","og_type":"article","og_title":"VINKELHAKE ALU 300 - Luna tools","og_description":"En mycket robust och precisionstillverkad vinkelhake. Gjutet handtag i aluminium som har fr\u00e4sta ytor f\u00f6r b\u00e4sta parallellitet. Anslagsbredden \u00e4r hela18 mm vilket \u00f6kar stabilitet och anv\u00e4ndning p\u00e5 tex dimensionshyvlade reglar med rundad kant. Klinga av rostfritt st\u00e5l 1,5\u00d745mm med djupetsad mm-skala. Tolerans \u00b10,03\u00b0. H\u00e5l f\u00f6r verktygss\u00e4kring.","og_url":"https:\/\/lunatools.test.consids5.se\/sv\/product\/vinkelhake-alu-300\/","og_site_name":"Luna tools","schema":{"@context":"https:\/\/schema.org","@graph":[{"@type":"WebPage","@id":"https:\/\/lunatools.test.consids5.se\/sv\/product\/vinkelhake-alu-300\/","url":"https:\/\/lunatools.test.consids5.se\/sv\/product\/vinkelhake-alu-300\/","name":"VINKELHAKE ALU 300 - Luna tools","isPartOf":{"@id":"https:\/\/lunatools.test.consids5.se\/en\/#website"},"datePublished":"2021-11-04T03:00:28+00:00","dateModified":"2021-11-04T03:00:28+00:00","breadcrumb":{"@id":"https:\/\/lunatools.test.consids5.se\/sv\/product\/vinkelhake-alu-300\/#breadcrumb"},"inLanguage":"sv-SE","potentialAction":[{"@type":"ReadAction","target":["https:\/\/lunatools.test.consids5.se\/sv\/product\/vinkelhake-alu-300\/"]}]},{"@type":"BreadcrumbList","@id":"https:\/\/lunatools.test.consids5.se\/sv\/product\/vinkelhake-alu-300\/#breadcrumb","itemListElement":[{"@type":"ListItem","position":1,"name":"Home","item":"https:\/\/lunatools.test.consids5.se\/sv\/professionella-elverktygstillbehor-lunatools-startpage\/"},{"@type":"ListItem","position":2,"name":"Products","item":"https:\/\/lunatools.test.consids5.se\/en\/shop\/"},{"@type":"ListItem","position":3,"name":"VINKELHAKE ALU 300"}]},{"@type":"WebSite","@id":"https:\/\/lunatools.test.consids5.se\/en\/#website","url":"https:\/\/lunatools.test.consids5.se\/en\/","name":"Luna tools","description":"","publisher":{"@id":"https:\/\/lunatools.test.consids5.se\/en\/#organization"},"potentialAction":[{"@type":"SearchAction","target":{"@type":"EntryPoint","urlTemplate":"https:\/\/lunatools.test.consids5.se\/en\/?s={search_term_string}"},"query-input":"required name=search_term_string"}],"inLanguage":"sv-SE"},{"@type":"Organization","@id":"https:\/\/lunatools.test.consids5.se\/en\/#organization","name":"Luna Tools","url":"https:\/\/lunatools.test.consids5.se\/en\/","logo":{"@type":"ImageObject","inLanguage":"sv-SE","@id":"https:\/\/lunatools.test.consids5.se\/en\/#\/schema\/logo\/image\/","url":"https:\/\/lunatools.com\/wp-content\/uploads\/2019\/10\/LunaTools-gray-logo.png","contentUrl":"https:\/\/lunatools.com\/wp-content\/uploads\/2019\/10\/LunaTools-gray-logo.png","width":795,"height":309,"caption":"Luna Tools"},"image":{"@id":"https:\/\/lunatools.test.consids5.se\/en\/#\/schema\/logo\/image\/"}}]}},"_links":{"self":[{"href":"https:\/\/lunatools.test.consids5.se\/sv\/wp-json\/wp\/v2\/product\/13922"}],"collection":[{"href":"https:\/\/lunatools.test.consids5.se\/sv\/wp-json\/wp\/v2\/product"}],"about":[{"href":"https:\/\/lunatools.test.consids5.se\/sv\/wp-json\/wp\/v2\/types\/product"}],"wp:attachment":[{"href":"https:\/\/lunatools.test.consids5.se\/sv\/wp-json\/wp\/v2\/media?parent=13922"}],"wp:term":[{"taxonomy":"product_cat","embeddable":true,"href":"https:\/\/lunatools.test.consids5.se\/sv\/wp-json\/wp\/v2\/product_cat?post=13922"},{"taxonomy":"product_tag","embeddable":true,"href":"https:\/\/lunatools.test.consids5.se\/sv\/wp-json\/wp\/v2\/product_tag?post=13922"}],"curies":[{"name":"wp","href":"https:\/\/api.w.org\/{rel}","templated":true}]}}