{"id":1546,"date":"2021-11-04T02:00:31","date_gmt":"2021-11-04T02:00:31","guid":{"rendered":"https:\/\/lunatools.com\/product\/lamellrondell-125mm-k40\/"},"modified":"2021-11-04T02:00:31","modified_gmt":"2021-11-04T02:00:31","slug":"lamellrondell-125mm-k40","status":"publish","type":"product","link":"https:\/\/lunatools.test.consids5.se\/sv\/product\/lamellrondell-125mm-k40\/","title":{"rendered":"LAMELLRONDELL 125MM K40"},"content":{"rendered":"<p>Konvexa. Lamellrondeller f\u00f6r slipning av j\u00e4rn, st\u00e5l och rostfritt. Uppbyggda av rektangul\u00e4ra slipdukslameller, \u00f6verlappande varandra och limmade p\u00e5 en armerad fiberrygg. Den konvexa formen l\u00e4mpar sig b\u00e5de f\u00f6r finare slipning med hela ytan och f\u00f6r slipning med h\u00f6gre perifert sliptryck. Max. periferihastighet 80 m\/sek.<\/p>\n","protected":false},"excerpt":{"rendered":"Konvexa. Lamellrondeller f\u00f6r slipning av j\u00e4rn, st\u00e5l och rostfritt. Uppbyggda av rektangul\u00e4ra slipdukslameller, \u00f6verlappande varandra och limmade p\u00e5 en armerad fiberrygg. Den konvexa formen l\u00e4mpar sig b\u00e5de f\u00f6r finare slipning med hela ytan och f\u00f6r slipning med h\u00f6gre perifert sliptryck. Max. periferihastighet 80 m\/sek.","protected":false},"featured_media":0,"template":"","meta":{"_acf_changed":false},"product_cat":[382,481],"product_tag":[],"class_list":{"0":"post-1546","1":"product","2":"type-product","3":"status-publish","5":"product_cat-slip-och-kapverktyg-sv","6":"product_cat-lamellrondeller-sv","8":"first","9":"instock","10":"shipping-taxable","11":"product-type-simple"},"acf":[],"yoast_head":"<!-- This site is optimized with the Yoast SEO plugin v23.2 - https:\/\/yoast.com\/wordpress\/plugins\/seo\/ -->\n<title>LAMELLRONDELL 125MM K40 - Luna tools<\/title>\n<meta name=\"robots\" content=\"index, follow, max-snippet:-1, max-image-preview:large, max-video-preview:-1\" \/>\n<link rel=\"canonical\" href=\"https:\/\/lunatools.test.consids5.se\/sv\/product\/lamellrondell-125mm-k40\/\" \/>\n<meta property=\"og:locale\" content=\"sv_SE\" \/>\n<meta property=\"og:type\" content=\"article\" \/>\n<meta property=\"og:title\" content=\"LAMELLRONDELL 125MM K40 - Luna tools\" \/>\n<meta property=\"og:description\" content=\"Konvexa. Lamellrondeller f\u00f6r slipning av j\u00e4rn, st\u00e5l och rostfritt. Uppbyggda av rektangul\u00e4ra slipdukslameller, \u00f6verlappande varandra och limmade p\u00e5 en armerad fiberrygg. Den konvexa formen l\u00e4mpar sig b\u00e5de f\u00f6r finare slipning med hela ytan och f\u00f6r slipning med h\u00f6gre perifert sliptryck. Max. periferihastighet 80 m\/sek.\" \/>\n<meta property=\"og:url\" content=\"https:\/\/lunatools.test.consids5.se\/sv\/product\/lamellrondell-125mm-k40\/\" \/>\n<meta property=\"og:site_name\" content=\"Luna tools\" \/>\n<script type=\"application\/ld+json\" class=\"yoast-schema-graph\">{\"@context\":\"https:\/\/schema.org\",\"@graph\":[{\"@type\":\"WebPage\",\"@id\":\"https:\/\/lunatools.test.consids5.se\/sv\/product\/lamellrondell-125mm-k40\/\",\"url\":\"https:\/\/lunatools.test.consids5.se\/sv\/product\/lamellrondell-125mm-k40\/\",\"name\":\"LAMELLRONDELL 125MM K40 - Luna tools\",\"isPartOf\":{\"@id\":\"https:\/\/lunatools.test.consids5.se\/en\/#website\"},\"datePublished\":\"2021-11-04T02:00:31+00:00\",\"dateModified\":\"2021-11-04T02:00:31+00:00\",\"breadcrumb\":{\"@id\":\"https:\/\/lunatools.test.consids5.se\/sv\/product\/lamellrondell-125mm-k40\/#breadcrumb\"},\"inLanguage\":\"sv-SE\",\"potentialAction\":[{\"@type\":\"ReadAction\",\"target\":[\"https:\/\/lunatools.test.consids5.se\/sv\/product\/lamellrondell-125mm-k40\/\"]}]},{\"@type\":\"BreadcrumbList\",\"@id\":\"https:\/\/lunatools.test.consids5.se\/sv\/product\/lamellrondell-125mm-k40\/#breadcrumb\",\"itemListElement\":[{\"@type\":\"ListItem\",\"position\":1,\"name\":\"Home\",\"item\":\"https:\/\/lunatools.test.consids5.se\/sv\/professionella-elverktygstillbehor-lunatools-startpage\/\"},{\"@type\":\"ListItem\",\"position\":2,\"name\":\"Products\",\"item\":\"https:\/\/lunatools.test.consids5.se\/en\/shop\/\"},{\"@type\":\"ListItem\",\"position\":3,\"name\":\"LAMELLRONDELL 125MM K40\"}]},{\"@type\":\"WebSite\",\"@id\":\"https:\/\/lunatools.test.consids5.se\/en\/#website\",\"url\":\"https:\/\/lunatools.test.consids5.se\/en\/\",\"name\":\"Luna tools\",\"description\":\"\",\"publisher\":{\"@id\":\"https:\/\/lunatools.test.consids5.se\/en\/#organization\"},\"potentialAction\":[{\"@type\":\"SearchAction\",\"target\":{\"@type\":\"EntryPoint\",\"urlTemplate\":\"https:\/\/lunatools.test.consids5.se\/en\/?s={search_term_string}\"},\"query-input\":\"required name=search_term_string\"}],\"inLanguage\":\"sv-SE\"},{\"@type\":\"Organization\",\"@id\":\"https:\/\/lunatools.test.consids5.se\/en\/#organization\",\"name\":\"Luna Tools\",\"url\":\"https:\/\/lunatools.test.consids5.se\/en\/\",\"logo\":{\"@type\":\"ImageObject\",\"inLanguage\":\"sv-SE\",\"@id\":\"https:\/\/lunatools.test.consids5.se\/en\/#\/schema\/logo\/image\/\",\"url\":\"https:\/\/lunatools.com\/wp-content\/uploads\/2019\/10\/LunaTools-gray-logo.png\",\"contentUrl\":\"https:\/\/lunatools.com\/wp-content\/uploads\/2019\/10\/LunaTools-gray-logo.png\",\"width\":795,\"height\":309,\"caption\":\"Luna Tools\"},\"image\":{\"@id\":\"https:\/\/lunatools.test.consids5.se\/en\/#\/schema\/logo\/image\/\"}}]}<\/script>\n<!-- \/ Yoast SEO plugin. -->","yoast_head_json":{"title":"LAMELLRONDELL 125MM K40 - Luna tools","robots":{"index":"index","follow":"follow","max-snippet":"max-snippet:-1","max-image-preview":"max-image-preview:large","max-video-preview":"max-video-preview:-1"},"canonical":"https:\/\/lunatools.test.consids5.se\/sv\/product\/lamellrondell-125mm-k40\/","og_locale":"sv_SE","og_type":"article","og_title":"LAMELLRONDELL 125MM K40 - Luna tools","og_description":"Konvexa. Lamellrondeller f\u00f6r slipning av j\u00e4rn, st\u00e5l och rostfritt. Uppbyggda av rektangul\u00e4ra slipdukslameller, \u00f6verlappande varandra och limmade p\u00e5 en armerad fiberrygg. Den konvexa formen l\u00e4mpar sig b\u00e5de f\u00f6r finare slipning med hela ytan och f\u00f6r slipning med h\u00f6gre perifert sliptryck. Max. periferihastighet 80 m\/sek.","og_url":"https:\/\/lunatools.test.consids5.se\/sv\/product\/lamellrondell-125mm-k40\/","og_site_name":"Luna tools","schema":{"@context":"https:\/\/schema.org","@graph":[{"@type":"WebPage","@id":"https:\/\/lunatools.test.consids5.se\/sv\/product\/lamellrondell-125mm-k40\/","url":"https:\/\/lunatools.test.consids5.se\/sv\/product\/lamellrondell-125mm-k40\/","name":"LAMELLRONDELL 125MM K40 - Luna tools","isPartOf":{"@id":"https:\/\/lunatools.test.consids5.se\/en\/#website"},"datePublished":"2021-11-04T02:00:31+00:00","dateModified":"2021-11-04T02:00:31+00:00","breadcrumb":{"@id":"https:\/\/lunatools.test.consids5.se\/sv\/product\/lamellrondell-125mm-k40\/#breadcrumb"},"inLanguage":"sv-SE","potentialAction":[{"@type":"ReadAction","target":["https:\/\/lunatools.test.consids5.se\/sv\/product\/lamellrondell-125mm-k40\/"]}]},{"@type":"BreadcrumbList","@id":"https:\/\/lunatools.test.consids5.se\/sv\/product\/lamellrondell-125mm-k40\/#breadcrumb","itemListElement":[{"@type":"ListItem","position":1,"name":"Home","item":"https:\/\/lunatools.test.consids5.se\/sv\/professionella-elverktygstillbehor-lunatools-startpage\/"},{"@type":"ListItem","position":2,"name":"Products","item":"https:\/\/lunatools.test.consids5.se\/en\/shop\/"},{"@type":"ListItem","position":3,"name":"LAMELLRONDELL 125MM K40"}]},{"@type":"WebSite","@id":"https:\/\/lunatools.test.consids5.se\/en\/#website","url":"https:\/\/lunatools.test.consids5.se\/en\/","name":"Luna tools","description":"","publisher":{"@id":"https:\/\/lunatools.test.consids5.se\/en\/#organization"},"potentialAction":[{"@type":"SearchAction","target":{"@type":"EntryPoint","urlTemplate":"https:\/\/lunatools.test.consids5.se\/en\/?s={search_term_string}"},"query-input":"required name=search_term_string"}],"inLanguage":"sv-SE"},{"@type":"Organization","@id":"https:\/\/lunatools.test.consids5.se\/en\/#organization","name":"Luna Tools","url":"https:\/\/lunatools.test.consids5.se\/en\/","logo":{"@type":"ImageObject","inLanguage":"sv-SE","@id":"https:\/\/lunatools.test.consids5.se\/en\/#\/schema\/logo\/image\/","url":"https:\/\/lunatools.com\/wp-content\/uploads\/2019\/10\/LunaTools-gray-logo.png","contentUrl":"https:\/\/lunatools.com\/wp-content\/uploads\/2019\/10\/LunaTools-gray-logo.png","width":795,"height":309,"caption":"Luna Tools"},"image":{"@id":"https:\/\/lunatools.test.consids5.se\/en\/#\/schema\/logo\/image\/"}}]}},"_links":{"self":[{"href":"https:\/\/lunatools.test.consids5.se\/sv\/wp-json\/wp\/v2\/product\/1546"}],"collection":[{"href":"https:\/\/lunatools.test.consids5.se\/sv\/wp-json\/wp\/v2\/product"}],"about":[{"href":"https:\/\/lunatools.test.consids5.se\/sv\/wp-json\/wp\/v2\/types\/product"}],"wp:attachment":[{"href":"https:\/\/lunatools.test.consids5.se\/sv\/wp-json\/wp\/v2\/media?parent=1546"}],"wp:term":[{"taxonomy":"product_cat","embeddable":true,"href":"https:\/\/lunatools.test.consids5.se\/sv\/wp-json\/wp\/v2\/product_cat?post=1546"},{"taxonomy":"product_tag","embeddable":true,"href":"https:\/\/lunatools.test.consids5.se\/sv\/wp-json\/wp\/v2\/product_tag?post=1546"}],"curies":[{"name":"wp","href":"https:\/\/api.w.org\/{rel}","templated":true}]}}