{"id":2627,"date":"2021-03-05T09:56:07","date_gmt":"2021-03-05T09:56:07","guid":{"rendered":"https:\/\/lunatools.com\/product\/sagklinga-hm-l-210x30-z48-5gr\/"},"modified":"2021-03-05T09:56:07","modified_gmt":"2021-03-05T09:56:07","slug":"sagklinga-hm-l-210x30-z48-5gr","status":"publish","type":"product","link":"https:\/\/lunatools.test.consids5.se\/sv\/product\/sagklinga-hm-l-210x30-z48-5gr\/","title":{"rendered":"S\u00c5GKLINGA HM L 210X30 Z48 -5GR"},"content":{"rendered":"<p>Cirkels\u00e5gblad Laser. S\u00e5gklingor f\u00f6r yrkesm\u00e4ssig anv\u00e4ndning med ljudd\u00e4mpande lasersp\u00e5r i stambladet. Finns f\u00f6r de flesta p\u00e5 marknaden f\u00f6rekommande handcirkels\u00e5gar.<\/p>\n","protected":false},"excerpt":{"rendered":"Cirkels\u00e5gblad Laser. S\u00e5gklingor f\u00f6r yrkesm\u00e4ssig anv\u00e4ndning med ljudd\u00e4mpande lasersp\u00e5r i stambladet. Finns f\u00f6r de flesta p\u00e5 marknaden f\u00f6rekommande handcirkels\u00e5gar.","protected":false},"featured_media":47715,"template":"","meta":{"_acf_changed":false},"product_cat":[],"product_tag":[],"class_list":{"0":"post-2627","1":"product","2":"type-product","3":"status-publish","4":"has-post-thumbnail","7":"first","8":"instock","9":"shipping-taxable","10":"product-type-simple"},"acf":[],"yoast_head":"<!-- This site is optimized with the Yoast SEO plugin v23.2 - https:\/\/yoast.com\/wordpress\/plugins\/seo\/ -->\n<title>S\u00c5GKLINGA HM L 210X30 Z48 -5GR - Luna tools<\/title>\n<meta name=\"robots\" content=\"index, follow, max-snippet:-1, max-image-preview:large, max-video-preview:-1\" \/>\n<link rel=\"canonical\" href=\"https:\/\/lunatools.test.consids5.se\/sv\/product\/sagklinga-hm-l-210x30-z48-5gr\/\" \/>\n<meta property=\"og:locale\" content=\"sv_SE\" \/>\n<meta property=\"og:type\" content=\"article\" \/>\n<meta property=\"og:title\" content=\"S\u00c5GKLINGA HM L 210X30 Z48 -5GR - Luna tools\" \/>\n<meta property=\"og:description\" content=\"Cirkels\u00e5gblad Laser. S\u00e5gklingor f\u00f6r yrkesm\u00e4ssig anv\u00e4ndning med ljudd\u00e4mpande lasersp\u00e5r i stambladet. Finns f\u00f6r de flesta p\u00e5 marknaden f\u00f6rekommande handcirkels\u00e5gar.\" \/>\n<meta property=\"og:url\" content=\"https:\/\/lunatools.test.consids5.se\/sv\/product\/sagklinga-hm-l-210x30-z48-5gr\/\" \/>\n<meta property=\"og:site_name\" content=\"Luna tools\" \/>\n<meta property=\"og:image\" content=\"https:\/\/lunatools.test.consids5.se\/wp-content\/uploads\/2021\/03\/859433-2.jpg\" \/>\n\t<meta property=\"og:image:width\" content=\"1399\" \/>\n\t<meta property=\"og:image:height\" content=\"1400\" \/>\n\t<meta property=\"og:image:type\" content=\"image\/jpeg\" \/>\n<script type=\"application\/ld+json\" class=\"yoast-schema-graph\">{\"@context\":\"https:\/\/schema.org\",\"@graph\":[{\"@type\":\"WebPage\",\"@id\":\"https:\/\/lunatools.test.consids5.se\/sv\/product\/sagklinga-hm-l-210x30-z48-5gr\/\",\"url\":\"https:\/\/lunatools.test.consids5.se\/sv\/product\/sagklinga-hm-l-210x30-z48-5gr\/\",\"name\":\"S\u00c5GKLINGA HM L 210X30 Z48 -5GR - Luna tools\",\"isPartOf\":{\"@id\":\"https:\/\/lunatools.test.consids5.se\/en\/#website\"},\"primaryImageOfPage\":{\"@id\":\"https:\/\/lunatools.test.consids5.se\/sv\/product\/sagklinga-hm-l-210x30-z48-5gr\/#primaryimage\"},\"image\":{\"@id\":\"https:\/\/lunatools.test.consids5.se\/sv\/product\/sagklinga-hm-l-210x30-z48-5gr\/#primaryimage\"},\"thumbnailUrl\":\"https:\/\/lunatools.test.consids5.se\/wp-content\/uploads\/2021\/03\/859433-2.jpg\",\"datePublished\":\"2021-03-05T09:56:07+00:00\",\"dateModified\":\"2021-03-05T09:56:07+00:00\",\"breadcrumb\":{\"@id\":\"https:\/\/lunatools.test.consids5.se\/sv\/product\/sagklinga-hm-l-210x30-z48-5gr\/#breadcrumb\"},\"inLanguage\":\"sv-SE\",\"potentialAction\":[{\"@type\":\"ReadAction\",\"target\":[\"https:\/\/lunatools.test.consids5.se\/sv\/product\/sagklinga-hm-l-210x30-z48-5gr\/\"]}]},{\"@type\":\"ImageObject\",\"inLanguage\":\"sv-SE\",\"@id\":\"https:\/\/lunatools.test.consids5.se\/sv\/product\/sagklinga-hm-l-210x30-z48-5gr\/#primaryimage\",\"url\":\"https:\/\/lunatools.test.consids5.se\/wp-content\/uploads\/2021\/03\/859433-2.jpg\",\"contentUrl\":\"https:\/\/lunatools.test.consids5.se\/wp-content\/uploads\/2021\/03\/859433-2.jpg\",\"width\":1399,\"height\":1400},{\"@type\":\"BreadcrumbList\",\"@id\":\"https:\/\/lunatools.test.consids5.se\/sv\/product\/sagklinga-hm-l-210x30-z48-5gr\/#breadcrumb\",\"itemListElement\":[{\"@type\":\"ListItem\",\"position\":1,\"name\":\"Home\",\"item\":\"https:\/\/lunatools.test.consids5.se\/sv\/professionella-elverktygstillbehor-lunatools-startpage\/\"},{\"@type\":\"ListItem\",\"position\":2,\"name\":\"Products\",\"item\":\"https:\/\/lunatools.test.consids5.se\/en\/shop\/\"},{\"@type\":\"ListItem\",\"position\":3,\"name\":\"S\u00c5GKLINGA HM L 210X30 Z48 -5GR\"}]},{\"@type\":\"WebSite\",\"@id\":\"https:\/\/lunatools.test.consids5.se\/en\/#website\",\"url\":\"https:\/\/lunatools.test.consids5.se\/en\/\",\"name\":\"Luna tools\",\"description\":\"\",\"publisher\":{\"@id\":\"https:\/\/lunatools.test.consids5.se\/en\/#organization\"},\"potentialAction\":[{\"@type\":\"SearchAction\",\"target\":{\"@type\":\"EntryPoint\",\"urlTemplate\":\"https:\/\/lunatools.test.consids5.se\/en\/?s={search_term_string}\"},\"query-input\":\"required name=search_term_string\"}],\"inLanguage\":\"sv-SE\"},{\"@type\":\"Organization\",\"@id\":\"https:\/\/lunatools.test.consids5.se\/en\/#organization\",\"name\":\"Luna Tools\",\"url\":\"https:\/\/lunatools.test.consids5.se\/en\/\",\"logo\":{\"@type\":\"ImageObject\",\"inLanguage\":\"sv-SE\",\"@id\":\"https:\/\/lunatools.test.consids5.se\/en\/#\/schema\/logo\/image\/\",\"url\":\"https:\/\/lunatools.com\/wp-content\/uploads\/2019\/10\/LunaTools-gray-logo.png\",\"contentUrl\":\"https:\/\/lunatools.com\/wp-content\/uploads\/2019\/10\/LunaTools-gray-logo.png\",\"width\":795,\"height\":309,\"caption\":\"Luna Tools\"},\"image\":{\"@id\":\"https:\/\/lunatools.test.consids5.se\/en\/#\/schema\/logo\/image\/\"}}]}<\/script>\n<!-- \/ Yoast SEO plugin. -->","yoast_head_json":{"title":"S\u00c5GKLINGA HM L 210X30 Z48 -5GR - Luna tools","robots":{"index":"index","follow":"follow","max-snippet":"max-snippet:-1","max-image-preview":"max-image-preview:large","max-video-preview":"max-video-preview:-1"},"canonical":"https:\/\/lunatools.test.consids5.se\/sv\/product\/sagklinga-hm-l-210x30-z48-5gr\/","og_locale":"sv_SE","og_type":"article","og_title":"S\u00c5GKLINGA HM L 210X30 Z48 -5GR - Luna tools","og_description":"Cirkels\u00e5gblad Laser. S\u00e5gklingor f\u00f6r yrkesm\u00e4ssig anv\u00e4ndning med ljudd\u00e4mpande lasersp\u00e5r i stambladet. Finns f\u00f6r de flesta p\u00e5 marknaden f\u00f6rekommande handcirkels\u00e5gar.","og_url":"https:\/\/lunatools.test.consids5.se\/sv\/product\/sagklinga-hm-l-210x30-z48-5gr\/","og_site_name":"Luna tools","og_image":[{"width":1399,"height":1400,"url":"https:\/\/lunatools.test.consids5.se\/wp-content\/uploads\/2021\/03\/859433-2.jpg","type":"image\/jpeg"}],"schema":{"@context":"https:\/\/schema.org","@graph":[{"@type":"WebPage","@id":"https:\/\/lunatools.test.consids5.se\/sv\/product\/sagklinga-hm-l-210x30-z48-5gr\/","url":"https:\/\/lunatools.test.consids5.se\/sv\/product\/sagklinga-hm-l-210x30-z48-5gr\/","name":"S\u00c5GKLINGA HM L 210X30 Z48 -5GR - Luna tools","isPartOf":{"@id":"https:\/\/lunatools.test.consids5.se\/en\/#website"},"primaryImageOfPage":{"@id":"https:\/\/lunatools.test.consids5.se\/sv\/product\/sagklinga-hm-l-210x30-z48-5gr\/#primaryimage"},"image":{"@id":"https:\/\/lunatools.test.consids5.se\/sv\/product\/sagklinga-hm-l-210x30-z48-5gr\/#primaryimage"},"thumbnailUrl":"https:\/\/lunatools.test.consids5.se\/wp-content\/uploads\/2021\/03\/859433-2.jpg","datePublished":"2021-03-05T09:56:07+00:00","dateModified":"2021-03-05T09:56:07+00:00","breadcrumb":{"@id":"https:\/\/lunatools.test.consids5.se\/sv\/product\/sagklinga-hm-l-210x30-z48-5gr\/#breadcrumb"},"inLanguage":"sv-SE","potentialAction":[{"@type":"ReadAction","target":["https:\/\/lunatools.test.consids5.se\/sv\/product\/sagklinga-hm-l-210x30-z48-5gr\/"]}]},{"@type":"ImageObject","inLanguage":"sv-SE","@id":"https:\/\/lunatools.test.consids5.se\/sv\/product\/sagklinga-hm-l-210x30-z48-5gr\/#primaryimage","url":"https:\/\/lunatools.test.consids5.se\/wp-content\/uploads\/2021\/03\/859433-2.jpg","contentUrl":"https:\/\/lunatools.test.consids5.se\/wp-content\/uploads\/2021\/03\/859433-2.jpg","width":1399,"height":1400},{"@type":"BreadcrumbList","@id":"https:\/\/lunatools.test.consids5.se\/sv\/product\/sagklinga-hm-l-210x30-z48-5gr\/#breadcrumb","itemListElement":[{"@type":"ListItem","position":1,"name":"Home","item":"https:\/\/lunatools.test.consids5.se\/sv\/professionella-elverktygstillbehor-lunatools-startpage\/"},{"@type":"ListItem","position":2,"name":"Products","item":"https:\/\/lunatools.test.consids5.se\/en\/shop\/"},{"@type":"ListItem","position":3,"name":"S\u00c5GKLINGA HM L 210X30 Z48 -5GR"}]},{"@type":"WebSite","@id":"https:\/\/lunatools.test.consids5.se\/en\/#website","url":"https:\/\/lunatools.test.consids5.se\/en\/","name":"Luna tools","description":"","publisher":{"@id":"https:\/\/lunatools.test.consids5.se\/en\/#organization"},"potentialAction":[{"@type":"SearchAction","target":{"@type":"EntryPoint","urlTemplate":"https:\/\/lunatools.test.consids5.se\/en\/?s={search_term_string}"},"query-input":"required name=search_term_string"}],"inLanguage":"sv-SE"},{"@type":"Organization","@id":"https:\/\/lunatools.test.consids5.se\/en\/#organization","name":"Luna Tools","url":"https:\/\/lunatools.test.consids5.se\/en\/","logo":{"@type":"ImageObject","inLanguage":"sv-SE","@id":"https:\/\/lunatools.test.consids5.se\/en\/#\/schema\/logo\/image\/","url":"https:\/\/lunatools.com\/wp-content\/uploads\/2019\/10\/LunaTools-gray-logo.png","contentUrl":"https:\/\/lunatools.com\/wp-content\/uploads\/2019\/10\/LunaTools-gray-logo.png","width":795,"height":309,"caption":"Luna Tools"},"image":{"@id":"https:\/\/lunatools.test.consids5.se\/en\/#\/schema\/logo\/image\/"}}]}},"_links":{"self":[{"href":"https:\/\/lunatools.test.consids5.se\/sv\/wp-json\/wp\/v2\/product\/2627"}],"collection":[{"href":"https:\/\/lunatools.test.consids5.se\/sv\/wp-json\/wp\/v2\/product"}],"about":[{"href":"https:\/\/lunatools.test.consids5.se\/sv\/wp-json\/wp\/v2\/types\/product"}],"wp:featuredmedia":[{"embeddable":true,"href":"https:\/\/lunatools.test.consids5.se\/sv\/wp-json\/wp\/v2\/media\/47715"}],"wp:attachment":[{"href":"https:\/\/lunatools.test.consids5.se\/sv\/wp-json\/wp\/v2\/media?parent=2627"}],"wp:term":[{"taxonomy":"product_cat","embeddable":true,"href":"https:\/\/lunatools.test.consids5.se\/sv\/wp-json\/wp\/v2\/product_cat?post=2627"},{"taxonomy":"product_tag","embeddable":true,"href":"https:\/\/lunatools.test.consids5.se\/sv\/wp-json\/wp\/v2\/product_tag?post=2627"}],"curies":[{"name":"wp","href":"https:\/\/api.w.org\/{rel}","templated":true}]}}