{"id":2746,"date":"2021-11-04T01:05:15","date_gmt":"2021-11-04T01:05:15","guid":{"rendered":"https:\/\/lunatools.com\/product\/slipsvamp-medium-60k-fin-100k\/"},"modified":"2021-11-04T01:05:15","modified_gmt":"2021-11-04T01:05:15","slug":"slipsvamp-medium-60k-fin-100k","status":"publish","type":"product","link":"https:\/\/lunatools.test.consids5.se\/sv\/product\/slipsvamp-medium-60k-fin-100k\/","title":{"rendered":"SLIPSVAMP MEDIUM 60K\/FIN 100K"},"content":{"rendered":"<p>Slipsvampar. F\u00f6r torr och v\u00e5tslipning av alla material. Slipsvampen \u00e4r flexibel och d\u00e4rmed l\u00e4mplig f\u00f6r b\u00e5de plana och profilerade ytor. R\u00e4tvinklig &#8211; god \u00e5tkomlighet i vinklar och h\u00f6rn. Slipkorn p\u00e5 fyra sidor.<\/p>\n","protected":false},"excerpt":{"rendered":"Slipsvampar. F\u00f6r torr och v\u00e5tslipning av alla material. Slipsvampen \u00e4r flexibel och d\u00e4rmed l\u00e4mplig f\u00f6r b\u00e5de plana och profilerade ytor. R\u00e4tvinklig &#8211; god \u00e5tkomlighet i vinklar och h\u00f6rn. Slipkorn p\u00e5 fyra sidor.","protected":false},"featured_media":49079,"template":"","meta":{"_acf_changed":false},"product_cat":[382,460],"product_tag":[],"class_list":{"0":"post-2746","1":"product","2":"type-product","3":"status-publish","4":"has-post-thumbnail","6":"product_cat-slip-och-kapverktyg-sv","7":"product_cat-slipsvampar-sv","9":"first","10":"instock","11":"shipping-taxable","12":"product-type-simple"},"acf":[],"yoast_head":"<!-- This site is optimized with the Yoast SEO plugin v23.2 - https:\/\/yoast.com\/wordpress\/plugins\/seo\/ -->\n<title>SLIPSVAMP MEDIUM 60K\/FIN 100K - Luna tools<\/title>\n<meta name=\"robots\" content=\"index, follow, max-snippet:-1, max-image-preview:large, max-video-preview:-1\" \/>\n<link rel=\"canonical\" href=\"https:\/\/lunatools.test.consids5.se\/sv\/product\/slipsvamp-medium-60k-fin-100k\/\" \/>\n<meta property=\"og:locale\" content=\"sv_SE\" \/>\n<meta property=\"og:type\" content=\"article\" \/>\n<meta property=\"og:title\" content=\"SLIPSVAMP MEDIUM 60K\/FIN 100K - Luna tools\" \/>\n<meta property=\"og:description\" content=\"Slipsvampar. F\u00f6r torr och v\u00e5tslipning av alla material. Slipsvampen \u00e4r flexibel och d\u00e4rmed l\u00e4mplig f\u00f6r b\u00e5de plana och profilerade ytor. R\u00e4tvinklig &#8211; god \u00e5tkomlighet i vinklar och h\u00f6rn. Slipkorn p\u00e5 fyra sidor.\" \/>\n<meta property=\"og:url\" content=\"https:\/\/lunatools.test.consids5.se\/sv\/product\/slipsvamp-medium-60k-fin-100k\/\" \/>\n<meta property=\"og:site_name\" content=\"Luna tools\" \/>\n<meta property=\"og:image\" content=\"https:\/\/lunatools.test.consids5.se\/wp-content\/uploads\/2021\/03\/837139-2.jpg\" \/>\n\t<meta property=\"og:image:width\" content=\"1117\" \/>\n\t<meta property=\"og:image:height\" content=\"813\" \/>\n\t<meta property=\"og:image:type\" content=\"image\/jpeg\" \/>\n<script type=\"application\/ld+json\" class=\"yoast-schema-graph\">{\"@context\":\"https:\/\/schema.org\",\"@graph\":[{\"@type\":\"WebPage\",\"@id\":\"https:\/\/lunatools.test.consids5.se\/sv\/product\/slipsvamp-medium-60k-fin-100k\/\",\"url\":\"https:\/\/lunatools.test.consids5.se\/sv\/product\/slipsvamp-medium-60k-fin-100k\/\",\"name\":\"SLIPSVAMP MEDIUM 60K\/FIN 100K - Luna tools\",\"isPartOf\":{\"@id\":\"https:\/\/lunatools.test.consids5.se\/en\/#website\"},\"primaryImageOfPage\":{\"@id\":\"https:\/\/lunatools.test.consids5.se\/sv\/product\/slipsvamp-medium-60k-fin-100k\/#primaryimage\"},\"image\":{\"@id\":\"https:\/\/lunatools.test.consids5.se\/sv\/product\/slipsvamp-medium-60k-fin-100k\/#primaryimage\"},\"thumbnailUrl\":\"https:\/\/lunatools.test.consids5.se\/wp-content\/uploads\/2021\/03\/837139-2.jpg\",\"datePublished\":\"2021-11-04T01:05:15+00:00\",\"dateModified\":\"2021-11-04T01:05:15+00:00\",\"breadcrumb\":{\"@id\":\"https:\/\/lunatools.test.consids5.se\/sv\/product\/slipsvamp-medium-60k-fin-100k\/#breadcrumb\"},\"inLanguage\":\"sv-SE\",\"potentialAction\":[{\"@type\":\"ReadAction\",\"target\":[\"https:\/\/lunatools.test.consids5.se\/sv\/product\/slipsvamp-medium-60k-fin-100k\/\"]}]},{\"@type\":\"ImageObject\",\"inLanguage\":\"sv-SE\",\"@id\":\"https:\/\/lunatools.test.consids5.se\/sv\/product\/slipsvamp-medium-60k-fin-100k\/#primaryimage\",\"url\":\"https:\/\/lunatools.test.consids5.se\/wp-content\/uploads\/2021\/03\/837139-2.jpg\",\"contentUrl\":\"https:\/\/lunatools.test.consids5.se\/wp-content\/uploads\/2021\/03\/837139-2.jpg\",\"width\":1117,\"height\":813},{\"@type\":\"BreadcrumbList\",\"@id\":\"https:\/\/lunatools.test.consids5.se\/sv\/product\/slipsvamp-medium-60k-fin-100k\/#breadcrumb\",\"itemListElement\":[{\"@type\":\"ListItem\",\"position\":1,\"name\":\"Home\",\"item\":\"https:\/\/lunatools.test.consids5.se\/sv\/professionella-elverktygstillbehor-lunatools-startpage\/\"},{\"@type\":\"ListItem\",\"position\":2,\"name\":\"Products\",\"item\":\"https:\/\/lunatools.test.consids5.se\/en\/shop\/\"},{\"@type\":\"ListItem\",\"position\":3,\"name\":\"SLIPSVAMP MEDIUM 60K\/FIN 100K\"}]},{\"@type\":\"WebSite\",\"@id\":\"https:\/\/lunatools.test.consids5.se\/en\/#website\",\"url\":\"https:\/\/lunatools.test.consids5.se\/en\/\",\"name\":\"Luna tools\",\"description\":\"\",\"publisher\":{\"@id\":\"https:\/\/lunatools.test.consids5.se\/en\/#organization\"},\"potentialAction\":[{\"@type\":\"SearchAction\",\"target\":{\"@type\":\"EntryPoint\",\"urlTemplate\":\"https:\/\/lunatools.test.consids5.se\/en\/?s={search_term_string}\"},\"query-input\":\"required name=search_term_string\"}],\"inLanguage\":\"sv-SE\"},{\"@type\":\"Organization\",\"@id\":\"https:\/\/lunatools.test.consids5.se\/en\/#organization\",\"name\":\"Luna Tools\",\"url\":\"https:\/\/lunatools.test.consids5.se\/en\/\",\"logo\":{\"@type\":\"ImageObject\",\"inLanguage\":\"sv-SE\",\"@id\":\"https:\/\/lunatools.test.consids5.se\/en\/#\/schema\/logo\/image\/\",\"url\":\"https:\/\/lunatools.com\/wp-content\/uploads\/2019\/10\/LunaTools-gray-logo.png\",\"contentUrl\":\"https:\/\/lunatools.com\/wp-content\/uploads\/2019\/10\/LunaTools-gray-logo.png\",\"width\":795,\"height\":309,\"caption\":\"Luna Tools\"},\"image\":{\"@id\":\"https:\/\/lunatools.test.consids5.se\/en\/#\/schema\/logo\/image\/\"}}]}<\/script>\n<!-- \/ Yoast SEO plugin. -->","yoast_head_json":{"title":"SLIPSVAMP MEDIUM 60K\/FIN 100K - Luna tools","robots":{"index":"index","follow":"follow","max-snippet":"max-snippet:-1","max-image-preview":"max-image-preview:large","max-video-preview":"max-video-preview:-1"},"canonical":"https:\/\/lunatools.test.consids5.se\/sv\/product\/slipsvamp-medium-60k-fin-100k\/","og_locale":"sv_SE","og_type":"article","og_title":"SLIPSVAMP MEDIUM 60K\/FIN 100K - Luna tools","og_description":"Slipsvampar. F\u00f6r torr och v\u00e5tslipning av alla material. Slipsvampen \u00e4r flexibel och d\u00e4rmed l\u00e4mplig f\u00f6r b\u00e5de plana och profilerade ytor. R\u00e4tvinklig &#8211; god \u00e5tkomlighet i vinklar och h\u00f6rn. Slipkorn p\u00e5 fyra sidor.","og_url":"https:\/\/lunatools.test.consids5.se\/sv\/product\/slipsvamp-medium-60k-fin-100k\/","og_site_name":"Luna tools","og_image":[{"width":1117,"height":813,"url":"https:\/\/lunatools.test.consids5.se\/wp-content\/uploads\/2021\/03\/837139-2.jpg","type":"image\/jpeg"}],"schema":{"@context":"https:\/\/schema.org","@graph":[{"@type":"WebPage","@id":"https:\/\/lunatools.test.consids5.se\/sv\/product\/slipsvamp-medium-60k-fin-100k\/","url":"https:\/\/lunatools.test.consids5.se\/sv\/product\/slipsvamp-medium-60k-fin-100k\/","name":"SLIPSVAMP MEDIUM 60K\/FIN 100K - Luna tools","isPartOf":{"@id":"https:\/\/lunatools.test.consids5.se\/en\/#website"},"primaryImageOfPage":{"@id":"https:\/\/lunatools.test.consids5.se\/sv\/product\/slipsvamp-medium-60k-fin-100k\/#primaryimage"},"image":{"@id":"https:\/\/lunatools.test.consids5.se\/sv\/product\/slipsvamp-medium-60k-fin-100k\/#primaryimage"},"thumbnailUrl":"https:\/\/lunatools.test.consids5.se\/wp-content\/uploads\/2021\/03\/837139-2.jpg","datePublished":"2021-11-04T01:05:15+00:00","dateModified":"2021-11-04T01:05:15+00:00","breadcrumb":{"@id":"https:\/\/lunatools.test.consids5.se\/sv\/product\/slipsvamp-medium-60k-fin-100k\/#breadcrumb"},"inLanguage":"sv-SE","potentialAction":[{"@type":"ReadAction","target":["https:\/\/lunatools.test.consids5.se\/sv\/product\/slipsvamp-medium-60k-fin-100k\/"]}]},{"@type":"ImageObject","inLanguage":"sv-SE","@id":"https:\/\/lunatools.test.consids5.se\/sv\/product\/slipsvamp-medium-60k-fin-100k\/#primaryimage","url":"https:\/\/lunatools.test.consids5.se\/wp-content\/uploads\/2021\/03\/837139-2.jpg","contentUrl":"https:\/\/lunatools.test.consids5.se\/wp-content\/uploads\/2021\/03\/837139-2.jpg","width":1117,"height":813},{"@type":"BreadcrumbList","@id":"https:\/\/lunatools.test.consids5.se\/sv\/product\/slipsvamp-medium-60k-fin-100k\/#breadcrumb","itemListElement":[{"@type":"ListItem","position":1,"name":"Home","item":"https:\/\/lunatools.test.consids5.se\/sv\/professionella-elverktygstillbehor-lunatools-startpage\/"},{"@type":"ListItem","position":2,"name":"Products","item":"https:\/\/lunatools.test.consids5.se\/en\/shop\/"},{"@type":"ListItem","position":3,"name":"SLIPSVAMP MEDIUM 60K\/FIN 100K"}]},{"@type":"WebSite","@id":"https:\/\/lunatools.test.consids5.se\/en\/#website","url":"https:\/\/lunatools.test.consids5.se\/en\/","name":"Luna tools","description":"","publisher":{"@id":"https:\/\/lunatools.test.consids5.se\/en\/#organization"},"potentialAction":[{"@type":"SearchAction","target":{"@type":"EntryPoint","urlTemplate":"https:\/\/lunatools.test.consids5.se\/en\/?s={search_term_string}"},"query-input":"required name=search_term_string"}],"inLanguage":"sv-SE"},{"@type":"Organization","@id":"https:\/\/lunatools.test.consids5.se\/en\/#organization","name":"Luna Tools","url":"https:\/\/lunatools.test.consids5.se\/en\/","logo":{"@type":"ImageObject","inLanguage":"sv-SE","@id":"https:\/\/lunatools.test.consids5.se\/en\/#\/schema\/logo\/image\/","url":"https:\/\/lunatools.com\/wp-content\/uploads\/2019\/10\/LunaTools-gray-logo.png","contentUrl":"https:\/\/lunatools.com\/wp-content\/uploads\/2019\/10\/LunaTools-gray-logo.png","width":795,"height":309,"caption":"Luna Tools"},"image":{"@id":"https:\/\/lunatools.test.consids5.se\/en\/#\/schema\/logo\/image\/"}}]}},"_links":{"self":[{"href":"https:\/\/lunatools.test.consids5.se\/sv\/wp-json\/wp\/v2\/product\/2746"}],"collection":[{"href":"https:\/\/lunatools.test.consids5.se\/sv\/wp-json\/wp\/v2\/product"}],"about":[{"href":"https:\/\/lunatools.test.consids5.se\/sv\/wp-json\/wp\/v2\/types\/product"}],"wp:featuredmedia":[{"embeddable":true,"href":"https:\/\/lunatools.test.consids5.se\/sv\/wp-json\/wp\/v2\/media\/49079"}],"wp:attachment":[{"href":"https:\/\/lunatools.test.consids5.se\/sv\/wp-json\/wp\/v2\/media?parent=2746"}],"wp:term":[{"taxonomy":"product_cat","embeddable":true,"href":"https:\/\/lunatools.test.consids5.se\/sv\/wp-json\/wp\/v2\/product_cat?post=2746"},{"taxonomy":"product_tag","embeddable":true,"href":"https:\/\/lunatools.test.consids5.se\/sv\/wp-json\/wp\/v2\/product_tag?post=2746"}],"curies":[{"name":"wp","href":"https:\/\/api.w.org\/{rel}","templated":true}]}}