{"id":2813,"date":"2019-08-30T12:30:21","date_gmt":"2019-08-30T12:30:21","guid":{"rendered":"https:\/\/lunatools.com\/product\/slipvavrulle-alu100mmx25m-k120\/"},"modified":"2019-08-30T12:30:21","modified_gmt":"2019-08-30T12:30:21","slug":"slipvavrulle-alu100mmx25m-k120","status":"publish","type":"product","link":"https:\/\/lunatools.test.consids5.se\/sv\/product\/slipvavrulle-alu100mmx25m-k120\/","title":{"rendered":"SLIPV\u00c4VRULLE ALU100MMX25M K120"},"content":{"rendered":"<p>Slipduksrullar. F\u00f6r slipning av tr\u00e4, spacklade och lackerade ytor. Med mjuk v\u00e4vbaksida. L\u00e4mplig f\u00f6r handputsning av profiler och putsning i svarv.<\/p>\n","protected":false},"excerpt":{"rendered":"Slipduksrullar. F\u00f6r slipning av tr\u00e4, spacklade och lackerade ytor. Med mjuk v\u00e4vbaksida. L\u00e4mplig f\u00f6r handputsning av profiler och putsning i svarv.","protected":false},"featured_media":0,"template":"","meta":{"_acf_changed":false},"product_cat":[382,449],"product_tag":[],"class_list":{"0":"post-2813","1":"product","2":"type-product","3":"status-publish","5":"product_cat-slip-och-kapverktyg-sv","6":"product_cat-sliprullar-sv","8":"first","9":"instock","10":"shipping-taxable","11":"product-type-simple"},"acf":[],"yoast_head":"<!-- This site is optimized with the Yoast SEO plugin v23.2 - https:\/\/yoast.com\/wordpress\/plugins\/seo\/ -->\n<title>SLIPV\u00c4VRULLE ALU100MMX25M K120 - Luna tools<\/title>\n<meta name=\"robots\" content=\"index, follow, max-snippet:-1, max-image-preview:large, max-video-preview:-1\" \/>\n<link rel=\"canonical\" href=\"https:\/\/lunatools.test.consids5.se\/sv\/product\/slipvavrulle-alu100mmx25m-k120\/\" \/>\n<meta property=\"og:locale\" content=\"sv_SE\" \/>\n<meta property=\"og:type\" content=\"article\" \/>\n<meta property=\"og:title\" content=\"SLIPV\u00c4VRULLE ALU100MMX25M K120 - Luna tools\" \/>\n<meta property=\"og:description\" content=\"Slipduksrullar. F\u00f6r slipning av tr\u00e4, spacklade och lackerade ytor. Med mjuk v\u00e4vbaksida. L\u00e4mplig f\u00f6r handputsning av profiler och putsning i svarv.\" \/>\n<meta property=\"og:url\" content=\"https:\/\/lunatools.test.consids5.se\/sv\/product\/slipvavrulle-alu100mmx25m-k120\/\" \/>\n<meta property=\"og:site_name\" content=\"Luna tools\" \/>\n<script type=\"application\/ld+json\" class=\"yoast-schema-graph\">{\"@context\":\"https:\/\/schema.org\",\"@graph\":[{\"@type\":\"WebPage\",\"@id\":\"https:\/\/lunatools.test.consids5.se\/sv\/product\/slipvavrulle-alu100mmx25m-k120\/\",\"url\":\"https:\/\/lunatools.test.consids5.se\/sv\/product\/slipvavrulle-alu100mmx25m-k120\/\",\"name\":\"SLIPV\u00c4VRULLE ALU100MMX25M K120 - Luna tools\",\"isPartOf\":{\"@id\":\"https:\/\/lunatools.test.consids5.se\/en\/#website\"},\"datePublished\":\"2019-08-30T12:30:21+00:00\",\"dateModified\":\"2019-08-30T12:30:21+00:00\",\"breadcrumb\":{\"@id\":\"https:\/\/lunatools.test.consids5.se\/sv\/product\/slipvavrulle-alu100mmx25m-k120\/#breadcrumb\"},\"inLanguage\":\"sv-SE\",\"potentialAction\":[{\"@type\":\"ReadAction\",\"target\":[\"https:\/\/lunatools.test.consids5.se\/sv\/product\/slipvavrulle-alu100mmx25m-k120\/\"]}]},{\"@type\":\"BreadcrumbList\",\"@id\":\"https:\/\/lunatools.test.consids5.se\/sv\/product\/slipvavrulle-alu100mmx25m-k120\/#breadcrumb\",\"itemListElement\":[{\"@type\":\"ListItem\",\"position\":1,\"name\":\"Home\",\"item\":\"https:\/\/lunatools.test.consids5.se\/sv\/professionella-elverktygstillbehor-lunatools-startpage\/\"},{\"@type\":\"ListItem\",\"position\":2,\"name\":\"Products\",\"item\":\"https:\/\/lunatools.test.consids5.se\/en\/shop\/\"},{\"@type\":\"ListItem\",\"position\":3,\"name\":\"SLIPV\u00c4VRULLE ALU100MMX25M K120\"}]},{\"@type\":\"WebSite\",\"@id\":\"https:\/\/lunatools.test.consids5.se\/en\/#website\",\"url\":\"https:\/\/lunatools.test.consids5.se\/en\/\",\"name\":\"Luna tools\",\"description\":\"\",\"publisher\":{\"@id\":\"https:\/\/lunatools.test.consids5.se\/en\/#organization\"},\"potentialAction\":[{\"@type\":\"SearchAction\",\"target\":{\"@type\":\"EntryPoint\",\"urlTemplate\":\"https:\/\/lunatools.test.consids5.se\/en\/?s={search_term_string}\"},\"query-input\":\"required name=search_term_string\"}],\"inLanguage\":\"sv-SE\"},{\"@type\":\"Organization\",\"@id\":\"https:\/\/lunatools.test.consids5.se\/en\/#organization\",\"name\":\"Luna Tools\",\"url\":\"https:\/\/lunatools.test.consids5.se\/en\/\",\"logo\":{\"@type\":\"ImageObject\",\"inLanguage\":\"sv-SE\",\"@id\":\"https:\/\/lunatools.test.consids5.se\/en\/#\/schema\/logo\/image\/\",\"url\":\"https:\/\/lunatools.com\/wp-content\/uploads\/2019\/10\/LunaTools-gray-logo.png\",\"contentUrl\":\"https:\/\/lunatools.com\/wp-content\/uploads\/2019\/10\/LunaTools-gray-logo.png\",\"width\":795,\"height\":309,\"caption\":\"Luna Tools\"},\"image\":{\"@id\":\"https:\/\/lunatools.test.consids5.se\/en\/#\/schema\/logo\/image\/\"}}]}<\/script>\n<!-- \/ Yoast SEO plugin. -->","yoast_head_json":{"title":"SLIPV\u00c4VRULLE ALU100MMX25M K120 - Luna tools","robots":{"index":"index","follow":"follow","max-snippet":"max-snippet:-1","max-image-preview":"max-image-preview:large","max-video-preview":"max-video-preview:-1"},"canonical":"https:\/\/lunatools.test.consids5.se\/sv\/product\/slipvavrulle-alu100mmx25m-k120\/","og_locale":"sv_SE","og_type":"article","og_title":"SLIPV\u00c4VRULLE ALU100MMX25M K120 - Luna tools","og_description":"Slipduksrullar. F\u00f6r slipning av tr\u00e4, spacklade och lackerade ytor. Med mjuk v\u00e4vbaksida. L\u00e4mplig f\u00f6r handputsning av profiler och putsning i svarv.","og_url":"https:\/\/lunatools.test.consids5.se\/sv\/product\/slipvavrulle-alu100mmx25m-k120\/","og_site_name":"Luna tools","schema":{"@context":"https:\/\/schema.org","@graph":[{"@type":"WebPage","@id":"https:\/\/lunatools.test.consids5.se\/sv\/product\/slipvavrulle-alu100mmx25m-k120\/","url":"https:\/\/lunatools.test.consids5.se\/sv\/product\/slipvavrulle-alu100mmx25m-k120\/","name":"SLIPV\u00c4VRULLE ALU100MMX25M K120 - Luna tools","isPartOf":{"@id":"https:\/\/lunatools.test.consids5.se\/en\/#website"},"datePublished":"2019-08-30T12:30:21+00:00","dateModified":"2019-08-30T12:30:21+00:00","breadcrumb":{"@id":"https:\/\/lunatools.test.consids5.se\/sv\/product\/slipvavrulle-alu100mmx25m-k120\/#breadcrumb"},"inLanguage":"sv-SE","potentialAction":[{"@type":"ReadAction","target":["https:\/\/lunatools.test.consids5.se\/sv\/product\/slipvavrulle-alu100mmx25m-k120\/"]}]},{"@type":"BreadcrumbList","@id":"https:\/\/lunatools.test.consids5.se\/sv\/product\/slipvavrulle-alu100mmx25m-k120\/#breadcrumb","itemListElement":[{"@type":"ListItem","position":1,"name":"Home","item":"https:\/\/lunatools.test.consids5.se\/sv\/professionella-elverktygstillbehor-lunatools-startpage\/"},{"@type":"ListItem","position":2,"name":"Products","item":"https:\/\/lunatools.test.consids5.se\/en\/shop\/"},{"@type":"ListItem","position":3,"name":"SLIPV\u00c4VRULLE ALU100MMX25M K120"}]},{"@type":"WebSite","@id":"https:\/\/lunatools.test.consids5.se\/en\/#website","url":"https:\/\/lunatools.test.consids5.se\/en\/","name":"Luna tools","description":"","publisher":{"@id":"https:\/\/lunatools.test.consids5.se\/en\/#organization"},"potentialAction":[{"@type":"SearchAction","target":{"@type":"EntryPoint","urlTemplate":"https:\/\/lunatools.test.consids5.se\/en\/?s={search_term_string}"},"query-input":"required name=search_term_string"}],"inLanguage":"sv-SE"},{"@type":"Organization","@id":"https:\/\/lunatools.test.consids5.se\/en\/#organization","name":"Luna Tools","url":"https:\/\/lunatools.test.consids5.se\/en\/","logo":{"@type":"ImageObject","inLanguage":"sv-SE","@id":"https:\/\/lunatools.test.consids5.se\/en\/#\/schema\/logo\/image\/","url":"https:\/\/lunatools.com\/wp-content\/uploads\/2019\/10\/LunaTools-gray-logo.png","contentUrl":"https:\/\/lunatools.com\/wp-content\/uploads\/2019\/10\/LunaTools-gray-logo.png","width":795,"height":309,"caption":"Luna Tools"},"image":{"@id":"https:\/\/lunatools.test.consids5.se\/en\/#\/schema\/logo\/image\/"}}]}},"_links":{"self":[{"href":"https:\/\/lunatools.test.consids5.se\/sv\/wp-json\/wp\/v2\/product\/2813"}],"collection":[{"href":"https:\/\/lunatools.test.consids5.se\/sv\/wp-json\/wp\/v2\/product"}],"about":[{"href":"https:\/\/lunatools.test.consids5.se\/sv\/wp-json\/wp\/v2\/types\/product"}],"wp:attachment":[{"href":"https:\/\/lunatools.test.consids5.se\/sv\/wp-json\/wp\/v2\/media?parent=2813"}],"wp:term":[{"taxonomy":"product_cat","embeddable":true,"href":"https:\/\/lunatools.test.consids5.se\/sv\/wp-json\/wp\/v2\/product_cat?post=2813"},{"taxonomy":"product_tag","embeddable":true,"href":"https:\/\/lunatools.test.consids5.se\/sv\/wp-json\/wp\/v2\/product_tag?post=2813"}],"curies":[{"name":"wp","href":"https:\/\/api.w.org\/{rel}","templated":true}]}}