{"id":3247,"date":"2021-11-04T02:25:07","date_gmt":"2021-11-04T02:25:07","guid":{"rendered":"https:\/\/lunatools.com\/product\/skarolja-aerosol-165ml\/"},"modified":"2021-11-04T02:25:07","modified_gmt":"2021-11-04T02:25:07","slug":"skarolja-aerosol-165ml","status":"publish","type":"product","link":"https:\/\/lunatools.test.consids5.se\/sv\/product\/skarolja-aerosol-165ml\/","title":{"rendered":"SK\u00c4ROLJA AEROSOL 165ML"},"content":{"rendered":"<p>Luna CUTOIL A Rekommenderas f\u00f6r allm\u00e4n till sv\u00e5r sk\u00e4rande bearbetning i automatst\u00e5l, l\u00e5g- och h\u00f6glegerade st\u00e5l,aluminium och koppar. L\u00e4mpliga anv\u00e4ndningsomr\u00e5den \u00e4r exempelvis kapning, borrning, g\u00e4ngning och brotchning. F\u00f6rdelar: Rak Sk\u00e4rolja har mycket god sm\u00f6rjande f\u00f6rm\u00e5ga och l\u00e5ng livsl\u00e4ngd. Produkten ger minimalt med oljedimma vilket bidrar till en bra arbetsmilj\u00f6. Oljan missf\u00e4rgar inte koppar och dess legeringar. Egenskaper: Rak Sk\u00e4rolja \u00e4r en klor- och svavelfri olja baserad p\u00e5 h\u00f6graffinerad mineralolja. Produkten inneh\u00e5ller tillsatser som minimerar bildningen av oljedimma. Viskositeten \u00e4r anpassad s\u00e5 att oljan l\u00e4tt rinner av detaljerna och ger en god kyleffekt. L\u00e4s s\u00e4kerhetsdatablad f\u00f6re anv\u00e4ndning.<br \/>\nS\u00e4kerhetsdatablad se www.toolstore.com.<\/p>\n","protected":false},"excerpt":{"rendered":"Luna CUTOIL A Rekommenderas f\u00f6r allm\u00e4n till sv\u00e5r sk\u00e4rande bearbetning i automatst\u00e5l, l\u00e5g- och h\u00f6glegerade st\u00e5l,aluminium och koppar. L\u00e4mpliga anv\u00e4ndningsomr\u00e5den \u00e4r exempelvis kapning, borrning, g\u00e4ngning och brotchning. F\u00f6rdelar: Rak Sk\u00e4rolja har mycket god sm\u00f6rjande f\u00f6rm\u00e5ga och l\u00e5ng livsl\u00e4ngd. Produkten ger minimalt med oljedimma vilket bidrar till en bra arbetsmilj\u00f6. Oljan missf\u00e4rgar inte koppar och dess&#8230; <a class=\"view-article\" href=\"https:\/\/lunatools.test.consids5.se\/sv\/product\/skarolja-aerosol-165ml\/\">View Article<\/a>","protected":false},"featured_media":0,"template":"","meta":{"_acf_changed":false},"product_cat":[482,484],"product_tag":[],"class_list":{"0":"post-3247","1":"product","2":"type-product","3":"status-publish","5":"product_cat-smorjmedel-sv","6":"product_cat-skarolja-sv","8":"first","9":"instock","10":"shipping-taxable","11":"product-type-simple"},"acf":[],"yoast_head":"<!-- This site is optimized with the Yoast SEO plugin v23.2 - https:\/\/yoast.com\/wordpress\/plugins\/seo\/ -->\n<title>SK\u00c4ROLJA AEROSOL 165ML - Luna tools<\/title>\n<meta name=\"robots\" content=\"index, follow, max-snippet:-1, max-image-preview:large, max-video-preview:-1\" \/>\n<link rel=\"canonical\" href=\"https:\/\/lunatools.test.consids5.se\/sv\/product\/skarolja-aerosol-165ml\/\" \/>\n<meta property=\"og:locale\" content=\"sv_SE\" \/>\n<meta property=\"og:type\" content=\"article\" \/>\n<meta property=\"og:title\" content=\"SK\u00c4ROLJA AEROSOL 165ML - Luna tools\" \/>\n<meta property=\"og:description\" content=\"Luna CUTOIL A Rekommenderas f\u00f6r allm\u00e4n till sv\u00e5r sk\u00e4rande bearbetning i automatst\u00e5l, l\u00e5g- och h\u00f6glegerade st\u00e5l,aluminium och koppar. L\u00e4mpliga anv\u00e4ndningsomr\u00e5den \u00e4r exempelvis kapning, borrning, g\u00e4ngning och brotchning. F\u00f6rdelar: Rak Sk\u00e4rolja har mycket god sm\u00f6rjande f\u00f6rm\u00e5ga och l\u00e5ng livsl\u00e4ngd. Produkten ger minimalt med oljedimma vilket bidrar till en bra arbetsmilj\u00f6. Oljan missf\u00e4rgar inte koppar och dess... View Article\" \/>\n<meta property=\"og:url\" content=\"https:\/\/lunatools.test.consids5.se\/sv\/product\/skarolja-aerosol-165ml\/\" \/>\n<meta property=\"og:site_name\" content=\"Luna tools\" \/>\n<meta name=\"twitter:label1\" content=\"Est. reading time\" \/>\n\t<meta name=\"twitter:data1\" content=\"1 minute\" \/>\n<script type=\"application\/ld+json\" class=\"yoast-schema-graph\">{\"@context\":\"https:\/\/schema.org\",\"@graph\":[{\"@type\":\"WebPage\",\"@id\":\"https:\/\/lunatools.test.consids5.se\/sv\/product\/skarolja-aerosol-165ml\/\",\"url\":\"https:\/\/lunatools.test.consids5.se\/sv\/product\/skarolja-aerosol-165ml\/\",\"name\":\"SK\u00c4ROLJA AEROSOL 165ML - Luna tools\",\"isPartOf\":{\"@id\":\"https:\/\/lunatools.test.consids5.se\/en\/#website\"},\"datePublished\":\"2021-11-04T02:25:07+00:00\",\"dateModified\":\"2021-11-04T02:25:07+00:00\",\"breadcrumb\":{\"@id\":\"https:\/\/lunatools.test.consids5.se\/sv\/product\/skarolja-aerosol-165ml\/#breadcrumb\"},\"inLanguage\":\"sv-SE\",\"potentialAction\":[{\"@type\":\"ReadAction\",\"target\":[\"https:\/\/lunatools.test.consids5.se\/sv\/product\/skarolja-aerosol-165ml\/\"]}]},{\"@type\":\"BreadcrumbList\",\"@id\":\"https:\/\/lunatools.test.consids5.se\/sv\/product\/skarolja-aerosol-165ml\/#breadcrumb\",\"itemListElement\":[{\"@type\":\"ListItem\",\"position\":1,\"name\":\"Home\",\"item\":\"https:\/\/lunatools.test.consids5.se\/sv\/professionella-elverktygstillbehor-lunatools-startpage\/\"},{\"@type\":\"ListItem\",\"position\":2,\"name\":\"Products\",\"item\":\"https:\/\/lunatools.test.consids5.se\/en\/shop\/\"},{\"@type\":\"ListItem\",\"position\":3,\"name\":\"SK\u00c4ROLJA AEROSOL 165ML\"}]},{\"@type\":\"WebSite\",\"@id\":\"https:\/\/lunatools.test.consids5.se\/en\/#website\",\"url\":\"https:\/\/lunatools.test.consids5.se\/en\/\",\"name\":\"Luna tools\",\"description\":\"\",\"publisher\":{\"@id\":\"https:\/\/lunatools.test.consids5.se\/en\/#organization\"},\"potentialAction\":[{\"@type\":\"SearchAction\",\"target\":{\"@type\":\"EntryPoint\",\"urlTemplate\":\"https:\/\/lunatools.test.consids5.se\/en\/?s={search_term_string}\"},\"query-input\":\"required name=search_term_string\"}],\"inLanguage\":\"sv-SE\"},{\"@type\":\"Organization\",\"@id\":\"https:\/\/lunatools.test.consids5.se\/en\/#organization\",\"name\":\"Luna Tools\",\"url\":\"https:\/\/lunatools.test.consids5.se\/en\/\",\"logo\":{\"@type\":\"ImageObject\",\"inLanguage\":\"sv-SE\",\"@id\":\"https:\/\/lunatools.test.consids5.se\/en\/#\/schema\/logo\/image\/\",\"url\":\"https:\/\/lunatools.com\/wp-content\/uploads\/2019\/10\/LunaTools-gray-logo.png\",\"contentUrl\":\"https:\/\/lunatools.com\/wp-content\/uploads\/2019\/10\/LunaTools-gray-logo.png\",\"width\":795,\"height\":309,\"caption\":\"Luna Tools\"},\"image\":{\"@id\":\"https:\/\/lunatools.test.consids5.se\/en\/#\/schema\/logo\/image\/\"}}]}<\/script>\n<!-- \/ Yoast SEO plugin. -->","yoast_head_json":{"title":"SK\u00c4ROLJA AEROSOL 165ML - Luna tools","robots":{"index":"index","follow":"follow","max-snippet":"max-snippet:-1","max-image-preview":"max-image-preview:large","max-video-preview":"max-video-preview:-1"},"canonical":"https:\/\/lunatools.test.consids5.se\/sv\/product\/skarolja-aerosol-165ml\/","og_locale":"sv_SE","og_type":"article","og_title":"SK\u00c4ROLJA AEROSOL 165ML - Luna tools","og_description":"Luna CUTOIL A Rekommenderas f\u00f6r allm\u00e4n till sv\u00e5r sk\u00e4rande bearbetning i automatst\u00e5l, l\u00e5g- och h\u00f6glegerade st\u00e5l,aluminium och koppar. L\u00e4mpliga anv\u00e4ndningsomr\u00e5den \u00e4r exempelvis kapning, borrning, g\u00e4ngning och brotchning. F\u00f6rdelar: Rak Sk\u00e4rolja har mycket god sm\u00f6rjande f\u00f6rm\u00e5ga och l\u00e5ng livsl\u00e4ngd. Produkten ger minimalt med oljedimma vilket bidrar till en bra arbetsmilj\u00f6. Oljan missf\u00e4rgar inte koppar och dess... View Article","og_url":"https:\/\/lunatools.test.consids5.se\/sv\/product\/skarolja-aerosol-165ml\/","og_site_name":"Luna tools","twitter_misc":{"Est. reading time":"1 minute"},"schema":{"@context":"https:\/\/schema.org","@graph":[{"@type":"WebPage","@id":"https:\/\/lunatools.test.consids5.se\/sv\/product\/skarolja-aerosol-165ml\/","url":"https:\/\/lunatools.test.consids5.se\/sv\/product\/skarolja-aerosol-165ml\/","name":"SK\u00c4ROLJA AEROSOL 165ML - Luna tools","isPartOf":{"@id":"https:\/\/lunatools.test.consids5.se\/en\/#website"},"datePublished":"2021-11-04T02:25:07+00:00","dateModified":"2021-11-04T02:25:07+00:00","breadcrumb":{"@id":"https:\/\/lunatools.test.consids5.se\/sv\/product\/skarolja-aerosol-165ml\/#breadcrumb"},"inLanguage":"sv-SE","potentialAction":[{"@type":"ReadAction","target":["https:\/\/lunatools.test.consids5.se\/sv\/product\/skarolja-aerosol-165ml\/"]}]},{"@type":"BreadcrumbList","@id":"https:\/\/lunatools.test.consids5.se\/sv\/product\/skarolja-aerosol-165ml\/#breadcrumb","itemListElement":[{"@type":"ListItem","position":1,"name":"Home","item":"https:\/\/lunatools.test.consids5.se\/sv\/professionella-elverktygstillbehor-lunatools-startpage\/"},{"@type":"ListItem","position":2,"name":"Products","item":"https:\/\/lunatools.test.consids5.se\/en\/shop\/"},{"@type":"ListItem","position":3,"name":"SK\u00c4ROLJA AEROSOL 165ML"}]},{"@type":"WebSite","@id":"https:\/\/lunatools.test.consids5.se\/en\/#website","url":"https:\/\/lunatools.test.consids5.se\/en\/","name":"Luna tools","description":"","publisher":{"@id":"https:\/\/lunatools.test.consids5.se\/en\/#organization"},"potentialAction":[{"@type":"SearchAction","target":{"@type":"EntryPoint","urlTemplate":"https:\/\/lunatools.test.consids5.se\/en\/?s={search_term_string}"},"query-input":"required name=search_term_string"}],"inLanguage":"sv-SE"},{"@type":"Organization","@id":"https:\/\/lunatools.test.consids5.se\/en\/#organization","name":"Luna Tools","url":"https:\/\/lunatools.test.consids5.se\/en\/","logo":{"@type":"ImageObject","inLanguage":"sv-SE","@id":"https:\/\/lunatools.test.consids5.se\/en\/#\/schema\/logo\/image\/","url":"https:\/\/lunatools.com\/wp-content\/uploads\/2019\/10\/LunaTools-gray-logo.png","contentUrl":"https:\/\/lunatools.com\/wp-content\/uploads\/2019\/10\/LunaTools-gray-logo.png","width":795,"height":309,"caption":"Luna Tools"},"image":{"@id":"https:\/\/lunatools.test.consids5.se\/en\/#\/schema\/logo\/image\/"}}]}},"_links":{"self":[{"href":"https:\/\/lunatools.test.consids5.se\/sv\/wp-json\/wp\/v2\/product\/3247"}],"collection":[{"href":"https:\/\/lunatools.test.consids5.se\/sv\/wp-json\/wp\/v2\/product"}],"about":[{"href":"https:\/\/lunatools.test.consids5.se\/sv\/wp-json\/wp\/v2\/types\/product"}],"wp:attachment":[{"href":"https:\/\/lunatools.test.consids5.se\/sv\/wp-json\/wp\/v2\/media?parent=3247"}],"wp:term":[{"taxonomy":"product_cat","embeddable":true,"href":"https:\/\/lunatools.test.consids5.se\/sv\/wp-json\/wp\/v2\/product_cat?post=3247"},{"taxonomy":"product_tag","embeddable":true,"href":"https:\/\/lunatools.test.consids5.se\/sv\/wp-json\/wp\/v2\/product_tag?post=3247"}],"curies":[{"name":"wp","href":"https:\/\/api.w.org\/{rel}","templated":true}]}}