{"id":3334,"date":"2021-05-19T00:40:31","date_gmt":"2021-05-19T00:40:31","guid":{"rendered":"https:\/\/lunatools.com\/product\/halsagsats-hm-7-delar\/"},"modified":"2021-05-19T00:40:31","modified_gmt":"2021-05-19T00:40:31","slug":"halsagsats-tct-7-delar","status":"publish","type":"product","link":"https:\/\/lunatools.test.consids5.se\/sv\/product\/halsagsats-tct-7-delar\/","title":{"rendered":"H\u00c5LS\u00c5GSATS TCT 7 DELAR"},"content":{"rendered":"<p>Universalh\u00e5ls\u00e5gsats med h\u00e5rdmetallt\u00e4nder f\u00f6r tr\u00e4, sp\u00e5nskivor, MDF, gips och plast. Ger mycket snabb h\u00e5ltagning med minimal v\u00e4rmeutveckling och med l\u00e5ng livsl\u00e4ngd.<br \/>\nS\u00e5gdjup 59 mm. En snabbchucksh\u00e5llare med l\u00e5sfunktion samt snabbchucksadapter medf\u00f6ljer p\u00e5 varje h\u00e5ls\u00e5g, f\u00f6r tidsbesparing vid byte av h\u00e5ls\u00e5gar.<\/p>\n","protected":false},"excerpt":{"rendered":"Universalh\u00e5ls\u00e5gsats med h\u00e5rdmetallt\u00e4nder f\u00f6r tr\u00e4, sp\u00e5nskivor, MDF, gips och plast. Ger mycket snabb h\u00e5ltagning med minimal v\u00e4rmeutveckling och med l\u00e5ng livsl\u00e4ngd. S\u00e5gdjup 59 mm. En snabbchucksh\u00e5llare med l\u00e5sfunktion samt snabbchucksadapter medf\u00f6ljer p\u00e5 varje h\u00e5ls\u00e5g, f\u00f6r tidsbesparing vid byte av h\u00e5ls\u00e5gar.","protected":false},"featured_media":0,"template":"","meta":{"_acf_changed":false},"product_cat":[418],"product_tag":[],"class_list":{"0":"post-3334","1":"product","2":"type-product","3":"status-publish","5":"product_cat-halsagar-sv","7":"first","8":"instock","9":"shipping-taxable","10":"product-type-simple"},"acf":[],"yoast_head":"<!-- This site is optimized with the Yoast SEO plugin v23.2 - https:\/\/yoast.com\/wordpress\/plugins\/seo\/ -->\n<title>H\u00c5LS\u00c5GSATS TCT 7 DELAR - Luna tools<\/title>\n<meta name=\"robots\" content=\"index, follow, max-snippet:-1, max-image-preview:large, max-video-preview:-1\" \/>\n<link rel=\"canonical\" href=\"https:\/\/lunatools.test.consids5.se\/sv\/product\/halsagsats-tct-7-delar\/\" \/>\n<meta property=\"og:locale\" content=\"sv_SE\" \/>\n<meta property=\"og:type\" content=\"article\" \/>\n<meta property=\"og:title\" content=\"H\u00c5LS\u00c5GSATS TCT 7 DELAR - Luna tools\" \/>\n<meta property=\"og:description\" content=\"Universalh\u00e5ls\u00e5gsats med h\u00e5rdmetallt\u00e4nder f\u00f6r tr\u00e4, sp\u00e5nskivor, MDF, gips och plast. Ger mycket snabb h\u00e5ltagning med minimal v\u00e4rmeutveckling och med l\u00e5ng livsl\u00e4ngd. S\u00e5gdjup 59 mm. En snabbchucksh\u00e5llare med l\u00e5sfunktion samt snabbchucksadapter medf\u00f6ljer p\u00e5 varje h\u00e5ls\u00e5g, f\u00f6r tidsbesparing vid byte av h\u00e5ls\u00e5gar.\" \/>\n<meta property=\"og:url\" content=\"https:\/\/lunatools.test.consids5.se\/sv\/product\/halsagsats-tct-7-delar\/\" \/>\n<meta property=\"og:site_name\" content=\"Luna tools\" \/>\n<script type=\"application\/ld+json\" class=\"yoast-schema-graph\">{\"@context\":\"https:\/\/schema.org\",\"@graph\":[{\"@type\":\"WebPage\",\"@id\":\"https:\/\/lunatools.test.consids5.se\/sv\/product\/halsagsats-tct-7-delar\/\",\"url\":\"https:\/\/lunatools.test.consids5.se\/sv\/product\/halsagsats-tct-7-delar\/\",\"name\":\"H\u00c5LS\u00c5GSATS TCT 7 DELAR - Luna tools\",\"isPartOf\":{\"@id\":\"https:\/\/lunatools.test.consids5.se\/en\/#website\"},\"datePublished\":\"2021-05-19T00:40:31+00:00\",\"dateModified\":\"2021-05-19T00:40:31+00:00\",\"breadcrumb\":{\"@id\":\"https:\/\/lunatools.test.consids5.se\/sv\/product\/halsagsats-tct-7-delar\/#breadcrumb\"},\"inLanguage\":\"sv-SE\",\"potentialAction\":[{\"@type\":\"ReadAction\",\"target\":[\"https:\/\/lunatools.test.consids5.se\/sv\/product\/halsagsats-tct-7-delar\/\"]}]},{\"@type\":\"BreadcrumbList\",\"@id\":\"https:\/\/lunatools.test.consids5.se\/sv\/product\/halsagsats-tct-7-delar\/#breadcrumb\",\"itemListElement\":[{\"@type\":\"ListItem\",\"position\":1,\"name\":\"Home\",\"item\":\"https:\/\/lunatools.test.consids5.se\/sv\/professionella-elverktygstillbehor-lunatools-startpage\/\"},{\"@type\":\"ListItem\",\"position\":2,\"name\":\"Products\",\"item\":\"https:\/\/lunatools.test.consids5.se\/en\/shop\/\"},{\"@type\":\"ListItem\",\"position\":3,\"name\":\"H\u00c5LS\u00c5GSATS TCT 7 DELAR\"}]},{\"@type\":\"WebSite\",\"@id\":\"https:\/\/lunatools.test.consids5.se\/en\/#website\",\"url\":\"https:\/\/lunatools.test.consids5.se\/en\/\",\"name\":\"Luna tools\",\"description\":\"\",\"publisher\":{\"@id\":\"https:\/\/lunatools.test.consids5.se\/en\/#organization\"},\"potentialAction\":[{\"@type\":\"SearchAction\",\"target\":{\"@type\":\"EntryPoint\",\"urlTemplate\":\"https:\/\/lunatools.test.consids5.se\/en\/?s={search_term_string}\"},\"query-input\":\"required name=search_term_string\"}],\"inLanguage\":\"sv-SE\"},{\"@type\":\"Organization\",\"@id\":\"https:\/\/lunatools.test.consids5.se\/en\/#organization\",\"name\":\"Luna Tools\",\"url\":\"https:\/\/lunatools.test.consids5.se\/en\/\",\"logo\":{\"@type\":\"ImageObject\",\"inLanguage\":\"sv-SE\",\"@id\":\"https:\/\/lunatools.test.consids5.se\/en\/#\/schema\/logo\/image\/\",\"url\":\"https:\/\/lunatools.com\/wp-content\/uploads\/2019\/10\/LunaTools-gray-logo.png\",\"contentUrl\":\"https:\/\/lunatools.com\/wp-content\/uploads\/2019\/10\/LunaTools-gray-logo.png\",\"width\":795,\"height\":309,\"caption\":\"Luna Tools\"},\"image\":{\"@id\":\"https:\/\/lunatools.test.consids5.se\/en\/#\/schema\/logo\/image\/\"}}]}<\/script>\n<!-- \/ Yoast SEO plugin. -->","yoast_head_json":{"title":"H\u00c5LS\u00c5GSATS TCT 7 DELAR - Luna tools","robots":{"index":"index","follow":"follow","max-snippet":"max-snippet:-1","max-image-preview":"max-image-preview:large","max-video-preview":"max-video-preview:-1"},"canonical":"https:\/\/lunatools.test.consids5.se\/sv\/product\/halsagsats-tct-7-delar\/","og_locale":"sv_SE","og_type":"article","og_title":"H\u00c5LS\u00c5GSATS TCT 7 DELAR - Luna tools","og_description":"Universalh\u00e5ls\u00e5gsats med h\u00e5rdmetallt\u00e4nder f\u00f6r tr\u00e4, sp\u00e5nskivor, MDF, gips och plast. Ger mycket snabb h\u00e5ltagning med minimal v\u00e4rmeutveckling och med l\u00e5ng livsl\u00e4ngd. S\u00e5gdjup 59 mm. En snabbchucksh\u00e5llare med l\u00e5sfunktion samt snabbchucksadapter medf\u00f6ljer p\u00e5 varje h\u00e5ls\u00e5g, f\u00f6r tidsbesparing vid byte av h\u00e5ls\u00e5gar.","og_url":"https:\/\/lunatools.test.consids5.se\/sv\/product\/halsagsats-tct-7-delar\/","og_site_name":"Luna tools","schema":{"@context":"https:\/\/schema.org","@graph":[{"@type":"WebPage","@id":"https:\/\/lunatools.test.consids5.se\/sv\/product\/halsagsats-tct-7-delar\/","url":"https:\/\/lunatools.test.consids5.se\/sv\/product\/halsagsats-tct-7-delar\/","name":"H\u00c5LS\u00c5GSATS TCT 7 DELAR - Luna tools","isPartOf":{"@id":"https:\/\/lunatools.test.consids5.se\/en\/#website"},"datePublished":"2021-05-19T00:40:31+00:00","dateModified":"2021-05-19T00:40:31+00:00","breadcrumb":{"@id":"https:\/\/lunatools.test.consids5.se\/sv\/product\/halsagsats-tct-7-delar\/#breadcrumb"},"inLanguage":"sv-SE","potentialAction":[{"@type":"ReadAction","target":["https:\/\/lunatools.test.consids5.se\/sv\/product\/halsagsats-tct-7-delar\/"]}]},{"@type":"BreadcrumbList","@id":"https:\/\/lunatools.test.consids5.se\/sv\/product\/halsagsats-tct-7-delar\/#breadcrumb","itemListElement":[{"@type":"ListItem","position":1,"name":"Home","item":"https:\/\/lunatools.test.consids5.se\/sv\/professionella-elverktygstillbehor-lunatools-startpage\/"},{"@type":"ListItem","position":2,"name":"Products","item":"https:\/\/lunatools.test.consids5.se\/en\/shop\/"},{"@type":"ListItem","position":3,"name":"H\u00c5LS\u00c5GSATS TCT 7 DELAR"}]},{"@type":"WebSite","@id":"https:\/\/lunatools.test.consids5.se\/en\/#website","url":"https:\/\/lunatools.test.consids5.se\/en\/","name":"Luna tools","description":"","publisher":{"@id":"https:\/\/lunatools.test.consids5.se\/en\/#organization"},"potentialAction":[{"@type":"SearchAction","target":{"@type":"EntryPoint","urlTemplate":"https:\/\/lunatools.test.consids5.se\/en\/?s={search_term_string}"},"query-input":"required name=search_term_string"}],"inLanguage":"sv-SE"},{"@type":"Organization","@id":"https:\/\/lunatools.test.consids5.se\/en\/#organization","name":"Luna Tools","url":"https:\/\/lunatools.test.consids5.se\/en\/","logo":{"@type":"ImageObject","inLanguage":"sv-SE","@id":"https:\/\/lunatools.test.consids5.se\/en\/#\/schema\/logo\/image\/","url":"https:\/\/lunatools.com\/wp-content\/uploads\/2019\/10\/LunaTools-gray-logo.png","contentUrl":"https:\/\/lunatools.com\/wp-content\/uploads\/2019\/10\/LunaTools-gray-logo.png","width":795,"height":309,"caption":"Luna Tools"},"image":{"@id":"https:\/\/lunatools.test.consids5.se\/en\/#\/schema\/logo\/image\/"}}]}},"_links":{"self":[{"href":"https:\/\/lunatools.test.consids5.se\/sv\/wp-json\/wp\/v2\/product\/3334"}],"collection":[{"href":"https:\/\/lunatools.test.consids5.se\/sv\/wp-json\/wp\/v2\/product"}],"about":[{"href":"https:\/\/lunatools.test.consids5.se\/sv\/wp-json\/wp\/v2\/types\/product"}],"wp:attachment":[{"href":"https:\/\/lunatools.test.consids5.se\/sv\/wp-json\/wp\/v2\/media?parent=3334"}],"wp:term":[{"taxonomy":"product_cat","embeddable":true,"href":"https:\/\/lunatools.test.consids5.se\/sv\/wp-json\/wp\/v2\/product_cat?post=3334"},{"taxonomy":"product_tag","embeddable":true,"href":"https:\/\/lunatools.test.consids5.se\/sv\/wp-json\/wp\/v2\/product_tag?post=3334"}],"curies":[{"name":"wp","href":"https:\/\/api.w.org\/{rel}","templated":true}]}}