{"id":3471,"date":"2021-11-04T01:45:09","date_gmt":"2021-11-04T01:45:09","guid":{"rendered":"https:\/\/lunatools.com\/product\/insticksagblad-sl-32mm-bim-5\/"},"modified":"2021-11-04T01:45:09","modified_gmt":"2021-11-04T01:45:09","slug":"insticksagblad-sl-32mm-bim-5","status":"publish","type":"product","link":"https:\/\/lunatools.test.consids5.se\/sv\/product\/insticksagblad-sl-32mm-bim-5\/","title":{"rendered":"INSTICKS\u00c5GBLAD-SL 32MM BIM (5)"},"content":{"rendered":"<p>Insticks\u00e5gblad av bimetall, Easy start underl\u00e4ttar vid instick av s\u00e5gbladet vid plana ytor. Passar till maskiner med Starlock inf\u00e4stning, Starlock Max inf\u00e4stning och Starlock Plus inf\u00e4stning. Bak\u00e5tkompatibel med de flesta multi-cutter maskiner p\u00e5 marknaden. L\u00e4mplig f\u00f6r djupa urtag i h\u00e5rda tr\u00e4konstruktioner, laminat, plast samt kapning av oh\u00e4rdad spik, skruv och klena st\u00e5l profiler.<\/p>\n","protected":false},"excerpt":{"rendered":"Insticks\u00e5gblad av bimetall, Easy start underl\u00e4ttar vid instick av s\u00e5gbladet vid plana ytor. Passar till maskiner med Starlock inf\u00e4stning, Starlock Max inf\u00e4stning och Starlock Plus inf\u00e4stning. Bak\u00e5tkompatibel med de flesta multi-cutter maskiner p\u00e5 marknaden. L\u00e4mplig f\u00f6r djupa urtag i h\u00e5rda tr\u00e4konstruktioner, laminat, plast samt kapning av oh\u00e4rdad spik, skruv och klena st\u00e5l profiler.","protected":false},"featured_media":0,"template":"","meta":{"_acf_changed":false},"product_cat":[447,471],"product_tag":[],"class_list":{"0":"post-3471","1":"product","2":"type-product","3":"status-publish","5":"product_cat-multiverktyg-sv","6":"product_cat-instickssagblad-sv","8":"first","9":"instock","10":"shipping-taxable","11":"product-type-simple"},"acf":[],"yoast_head":"<!-- This site is optimized with the Yoast SEO plugin v23.2 - https:\/\/yoast.com\/wordpress\/plugins\/seo\/ -->\n<title>INSTICKS\u00c5GBLAD-SL 32MM BIM (5) - Luna tools<\/title>\n<meta name=\"robots\" content=\"index, follow, max-snippet:-1, max-image-preview:large, max-video-preview:-1\" \/>\n<link rel=\"canonical\" href=\"https:\/\/lunatools.test.consids5.se\/sv\/product\/insticksagblad-sl-32mm-bim-5\/\" \/>\n<meta property=\"og:locale\" content=\"sv_SE\" \/>\n<meta property=\"og:type\" content=\"article\" \/>\n<meta property=\"og:title\" content=\"INSTICKS\u00c5GBLAD-SL 32MM BIM (5) - Luna tools\" \/>\n<meta property=\"og:description\" content=\"Insticks\u00e5gblad av bimetall, Easy start underl\u00e4ttar vid instick av s\u00e5gbladet vid plana ytor. Passar till maskiner med Starlock inf\u00e4stning, Starlock Max inf\u00e4stning och Starlock Plus inf\u00e4stning. Bak\u00e5tkompatibel med de flesta multi-cutter maskiner p\u00e5 marknaden. L\u00e4mplig f\u00f6r djupa urtag i h\u00e5rda tr\u00e4konstruktioner, laminat, plast samt kapning av oh\u00e4rdad spik, skruv och klena st\u00e5l profiler.\" \/>\n<meta property=\"og:url\" content=\"https:\/\/lunatools.test.consids5.se\/sv\/product\/insticksagblad-sl-32mm-bim-5\/\" \/>\n<meta property=\"og:site_name\" content=\"Luna tools\" \/>\n<script type=\"application\/ld+json\" class=\"yoast-schema-graph\">{\"@context\":\"https:\/\/schema.org\",\"@graph\":[{\"@type\":\"WebPage\",\"@id\":\"https:\/\/lunatools.test.consids5.se\/sv\/product\/insticksagblad-sl-32mm-bim-5\/\",\"url\":\"https:\/\/lunatools.test.consids5.se\/sv\/product\/insticksagblad-sl-32mm-bim-5\/\",\"name\":\"INSTICKS\u00c5GBLAD-SL 32MM BIM (5) - Luna tools\",\"isPartOf\":{\"@id\":\"https:\/\/lunatools.test.consids5.se\/en\/#website\"},\"datePublished\":\"2021-11-04T01:45:09+00:00\",\"dateModified\":\"2021-11-04T01:45:09+00:00\",\"breadcrumb\":{\"@id\":\"https:\/\/lunatools.test.consids5.se\/sv\/product\/insticksagblad-sl-32mm-bim-5\/#breadcrumb\"},\"inLanguage\":\"sv-SE\",\"potentialAction\":[{\"@type\":\"ReadAction\",\"target\":[\"https:\/\/lunatools.test.consids5.se\/sv\/product\/insticksagblad-sl-32mm-bim-5\/\"]}]},{\"@type\":\"BreadcrumbList\",\"@id\":\"https:\/\/lunatools.test.consids5.se\/sv\/product\/insticksagblad-sl-32mm-bim-5\/#breadcrumb\",\"itemListElement\":[{\"@type\":\"ListItem\",\"position\":1,\"name\":\"Home\",\"item\":\"https:\/\/lunatools.test.consids5.se\/sv\/professionella-elverktygstillbehor-lunatools-startpage\/\"},{\"@type\":\"ListItem\",\"position\":2,\"name\":\"Products\",\"item\":\"https:\/\/lunatools.test.consids5.se\/en\/shop\/\"},{\"@type\":\"ListItem\",\"position\":3,\"name\":\"INSTICKS\u00c5GBLAD-SL 32MM BIM (5)\"}]},{\"@type\":\"WebSite\",\"@id\":\"https:\/\/lunatools.test.consids5.se\/en\/#website\",\"url\":\"https:\/\/lunatools.test.consids5.se\/en\/\",\"name\":\"Luna tools\",\"description\":\"\",\"publisher\":{\"@id\":\"https:\/\/lunatools.test.consids5.se\/en\/#organization\"},\"potentialAction\":[{\"@type\":\"SearchAction\",\"target\":{\"@type\":\"EntryPoint\",\"urlTemplate\":\"https:\/\/lunatools.test.consids5.se\/en\/?s={search_term_string}\"},\"query-input\":\"required name=search_term_string\"}],\"inLanguage\":\"sv-SE\"},{\"@type\":\"Organization\",\"@id\":\"https:\/\/lunatools.test.consids5.se\/en\/#organization\",\"name\":\"Luna Tools\",\"url\":\"https:\/\/lunatools.test.consids5.se\/en\/\",\"logo\":{\"@type\":\"ImageObject\",\"inLanguage\":\"sv-SE\",\"@id\":\"https:\/\/lunatools.test.consids5.se\/en\/#\/schema\/logo\/image\/\",\"url\":\"https:\/\/lunatools.com\/wp-content\/uploads\/2019\/10\/LunaTools-gray-logo.png\",\"contentUrl\":\"https:\/\/lunatools.com\/wp-content\/uploads\/2019\/10\/LunaTools-gray-logo.png\",\"width\":795,\"height\":309,\"caption\":\"Luna Tools\"},\"image\":{\"@id\":\"https:\/\/lunatools.test.consids5.se\/en\/#\/schema\/logo\/image\/\"}}]}<\/script>\n<!-- \/ Yoast SEO plugin. -->","yoast_head_json":{"title":"INSTICKS\u00c5GBLAD-SL 32MM BIM (5) - Luna tools","robots":{"index":"index","follow":"follow","max-snippet":"max-snippet:-1","max-image-preview":"max-image-preview:large","max-video-preview":"max-video-preview:-1"},"canonical":"https:\/\/lunatools.test.consids5.se\/sv\/product\/insticksagblad-sl-32mm-bim-5\/","og_locale":"sv_SE","og_type":"article","og_title":"INSTICKS\u00c5GBLAD-SL 32MM BIM (5) - Luna tools","og_description":"Insticks\u00e5gblad av bimetall, Easy start underl\u00e4ttar vid instick av s\u00e5gbladet vid plana ytor. Passar till maskiner med Starlock inf\u00e4stning, Starlock Max inf\u00e4stning och Starlock Plus inf\u00e4stning. Bak\u00e5tkompatibel med de flesta multi-cutter maskiner p\u00e5 marknaden. L\u00e4mplig f\u00f6r djupa urtag i h\u00e5rda tr\u00e4konstruktioner, laminat, plast samt kapning av oh\u00e4rdad spik, skruv och klena st\u00e5l profiler.","og_url":"https:\/\/lunatools.test.consids5.se\/sv\/product\/insticksagblad-sl-32mm-bim-5\/","og_site_name":"Luna tools","schema":{"@context":"https:\/\/schema.org","@graph":[{"@type":"WebPage","@id":"https:\/\/lunatools.test.consids5.se\/sv\/product\/insticksagblad-sl-32mm-bim-5\/","url":"https:\/\/lunatools.test.consids5.se\/sv\/product\/insticksagblad-sl-32mm-bim-5\/","name":"INSTICKS\u00c5GBLAD-SL 32MM BIM (5) - Luna tools","isPartOf":{"@id":"https:\/\/lunatools.test.consids5.se\/en\/#website"},"datePublished":"2021-11-04T01:45:09+00:00","dateModified":"2021-11-04T01:45:09+00:00","breadcrumb":{"@id":"https:\/\/lunatools.test.consids5.se\/sv\/product\/insticksagblad-sl-32mm-bim-5\/#breadcrumb"},"inLanguage":"sv-SE","potentialAction":[{"@type":"ReadAction","target":["https:\/\/lunatools.test.consids5.se\/sv\/product\/insticksagblad-sl-32mm-bim-5\/"]}]},{"@type":"BreadcrumbList","@id":"https:\/\/lunatools.test.consids5.se\/sv\/product\/insticksagblad-sl-32mm-bim-5\/#breadcrumb","itemListElement":[{"@type":"ListItem","position":1,"name":"Home","item":"https:\/\/lunatools.test.consids5.se\/sv\/professionella-elverktygstillbehor-lunatools-startpage\/"},{"@type":"ListItem","position":2,"name":"Products","item":"https:\/\/lunatools.test.consids5.se\/en\/shop\/"},{"@type":"ListItem","position":3,"name":"INSTICKS\u00c5GBLAD-SL 32MM BIM (5)"}]},{"@type":"WebSite","@id":"https:\/\/lunatools.test.consids5.se\/en\/#website","url":"https:\/\/lunatools.test.consids5.se\/en\/","name":"Luna tools","description":"","publisher":{"@id":"https:\/\/lunatools.test.consids5.se\/en\/#organization"},"potentialAction":[{"@type":"SearchAction","target":{"@type":"EntryPoint","urlTemplate":"https:\/\/lunatools.test.consids5.se\/en\/?s={search_term_string}"},"query-input":"required name=search_term_string"}],"inLanguage":"sv-SE"},{"@type":"Organization","@id":"https:\/\/lunatools.test.consids5.se\/en\/#organization","name":"Luna Tools","url":"https:\/\/lunatools.test.consids5.se\/en\/","logo":{"@type":"ImageObject","inLanguage":"sv-SE","@id":"https:\/\/lunatools.test.consids5.se\/en\/#\/schema\/logo\/image\/","url":"https:\/\/lunatools.com\/wp-content\/uploads\/2019\/10\/LunaTools-gray-logo.png","contentUrl":"https:\/\/lunatools.com\/wp-content\/uploads\/2019\/10\/LunaTools-gray-logo.png","width":795,"height":309,"caption":"Luna Tools"},"image":{"@id":"https:\/\/lunatools.test.consids5.se\/en\/#\/schema\/logo\/image\/"}}]}},"_links":{"self":[{"href":"https:\/\/lunatools.test.consids5.se\/sv\/wp-json\/wp\/v2\/product\/3471"}],"collection":[{"href":"https:\/\/lunatools.test.consids5.se\/sv\/wp-json\/wp\/v2\/product"}],"about":[{"href":"https:\/\/lunatools.test.consids5.se\/sv\/wp-json\/wp\/v2\/types\/product"}],"wp:attachment":[{"href":"https:\/\/lunatools.test.consids5.se\/sv\/wp-json\/wp\/v2\/media?parent=3471"}],"wp:term":[{"taxonomy":"product_cat","embeddable":true,"href":"https:\/\/lunatools.test.consids5.se\/sv\/wp-json\/wp\/v2\/product_cat?post=3471"},{"taxonomy":"product_tag","embeddable":true,"href":"https:\/\/lunatools.test.consids5.se\/sv\/wp-json\/wp\/v2\/product_tag?post=3471"}],"curies":[{"name":"wp","href":"https:\/\/api.w.org\/{rel}","templated":true}]}}