{"id":3839,"date":"2021-11-04T01:50:17","date_gmt":"2021-11-04T01:50:17","guid":{"rendered":"https:\/\/lunatools.com\/product\/tigersagb-hm-dem-150x20x1-75mm\/"},"modified":"2021-11-04T01:50:17","modified_gmt":"2021-11-04T01:50:17","slug":"tigersagb-hm-dem-150x20x1-75mm","status":"publish","type":"product","link":"https:\/\/lunatools.test.consids5.se\/sv\/product\/tigersagb-hm-dem-150x20x1-75mm\/","title":{"rendered":"TIGERS\u00c5GB HM DEM 150X20X1.75MM"},"content":{"rendered":"<p>Demolition. S\u00e5gblad med h\u00e5rdmetallt\u00e4nder f\u00f6r elektriska tigers\u00e5gar. H\u00e5rdmetallt\u00e4nder f\u00f6r l\u00e5ng livsl\u00e4ngd och s\u00e5gning av de h\u00e5rdaste material. Individuellt slipade t\u00e4nder f\u00f6r h\u00f6g flexibilitet och sk\u00e4rf\u00f6rm\u00e5ga f\u00f6r de allra tuffaste demoleringsjobb och r\u00e4ddningsarbeten. Extra tjockt f\u00f6r optimal stabilitet. L\u00e4mpliga f\u00f6r bearbetning av tr\u00e4 med spik, metallprofiler, plast och laminerat glas. Levereras i SB-f\u00f6rpackning om 1 blad.<\/p>\n","protected":false},"excerpt":{"rendered":"Demolition. S\u00e5gblad med h\u00e5rdmetallt\u00e4nder f\u00f6r elektriska tigers\u00e5gar. H\u00e5rdmetallt\u00e4nder f\u00f6r l\u00e5ng livsl\u00e4ngd och s\u00e5gning av de h\u00e5rdaste material. Individuellt slipade t\u00e4nder f\u00f6r h\u00f6g flexibilitet och sk\u00e4rf\u00f6rm\u00e5ga f\u00f6r de allra tuffaste demoleringsjobb och r\u00e4ddningsarbeten. Extra tjockt f\u00f6r optimal stabilitet. L\u00e4mpliga f\u00f6r bearbetning av tr\u00e4 med spik, metallprofiler, plast och laminerat glas. Levereras i SB-f\u00f6rpackning om 1 blad.","protected":false},"featured_media":0,"template":"","meta":{"_acf_changed":false},"product_cat":[395,435],"product_tag":[],"class_list":{"0":"post-3839","1":"product","2":"type-product","3":"status-publish","5":"product_cat-sagblad-sv","6":"product_cat-tigersagblad-sv","8":"first","9":"instock","10":"shipping-taxable","11":"product-type-simple"},"acf":[],"yoast_head":"<!-- This site is optimized with the Yoast SEO plugin v23.2 - https:\/\/yoast.com\/wordpress\/plugins\/seo\/ -->\n<title>TIGERS\u00c5GB HM DEM 150X20X1.75MM - Luna tools<\/title>\n<meta name=\"robots\" content=\"index, follow, max-snippet:-1, max-image-preview:large, max-video-preview:-1\" \/>\n<link rel=\"canonical\" href=\"https:\/\/lunatools.test.consids5.se\/sv\/product\/tigersagb-hm-dem-150x20x1-75mm\/\" \/>\n<meta property=\"og:locale\" content=\"sv_SE\" \/>\n<meta property=\"og:type\" content=\"article\" \/>\n<meta property=\"og:title\" content=\"TIGERS\u00c5GB HM DEM 150X20X1.75MM - Luna tools\" \/>\n<meta property=\"og:description\" content=\"Demolition. S\u00e5gblad med h\u00e5rdmetallt\u00e4nder f\u00f6r elektriska tigers\u00e5gar. H\u00e5rdmetallt\u00e4nder f\u00f6r l\u00e5ng livsl\u00e4ngd och s\u00e5gning av de h\u00e5rdaste material. Individuellt slipade t\u00e4nder f\u00f6r h\u00f6g flexibilitet och sk\u00e4rf\u00f6rm\u00e5ga f\u00f6r de allra tuffaste demoleringsjobb och r\u00e4ddningsarbeten. Extra tjockt f\u00f6r optimal stabilitet. L\u00e4mpliga f\u00f6r bearbetning av tr\u00e4 med spik, metallprofiler, plast och laminerat glas. Levereras i SB-f\u00f6rpackning om 1 blad.\" \/>\n<meta property=\"og:url\" content=\"https:\/\/lunatools.test.consids5.se\/sv\/product\/tigersagb-hm-dem-150x20x1-75mm\/\" \/>\n<meta property=\"og:site_name\" content=\"Luna tools\" \/>\n<script type=\"application\/ld+json\" class=\"yoast-schema-graph\">{\"@context\":\"https:\/\/schema.org\",\"@graph\":[{\"@type\":\"WebPage\",\"@id\":\"https:\/\/lunatools.test.consids5.se\/sv\/product\/tigersagb-hm-dem-150x20x1-75mm\/\",\"url\":\"https:\/\/lunatools.test.consids5.se\/sv\/product\/tigersagb-hm-dem-150x20x1-75mm\/\",\"name\":\"TIGERS\u00c5GB HM DEM 150X20X1.75MM - Luna tools\",\"isPartOf\":{\"@id\":\"https:\/\/lunatools.test.consids5.se\/en\/#website\"},\"datePublished\":\"2021-11-04T01:50:17+00:00\",\"dateModified\":\"2021-11-04T01:50:17+00:00\",\"breadcrumb\":{\"@id\":\"https:\/\/lunatools.test.consids5.se\/sv\/product\/tigersagb-hm-dem-150x20x1-75mm\/#breadcrumb\"},\"inLanguage\":\"sv-SE\",\"potentialAction\":[{\"@type\":\"ReadAction\",\"target\":[\"https:\/\/lunatools.test.consids5.se\/sv\/product\/tigersagb-hm-dem-150x20x1-75mm\/\"]}]},{\"@type\":\"BreadcrumbList\",\"@id\":\"https:\/\/lunatools.test.consids5.se\/sv\/product\/tigersagb-hm-dem-150x20x1-75mm\/#breadcrumb\",\"itemListElement\":[{\"@type\":\"ListItem\",\"position\":1,\"name\":\"Home\",\"item\":\"https:\/\/lunatools.test.consids5.se\/sv\/professionella-elverktygstillbehor-lunatools-startpage\/\"},{\"@type\":\"ListItem\",\"position\":2,\"name\":\"Products\",\"item\":\"https:\/\/lunatools.test.consids5.se\/en\/shop\/\"},{\"@type\":\"ListItem\",\"position\":3,\"name\":\"TIGERS\u00c5GB HM DEM 150X20X1.75MM\"}]},{\"@type\":\"WebSite\",\"@id\":\"https:\/\/lunatools.test.consids5.se\/en\/#website\",\"url\":\"https:\/\/lunatools.test.consids5.se\/en\/\",\"name\":\"Luna tools\",\"description\":\"\",\"publisher\":{\"@id\":\"https:\/\/lunatools.test.consids5.se\/en\/#organization\"},\"potentialAction\":[{\"@type\":\"SearchAction\",\"target\":{\"@type\":\"EntryPoint\",\"urlTemplate\":\"https:\/\/lunatools.test.consids5.se\/en\/?s={search_term_string}\"},\"query-input\":\"required name=search_term_string\"}],\"inLanguage\":\"sv-SE\"},{\"@type\":\"Organization\",\"@id\":\"https:\/\/lunatools.test.consids5.se\/en\/#organization\",\"name\":\"Luna Tools\",\"url\":\"https:\/\/lunatools.test.consids5.se\/en\/\",\"logo\":{\"@type\":\"ImageObject\",\"inLanguage\":\"sv-SE\",\"@id\":\"https:\/\/lunatools.test.consids5.se\/en\/#\/schema\/logo\/image\/\",\"url\":\"https:\/\/lunatools.com\/wp-content\/uploads\/2019\/10\/LunaTools-gray-logo.png\",\"contentUrl\":\"https:\/\/lunatools.com\/wp-content\/uploads\/2019\/10\/LunaTools-gray-logo.png\",\"width\":795,\"height\":309,\"caption\":\"Luna Tools\"},\"image\":{\"@id\":\"https:\/\/lunatools.test.consids5.se\/en\/#\/schema\/logo\/image\/\"}}]}<\/script>\n<!-- \/ Yoast SEO plugin. -->","yoast_head_json":{"title":"TIGERS\u00c5GB HM DEM 150X20X1.75MM - Luna tools","robots":{"index":"index","follow":"follow","max-snippet":"max-snippet:-1","max-image-preview":"max-image-preview:large","max-video-preview":"max-video-preview:-1"},"canonical":"https:\/\/lunatools.test.consids5.se\/sv\/product\/tigersagb-hm-dem-150x20x1-75mm\/","og_locale":"sv_SE","og_type":"article","og_title":"TIGERS\u00c5GB HM DEM 150X20X1.75MM - Luna tools","og_description":"Demolition. S\u00e5gblad med h\u00e5rdmetallt\u00e4nder f\u00f6r elektriska tigers\u00e5gar. H\u00e5rdmetallt\u00e4nder f\u00f6r l\u00e5ng livsl\u00e4ngd och s\u00e5gning av de h\u00e5rdaste material. Individuellt slipade t\u00e4nder f\u00f6r h\u00f6g flexibilitet och sk\u00e4rf\u00f6rm\u00e5ga f\u00f6r de allra tuffaste demoleringsjobb och r\u00e4ddningsarbeten. Extra tjockt f\u00f6r optimal stabilitet. L\u00e4mpliga f\u00f6r bearbetning av tr\u00e4 med spik, metallprofiler, plast och laminerat glas. Levereras i SB-f\u00f6rpackning om 1 blad.","og_url":"https:\/\/lunatools.test.consids5.se\/sv\/product\/tigersagb-hm-dem-150x20x1-75mm\/","og_site_name":"Luna tools","schema":{"@context":"https:\/\/schema.org","@graph":[{"@type":"WebPage","@id":"https:\/\/lunatools.test.consids5.se\/sv\/product\/tigersagb-hm-dem-150x20x1-75mm\/","url":"https:\/\/lunatools.test.consids5.se\/sv\/product\/tigersagb-hm-dem-150x20x1-75mm\/","name":"TIGERS\u00c5GB HM DEM 150X20X1.75MM - Luna tools","isPartOf":{"@id":"https:\/\/lunatools.test.consids5.se\/en\/#website"},"datePublished":"2021-11-04T01:50:17+00:00","dateModified":"2021-11-04T01:50:17+00:00","breadcrumb":{"@id":"https:\/\/lunatools.test.consids5.se\/sv\/product\/tigersagb-hm-dem-150x20x1-75mm\/#breadcrumb"},"inLanguage":"sv-SE","potentialAction":[{"@type":"ReadAction","target":["https:\/\/lunatools.test.consids5.se\/sv\/product\/tigersagb-hm-dem-150x20x1-75mm\/"]}]},{"@type":"BreadcrumbList","@id":"https:\/\/lunatools.test.consids5.se\/sv\/product\/tigersagb-hm-dem-150x20x1-75mm\/#breadcrumb","itemListElement":[{"@type":"ListItem","position":1,"name":"Home","item":"https:\/\/lunatools.test.consids5.se\/sv\/professionella-elverktygstillbehor-lunatools-startpage\/"},{"@type":"ListItem","position":2,"name":"Products","item":"https:\/\/lunatools.test.consids5.se\/en\/shop\/"},{"@type":"ListItem","position":3,"name":"TIGERS\u00c5GB HM DEM 150X20X1.75MM"}]},{"@type":"WebSite","@id":"https:\/\/lunatools.test.consids5.se\/en\/#website","url":"https:\/\/lunatools.test.consids5.se\/en\/","name":"Luna tools","description":"","publisher":{"@id":"https:\/\/lunatools.test.consids5.se\/en\/#organization"},"potentialAction":[{"@type":"SearchAction","target":{"@type":"EntryPoint","urlTemplate":"https:\/\/lunatools.test.consids5.se\/en\/?s={search_term_string}"},"query-input":"required name=search_term_string"}],"inLanguage":"sv-SE"},{"@type":"Organization","@id":"https:\/\/lunatools.test.consids5.se\/en\/#organization","name":"Luna Tools","url":"https:\/\/lunatools.test.consids5.se\/en\/","logo":{"@type":"ImageObject","inLanguage":"sv-SE","@id":"https:\/\/lunatools.test.consids5.se\/en\/#\/schema\/logo\/image\/","url":"https:\/\/lunatools.com\/wp-content\/uploads\/2019\/10\/LunaTools-gray-logo.png","contentUrl":"https:\/\/lunatools.com\/wp-content\/uploads\/2019\/10\/LunaTools-gray-logo.png","width":795,"height":309,"caption":"Luna Tools"},"image":{"@id":"https:\/\/lunatools.test.consids5.se\/en\/#\/schema\/logo\/image\/"}}]}},"_links":{"self":[{"href":"https:\/\/lunatools.test.consids5.se\/sv\/wp-json\/wp\/v2\/product\/3839"}],"collection":[{"href":"https:\/\/lunatools.test.consids5.se\/sv\/wp-json\/wp\/v2\/product"}],"about":[{"href":"https:\/\/lunatools.test.consids5.se\/sv\/wp-json\/wp\/v2\/types\/product"}],"wp:attachment":[{"href":"https:\/\/lunatools.test.consids5.se\/sv\/wp-json\/wp\/v2\/media?parent=3839"}],"wp:term":[{"taxonomy":"product_cat","embeddable":true,"href":"https:\/\/lunatools.test.consids5.se\/sv\/wp-json\/wp\/v2\/product_cat?post=3839"},{"taxonomy":"product_tag","embeddable":true,"href":"https:\/\/lunatools.test.consids5.se\/sv\/wp-json\/wp\/v2\/product_tag?post=3839"}],"curies":[{"name":"wp","href":"https:\/\/api.w.org\/{rel}","templated":true}]}}