{"id":60052,"date":"2021-11-04T03:05:28","date_gmt":"2021-11-04T03:05:28","guid":{"rendered":"http:\/\/lunatools.com\/product\/verktygssakring-startkit\/"},"modified":"2021-11-04T03:05:28","modified_gmt":"2021-11-04T03:05:28","slug":"verktygssakring-startkit","status":"publish","type":"product","link":"https:\/\/lunatools.test.consids5.se\/sv\/product\/verktygssakring-startkit\/","title":{"rendered":"VERKTYGSS\u00c4KRING STARTKIT"},"content":{"rendered":"<p>Startkit med de grundl\u00e4ggande komponenter som beh\u00f6vs f\u00f6r att s\u00e4kra dina verktyg vid arbete p\u00e5 h\u00f6jd. Inneh\u00e5ller enkel och smidig f\u00e4stpunkt till kropp (b\u00e4ltes\u00f6gla), linor f\u00f6r b\u00e5de l\u00e4ttare och tyngre verktyg i olika utf\u00f6randen och material samt flera olika inf\u00e4stningskomponenter till verktyg. Produkterna \u00e4r samlade i en f\u00f6rvaringsv\u00e4ska av plast med flera fack som g\u00f6r det l\u00e4tt att h\u00e5lla ordning p\u00e5 s\u00e4kringsprodukterna.<\/p>\n","protected":false},"excerpt":{"rendered":"Startkit med de grundl\u00e4ggande komponenter som beh\u00f6vs f\u00f6r att s\u00e4kra dina verktyg vid arbete p\u00e5 h\u00f6jd. Inneh\u00e5ller enkel och smidig f\u00e4stpunkt till kropp (b\u00e4ltes\u00f6gla), linor f\u00f6r b\u00e5de l\u00e4ttare och tyngre verktyg i olika utf\u00f6randen och material samt flera olika inf\u00e4stningskomponenter till verktyg. Produkterna \u00e4r samlade i en f\u00f6rvaringsv\u00e4ska av plast med flera fack som g\u00f6r&#8230; <a class=\"view-article\" href=\"https:\/\/lunatools.test.consids5.se\/sv\/product\/verktygssakring-startkit\/\">View Article<\/a>","protected":false},"featured_media":0,"template":"","meta":{"_acf_changed":false},"product_cat":[1041,1040],"product_tag":[],"class_list":{"0":"post-60052","1":"product","2":"type-product","3":"status-publish","5":"product_cat-box-sv","6":"product_cat-set-for-verktygssakring-sv","8":"first","9":"instock","10":"shipping-taxable","11":"product-type-simple"},"acf":[],"yoast_head":"<!-- This site is optimized with the Yoast SEO plugin v23.2 - https:\/\/yoast.com\/wordpress\/plugins\/seo\/ -->\n<title>VERKTYGSS\u00c4KRING STARTKIT - Luna tools<\/title>\n<meta name=\"robots\" content=\"index, follow, max-snippet:-1, max-image-preview:large, max-video-preview:-1\" \/>\n<link rel=\"canonical\" href=\"https:\/\/lunatools.test.consids5.se\/sv\/product\/verktygssakring-startkit\/\" \/>\n<meta property=\"og:locale\" content=\"sv_SE\" \/>\n<meta property=\"og:type\" content=\"article\" \/>\n<meta property=\"og:title\" content=\"VERKTYGSS\u00c4KRING STARTKIT - Luna tools\" \/>\n<meta property=\"og:description\" content=\"Startkit med de grundl\u00e4ggande komponenter som beh\u00f6vs f\u00f6r att s\u00e4kra dina verktyg vid arbete p\u00e5 h\u00f6jd. Inneh\u00e5ller enkel och smidig f\u00e4stpunkt till kropp (b\u00e4ltes\u00f6gla), linor f\u00f6r b\u00e5de l\u00e4ttare och tyngre verktyg i olika utf\u00f6randen och material samt flera olika inf\u00e4stningskomponenter till verktyg. Produkterna \u00e4r samlade i en f\u00f6rvaringsv\u00e4ska av plast med flera fack som g\u00f6r... View Article\" \/>\n<meta property=\"og:url\" content=\"https:\/\/lunatools.test.consids5.se\/sv\/product\/verktygssakring-startkit\/\" \/>\n<meta property=\"og:site_name\" content=\"Luna tools\" \/>\n<script type=\"application\/ld+json\" class=\"yoast-schema-graph\">{\"@context\":\"https:\/\/schema.org\",\"@graph\":[{\"@type\":\"WebPage\",\"@id\":\"https:\/\/lunatools.test.consids5.se\/sv\/product\/verktygssakring-startkit\/\",\"url\":\"https:\/\/lunatools.test.consids5.se\/sv\/product\/verktygssakring-startkit\/\",\"name\":\"VERKTYGSS\u00c4KRING STARTKIT - Luna tools\",\"isPartOf\":{\"@id\":\"https:\/\/lunatools.test.consids5.se\/en\/#website\"},\"datePublished\":\"2021-11-04T03:05:28+00:00\",\"dateModified\":\"2021-11-04T03:05:28+00:00\",\"breadcrumb\":{\"@id\":\"https:\/\/lunatools.test.consids5.se\/sv\/product\/verktygssakring-startkit\/#breadcrumb\"},\"inLanguage\":\"sv-SE\",\"potentialAction\":[{\"@type\":\"ReadAction\",\"target\":[\"https:\/\/lunatools.test.consids5.se\/sv\/product\/verktygssakring-startkit\/\"]}]},{\"@type\":\"BreadcrumbList\",\"@id\":\"https:\/\/lunatools.test.consids5.se\/sv\/product\/verktygssakring-startkit\/#breadcrumb\",\"itemListElement\":[{\"@type\":\"ListItem\",\"position\":1,\"name\":\"Home\",\"item\":\"https:\/\/lunatools.test.consids5.se\/sv\/professionella-elverktygstillbehor-lunatools-startpage\/\"},{\"@type\":\"ListItem\",\"position\":2,\"name\":\"Products\",\"item\":\"https:\/\/lunatools.test.consids5.se\/en\/shop\/\"},{\"@type\":\"ListItem\",\"position\":3,\"name\":\"VERKTYGSS\u00c4KRING STARTKIT\"}]},{\"@type\":\"WebSite\",\"@id\":\"https:\/\/lunatools.test.consids5.se\/en\/#website\",\"url\":\"https:\/\/lunatools.test.consids5.se\/en\/\",\"name\":\"Luna tools\",\"description\":\"\",\"publisher\":{\"@id\":\"https:\/\/lunatools.test.consids5.se\/en\/#organization\"},\"potentialAction\":[{\"@type\":\"SearchAction\",\"target\":{\"@type\":\"EntryPoint\",\"urlTemplate\":\"https:\/\/lunatools.test.consids5.se\/en\/?s={search_term_string}\"},\"query-input\":\"required name=search_term_string\"}],\"inLanguage\":\"sv-SE\"},{\"@type\":\"Organization\",\"@id\":\"https:\/\/lunatools.test.consids5.se\/en\/#organization\",\"name\":\"Luna Tools\",\"url\":\"https:\/\/lunatools.test.consids5.se\/en\/\",\"logo\":{\"@type\":\"ImageObject\",\"inLanguage\":\"sv-SE\",\"@id\":\"https:\/\/lunatools.test.consids5.se\/en\/#\/schema\/logo\/image\/\",\"url\":\"https:\/\/lunatools.com\/wp-content\/uploads\/2019\/10\/LunaTools-gray-logo.png\",\"contentUrl\":\"https:\/\/lunatools.com\/wp-content\/uploads\/2019\/10\/LunaTools-gray-logo.png\",\"width\":795,\"height\":309,\"caption\":\"Luna Tools\"},\"image\":{\"@id\":\"https:\/\/lunatools.test.consids5.se\/en\/#\/schema\/logo\/image\/\"}}]}<\/script>\n<!-- \/ Yoast SEO plugin. -->","yoast_head_json":{"title":"VERKTYGSS\u00c4KRING STARTKIT - Luna tools","robots":{"index":"index","follow":"follow","max-snippet":"max-snippet:-1","max-image-preview":"max-image-preview:large","max-video-preview":"max-video-preview:-1"},"canonical":"https:\/\/lunatools.test.consids5.se\/sv\/product\/verktygssakring-startkit\/","og_locale":"sv_SE","og_type":"article","og_title":"VERKTYGSS\u00c4KRING STARTKIT - Luna tools","og_description":"Startkit med de grundl\u00e4ggande komponenter som beh\u00f6vs f\u00f6r att s\u00e4kra dina verktyg vid arbete p\u00e5 h\u00f6jd. Inneh\u00e5ller enkel och smidig f\u00e4stpunkt till kropp (b\u00e4ltes\u00f6gla), linor f\u00f6r b\u00e5de l\u00e4ttare och tyngre verktyg i olika utf\u00f6randen och material samt flera olika inf\u00e4stningskomponenter till verktyg. Produkterna \u00e4r samlade i en f\u00f6rvaringsv\u00e4ska av plast med flera fack som g\u00f6r... View Article","og_url":"https:\/\/lunatools.test.consids5.se\/sv\/product\/verktygssakring-startkit\/","og_site_name":"Luna tools","schema":{"@context":"https:\/\/schema.org","@graph":[{"@type":"WebPage","@id":"https:\/\/lunatools.test.consids5.se\/sv\/product\/verktygssakring-startkit\/","url":"https:\/\/lunatools.test.consids5.se\/sv\/product\/verktygssakring-startkit\/","name":"VERKTYGSS\u00c4KRING STARTKIT - Luna tools","isPartOf":{"@id":"https:\/\/lunatools.test.consids5.se\/en\/#website"},"datePublished":"2021-11-04T03:05:28+00:00","dateModified":"2021-11-04T03:05:28+00:00","breadcrumb":{"@id":"https:\/\/lunatools.test.consids5.se\/sv\/product\/verktygssakring-startkit\/#breadcrumb"},"inLanguage":"sv-SE","potentialAction":[{"@type":"ReadAction","target":["https:\/\/lunatools.test.consids5.se\/sv\/product\/verktygssakring-startkit\/"]}]},{"@type":"BreadcrumbList","@id":"https:\/\/lunatools.test.consids5.se\/sv\/product\/verktygssakring-startkit\/#breadcrumb","itemListElement":[{"@type":"ListItem","position":1,"name":"Home","item":"https:\/\/lunatools.test.consids5.se\/sv\/professionella-elverktygstillbehor-lunatools-startpage\/"},{"@type":"ListItem","position":2,"name":"Products","item":"https:\/\/lunatools.test.consids5.se\/en\/shop\/"},{"@type":"ListItem","position":3,"name":"VERKTYGSS\u00c4KRING STARTKIT"}]},{"@type":"WebSite","@id":"https:\/\/lunatools.test.consids5.se\/en\/#website","url":"https:\/\/lunatools.test.consids5.se\/en\/","name":"Luna tools","description":"","publisher":{"@id":"https:\/\/lunatools.test.consids5.se\/en\/#organization"},"potentialAction":[{"@type":"SearchAction","target":{"@type":"EntryPoint","urlTemplate":"https:\/\/lunatools.test.consids5.se\/en\/?s={search_term_string}"},"query-input":"required name=search_term_string"}],"inLanguage":"sv-SE"},{"@type":"Organization","@id":"https:\/\/lunatools.test.consids5.se\/en\/#organization","name":"Luna Tools","url":"https:\/\/lunatools.test.consids5.se\/en\/","logo":{"@type":"ImageObject","inLanguage":"sv-SE","@id":"https:\/\/lunatools.test.consids5.se\/en\/#\/schema\/logo\/image\/","url":"https:\/\/lunatools.com\/wp-content\/uploads\/2019\/10\/LunaTools-gray-logo.png","contentUrl":"https:\/\/lunatools.com\/wp-content\/uploads\/2019\/10\/LunaTools-gray-logo.png","width":795,"height":309,"caption":"Luna Tools"},"image":{"@id":"https:\/\/lunatools.test.consids5.se\/en\/#\/schema\/logo\/image\/"}}]}},"_links":{"self":[{"href":"https:\/\/lunatools.test.consids5.se\/sv\/wp-json\/wp\/v2\/product\/60052"}],"collection":[{"href":"https:\/\/lunatools.test.consids5.se\/sv\/wp-json\/wp\/v2\/product"}],"about":[{"href":"https:\/\/lunatools.test.consids5.se\/sv\/wp-json\/wp\/v2\/types\/product"}],"wp:attachment":[{"href":"https:\/\/lunatools.test.consids5.se\/sv\/wp-json\/wp\/v2\/media?parent=60052"}],"wp:term":[{"taxonomy":"product_cat","embeddable":true,"href":"https:\/\/lunatools.test.consids5.se\/sv\/wp-json\/wp\/v2\/product_cat?post=60052"},{"taxonomy":"product_tag","embeddable":true,"href":"https:\/\/lunatools.test.consids5.se\/sv\/wp-json\/wp\/v2\/product_tag?post=60052"}],"curies":[{"name":"wp","href":"https:\/\/api.w.org\/{rel}","templated":true}]}}