{"id":785,"date":"2021-08-18T00:45:06","date_gmt":"2021-08-18T00:45:06","guid":{"rendered":"https:\/\/lunatools.com\/product\/hallare-l5\/"},"modified":"2021-08-18T00:45:06","modified_gmt":"2021-08-18T00:45:06","slug":"hallare-l5","status":"publish","type":"product","link":"https:\/\/lunatools.test.consids5.se\/sv\/product\/hallare-l5\/","title":{"rendered":"H\u00c5LLARE L5"},"content":{"rendered":"<p>H\u00e5llare nr L 5. Snabbchucksh\u00e5llare som l\u00e5ser ihop h\u00e5llare och den monterade adaptern p\u00e5 h\u00e5ls\u00e5gen. L\u00e5set \u00e4r fj\u00e4derbelastat.<br \/>\nAdapter m\u00e5ste monteras p\u00e5 h\u00e5ls\u00e5gen f\u00f6r att passa snabbchucksh\u00e5llaren.<br \/>\nAdapterg\u00e4ngstorlek se tabell nedan.<br \/>\n212490304, 212490403 f\u00f6rpackas om 3 st.<\/p>\n","protected":false},"excerpt":{"rendered":"H\u00e5llare nr L 5. Snabbchucksh\u00e5llare som l\u00e5ser ihop h\u00e5llare och den monterade adaptern p\u00e5 h\u00e5ls\u00e5gen. L\u00e5set \u00e4r fj\u00e4derbelastat. Adapter m\u00e5ste monteras p\u00e5 h\u00e5ls\u00e5gen f\u00f6r att passa snabbchucksh\u00e5llaren. Adapterg\u00e4ngstorlek se tabell nedan. 212490304, 212490403 f\u00f6rpackas om 3 st.","protected":false},"featured_media":42435,"template":"","meta":{"_acf_changed":false},"product_cat":[418],"product_tag":[],"class_list":{"0":"post-785","1":"product","2":"type-product","3":"status-publish","4":"has-post-thumbnail","6":"product_cat-halsagar-sv","8":"first","9":"instock","10":"shipping-taxable","11":"product-type-simple"},"acf":[],"yoast_head":"<!-- This site is optimized with the Yoast SEO plugin v23.2 - https:\/\/yoast.com\/wordpress\/plugins\/seo\/ -->\n<title>H\u00c5LLARE L5 - Luna tools<\/title>\n<meta name=\"robots\" content=\"index, follow, max-snippet:-1, max-image-preview:large, max-video-preview:-1\" \/>\n<link rel=\"canonical\" href=\"https:\/\/lunatools.test.consids5.se\/sv\/product\/hallare-l5\/\" \/>\n<meta property=\"og:locale\" content=\"sv_SE\" \/>\n<meta property=\"og:type\" content=\"article\" \/>\n<meta property=\"og:title\" content=\"H\u00c5LLARE L5 - Luna tools\" \/>\n<meta property=\"og:description\" content=\"H\u00e5llare nr L 5. Snabbchucksh\u00e5llare som l\u00e5ser ihop h\u00e5llare och den monterade adaptern p\u00e5 h\u00e5ls\u00e5gen. L\u00e5set \u00e4r fj\u00e4derbelastat. Adapter m\u00e5ste monteras p\u00e5 h\u00e5ls\u00e5gen f\u00f6r att passa snabbchucksh\u00e5llaren. Adapterg\u00e4ngstorlek se tabell nedan. 212490304, 212490403 f\u00f6rpackas om 3 st.\" \/>\n<meta property=\"og:url\" content=\"https:\/\/lunatools.test.consids5.se\/sv\/product\/hallare-l5\/\" \/>\n<meta property=\"og:site_name\" content=\"Luna tools\" \/>\n<meta property=\"og:image\" content=\"https:\/\/lunatools.test.consids5.se\/wp-content\/uploads\/2021\/03\/870860-4.jpg\" \/>\n\t<meta property=\"og:image:width\" content=\"1400\" \/>\n\t<meta property=\"og:image:height\" content=\"500\" \/>\n\t<meta property=\"og:image:type\" content=\"image\/jpeg\" \/>\n<script type=\"application\/ld+json\" class=\"yoast-schema-graph\">{\"@context\":\"https:\/\/schema.org\",\"@graph\":[{\"@type\":\"WebPage\",\"@id\":\"https:\/\/lunatools.test.consids5.se\/sv\/product\/hallare-l5\/\",\"url\":\"https:\/\/lunatools.test.consids5.se\/sv\/product\/hallare-l5\/\",\"name\":\"H\u00c5LLARE L5 - Luna tools\",\"isPartOf\":{\"@id\":\"https:\/\/lunatools.test.consids5.se\/en\/#website\"},\"primaryImageOfPage\":{\"@id\":\"https:\/\/lunatools.test.consids5.se\/sv\/product\/hallare-l5\/#primaryimage\"},\"image\":{\"@id\":\"https:\/\/lunatools.test.consids5.se\/sv\/product\/hallare-l5\/#primaryimage\"},\"thumbnailUrl\":\"https:\/\/lunatools.test.consids5.se\/wp-content\/uploads\/2021\/03\/870860-4.jpg\",\"datePublished\":\"2021-08-18T00:45:06+00:00\",\"dateModified\":\"2021-08-18T00:45:06+00:00\",\"breadcrumb\":{\"@id\":\"https:\/\/lunatools.test.consids5.se\/sv\/product\/hallare-l5\/#breadcrumb\"},\"inLanguage\":\"sv-SE\",\"potentialAction\":[{\"@type\":\"ReadAction\",\"target\":[\"https:\/\/lunatools.test.consids5.se\/sv\/product\/hallare-l5\/\"]}]},{\"@type\":\"ImageObject\",\"inLanguage\":\"sv-SE\",\"@id\":\"https:\/\/lunatools.test.consids5.se\/sv\/product\/hallare-l5\/#primaryimage\",\"url\":\"https:\/\/lunatools.test.consids5.se\/wp-content\/uploads\/2021\/03\/870860-4.jpg\",\"contentUrl\":\"https:\/\/lunatools.test.consids5.se\/wp-content\/uploads\/2021\/03\/870860-4.jpg\",\"width\":1400,\"height\":500},{\"@type\":\"BreadcrumbList\",\"@id\":\"https:\/\/lunatools.test.consids5.se\/sv\/product\/hallare-l5\/#breadcrumb\",\"itemListElement\":[{\"@type\":\"ListItem\",\"position\":1,\"name\":\"Home\",\"item\":\"https:\/\/lunatools.test.consids5.se\/sv\/professionella-elverktygstillbehor-lunatools-startpage\/\"},{\"@type\":\"ListItem\",\"position\":2,\"name\":\"Products\",\"item\":\"https:\/\/lunatools.test.consids5.se\/en\/shop\/\"},{\"@type\":\"ListItem\",\"position\":3,\"name\":\"H\u00c5LLARE L5\"}]},{\"@type\":\"WebSite\",\"@id\":\"https:\/\/lunatools.test.consids5.se\/en\/#website\",\"url\":\"https:\/\/lunatools.test.consids5.se\/en\/\",\"name\":\"Luna tools\",\"description\":\"\",\"publisher\":{\"@id\":\"https:\/\/lunatools.test.consids5.se\/en\/#organization\"},\"potentialAction\":[{\"@type\":\"SearchAction\",\"target\":{\"@type\":\"EntryPoint\",\"urlTemplate\":\"https:\/\/lunatools.test.consids5.se\/en\/?s={search_term_string}\"},\"query-input\":\"required name=search_term_string\"}],\"inLanguage\":\"sv-SE\"},{\"@type\":\"Organization\",\"@id\":\"https:\/\/lunatools.test.consids5.se\/en\/#organization\",\"name\":\"Luna Tools\",\"url\":\"https:\/\/lunatools.test.consids5.se\/en\/\",\"logo\":{\"@type\":\"ImageObject\",\"inLanguage\":\"sv-SE\",\"@id\":\"https:\/\/lunatools.test.consids5.se\/en\/#\/schema\/logo\/image\/\",\"url\":\"https:\/\/lunatools.com\/wp-content\/uploads\/2019\/10\/LunaTools-gray-logo.png\",\"contentUrl\":\"https:\/\/lunatools.com\/wp-content\/uploads\/2019\/10\/LunaTools-gray-logo.png\",\"width\":795,\"height\":309,\"caption\":\"Luna Tools\"},\"image\":{\"@id\":\"https:\/\/lunatools.test.consids5.se\/en\/#\/schema\/logo\/image\/\"}}]}<\/script>\n<!-- \/ Yoast SEO plugin. -->","yoast_head_json":{"title":"H\u00c5LLARE L5 - Luna tools","robots":{"index":"index","follow":"follow","max-snippet":"max-snippet:-1","max-image-preview":"max-image-preview:large","max-video-preview":"max-video-preview:-1"},"canonical":"https:\/\/lunatools.test.consids5.se\/sv\/product\/hallare-l5\/","og_locale":"sv_SE","og_type":"article","og_title":"H\u00c5LLARE L5 - Luna tools","og_description":"H\u00e5llare nr L 5. Snabbchucksh\u00e5llare som l\u00e5ser ihop h\u00e5llare och den monterade adaptern p\u00e5 h\u00e5ls\u00e5gen. L\u00e5set \u00e4r fj\u00e4derbelastat. Adapter m\u00e5ste monteras p\u00e5 h\u00e5ls\u00e5gen f\u00f6r att passa snabbchucksh\u00e5llaren. Adapterg\u00e4ngstorlek se tabell nedan. 212490304, 212490403 f\u00f6rpackas om 3 st.","og_url":"https:\/\/lunatools.test.consids5.se\/sv\/product\/hallare-l5\/","og_site_name":"Luna tools","og_image":[{"width":1400,"height":500,"url":"https:\/\/lunatools.test.consids5.se\/wp-content\/uploads\/2021\/03\/870860-4.jpg","type":"image\/jpeg"}],"schema":{"@context":"https:\/\/schema.org","@graph":[{"@type":"WebPage","@id":"https:\/\/lunatools.test.consids5.se\/sv\/product\/hallare-l5\/","url":"https:\/\/lunatools.test.consids5.se\/sv\/product\/hallare-l5\/","name":"H\u00c5LLARE L5 - Luna tools","isPartOf":{"@id":"https:\/\/lunatools.test.consids5.se\/en\/#website"},"primaryImageOfPage":{"@id":"https:\/\/lunatools.test.consids5.se\/sv\/product\/hallare-l5\/#primaryimage"},"image":{"@id":"https:\/\/lunatools.test.consids5.se\/sv\/product\/hallare-l5\/#primaryimage"},"thumbnailUrl":"https:\/\/lunatools.test.consids5.se\/wp-content\/uploads\/2021\/03\/870860-4.jpg","datePublished":"2021-08-18T00:45:06+00:00","dateModified":"2021-08-18T00:45:06+00:00","breadcrumb":{"@id":"https:\/\/lunatools.test.consids5.se\/sv\/product\/hallare-l5\/#breadcrumb"},"inLanguage":"sv-SE","potentialAction":[{"@type":"ReadAction","target":["https:\/\/lunatools.test.consids5.se\/sv\/product\/hallare-l5\/"]}]},{"@type":"ImageObject","inLanguage":"sv-SE","@id":"https:\/\/lunatools.test.consids5.se\/sv\/product\/hallare-l5\/#primaryimage","url":"https:\/\/lunatools.test.consids5.se\/wp-content\/uploads\/2021\/03\/870860-4.jpg","contentUrl":"https:\/\/lunatools.test.consids5.se\/wp-content\/uploads\/2021\/03\/870860-4.jpg","width":1400,"height":500},{"@type":"BreadcrumbList","@id":"https:\/\/lunatools.test.consids5.se\/sv\/product\/hallare-l5\/#breadcrumb","itemListElement":[{"@type":"ListItem","position":1,"name":"Home","item":"https:\/\/lunatools.test.consids5.se\/sv\/professionella-elverktygstillbehor-lunatools-startpage\/"},{"@type":"ListItem","position":2,"name":"Products","item":"https:\/\/lunatools.test.consids5.se\/en\/shop\/"},{"@type":"ListItem","position":3,"name":"H\u00c5LLARE L5"}]},{"@type":"WebSite","@id":"https:\/\/lunatools.test.consids5.se\/en\/#website","url":"https:\/\/lunatools.test.consids5.se\/en\/","name":"Luna tools","description":"","publisher":{"@id":"https:\/\/lunatools.test.consids5.se\/en\/#organization"},"potentialAction":[{"@type":"SearchAction","target":{"@type":"EntryPoint","urlTemplate":"https:\/\/lunatools.test.consids5.se\/en\/?s={search_term_string}"},"query-input":"required name=search_term_string"}],"inLanguage":"sv-SE"},{"@type":"Organization","@id":"https:\/\/lunatools.test.consids5.se\/en\/#organization","name":"Luna Tools","url":"https:\/\/lunatools.test.consids5.se\/en\/","logo":{"@type":"ImageObject","inLanguage":"sv-SE","@id":"https:\/\/lunatools.test.consids5.se\/en\/#\/schema\/logo\/image\/","url":"https:\/\/lunatools.com\/wp-content\/uploads\/2019\/10\/LunaTools-gray-logo.png","contentUrl":"https:\/\/lunatools.com\/wp-content\/uploads\/2019\/10\/LunaTools-gray-logo.png","width":795,"height":309,"caption":"Luna Tools"},"image":{"@id":"https:\/\/lunatools.test.consids5.se\/en\/#\/schema\/logo\/image\/"}}]}},"_links":{"self":[{"href":"https:\/\/lunatools.test.consids5.se\/sv\/wp-json\/wp\/v2\/product\/785"}],"collection":[{"href":"https:\/\/lunatools.test.consids5.se\/sv\/wp-json\/wp\/v2\/product"}],"about":[{"href":"https:\/\/lunatools.test.consids5.se\/sv\/wp-json\/wp\/v2\/types\/product"}],"wp:featuredmedia":[{"embeddable":true,"href":"https:\/\/lunatools.test.consids5.se\/sv\/wp-json\/wp\/v2\/media\/42435"}],"wp:attachment":[{"href":"https:\/\/lunatools.test.consids5.se\/sv\/wp-json\/wp\/v2\/media?parent=785"}],"wp:term":[{"taxonomy":"product_cat","embeddable":true,"href":"https:\/\/lunatools.test.consids5.se\/sv\/wp-json\/wp\/v2\/product_cat?post=785"},{"taxonomy":"product_tag","embeddable":true,"href":"https:\/\/lunatools.test.consids5.se\/sv\/wp-json\/wp\/v2\/product_tag?post=785"}],"curies":[{"name":"wp","href":"https:\/\/api.w.org\/{rel}","templated":true}]}}