{"id":886,"date":"2021-11-04T00:40:05","date_gmt":"2021-11-04T00:40:05","guid":{"rendered":"https:\/\/lunatools.com\/product\/kontraprofilfras-hm\/"},"modified":"2021-11-04T00:40:05","modified_gmt":"2021-11-04T00:40:05","slug":"kontraprofilfras-hm","status":"publish","type":"product","link":"https:\/\/lunatools.test.consids5.se\/sv\/product\/kontraprofilfras-hm\/","title":{"rendered":"KONTRAPROFILFR\u00c4S HM"},"content":{"rendered":"<p>Kontraprofilfr\u00e4sar med sk\u00e4r av h\u00e5rdmetall och kullager f\u00f6r tillverkning av sk\u00e5pluckor, d\u00f6rrar och paneler. Genom att byta plats p\u00e5 not och profilst\u00e5let kan b\u00e5de l\u00e4ngd och \u00e4ndprofilen tillverkas med samma fr\u00e4s. Hand\u00f6verfr\u00e4sen b\u00f6r monteras i ett fr\u00e4sbord f\u00f6r b\u00e4sta resultat.<\/p>\n","protected":false},"excerpt":{"rendered":"Kontraprofilfr\u00e4sar med sk\u00e4r av h\u00e5rdmetall och kullager f\u00f6r tillverkning av sk\u00e5pluckor, d\u00f6rrar och paneler. Genom att byta plats p\u00e5 not och profilst\u00e5let kan b\u00e5de l\u00e4ngd och \u00e4ndprofilen tillverkas med samma fr\u00e4s. Hand\u00f6verfr\u00e4sen b\u00f6r monteras i ett fr\u00e4sbord f\u00f6r b\u00e4sta resultat.","protected":false},"featured_media":40919,"template":"","meta":{"_acf_changed":false},"product_cat":[391,440],"product_tag":[],"class_list":{"0":"post-886","1":"product","2":"type-product","3":"status-publish","4":"has-post-thumbnail","6":"product_cat-frasverktyg-och-hyvelstal-sv","7":"product_cat-skaftfrasar-sv","9":"first","10":"instock","11":"shipping-taxable","12":"product-type-simple"},"acf":[],"yoast_head":"<!-- This site is optimized with the Yoast SEO plugin v23.2 - https:\/\/yoast.com\/wordpress\/plugins\/seo\/ -->\n<title>KONTRAPROFILFR\u00c4S HM - Luna tools<\/title>\n<meta name=\"robots\" content=\"index, follow, max-snippet:-1, max-image-preview:large, max-video-preview:-1\" \/>\n<link rel=\"canonical\" href=\"https:\/\/lunatools.test.consids5.se\/sv\/product\/kontraprofilfras-hm\/\" \/>\n<meta property=\"og:locale\" content=\"sv_SE\" \/>\n<meta property=\"og:type\" content=\"article\" \/>\n<meta property=\"og:title\" content=\"KONTRAPROFILFR\u00c4S HM - Luna tools\" \/>\n<meta property=\"og:description\" content=\"Kontraprofilfr\u00e4sar med sk\u00e4r av h\u00e5rdmetall och kullager f\u00f6r tillverkning av sk\u00e5pluckor, d\u00f6rrar och paneler. Genom att byta plats p\u00e5 not och profilst\u00e5let kan b\u00e5de l\u00e4ngd och \u00e4ndprofilen tillverkas med samma fr\u00e4s. Hand\u00f6verfr\u00e4sen b\u00f6r monteras i ett fr\u00e4sbord f\u00f6r b\u00e4sta resultat.\" \/>\n<meta property=\"og:url\" content=\"https:\/\/lunatools.test.consids5.se\/sv\/product\/kontraprofilfras-hm\/\" \/>\n<meta property=\"og:site_name\" content=\"Luna tools\" \/>\n<meta property=\"og:image\" content=\"https:\/\/lunatools.test.consids5.se\/wp-content\/uploads\/2021\/03\/871935-3.jpg\" \/>\n\t<meta property=\"og:image:width\" content=\"589\" \/>\n\t<meta property=\"og:image:height\" content=\"1400\" \/>\n\t<meta property=\"og:image:type\" content=\"image\/jpeg\" \/>\n<script type=\"application\/ld+json\" class=\"yoast-schema-graph\">{\"@context\":\"https:\/\/schema.org\",\"@graph\":[{\"@type\":\"WebPage\",\"@id\":\"https:\/\/lunatools.test.consids5.se\/sv\/product\/kontraprofilfras-hm\/\",\"url\":\"https:\/\/lunatools.test.consids5.se\/sv\/product\/kontraprofilfras-hm\/\",\"name\":\"KONTRAPROFILFR\u00c4S HM - Luna tools\",\"isPartOf\":{\"@id\":\"https:\/\/lunatools.test.consids5.se\/en\/#website\"},\"primaryImageOfPage\":{\"@id\":\"https:\/\/lunatools.test.consids5.se\/sv\/product\/kontraprofilfras-hm\/#primaryimage\"},\"image\":{\"@id\":\"https:\/\/lunatools.test.consids5.se\/sv\/product\/kontraprofilfras-hm\/#primaryimage\"},\"thumbnailUrl\":\"https:\/\/lunatools.test.consids5.se\/wp-content\/uploads\/2021\/03\/871935-3.jpg\",\"datePublished\":\"2021-11-04T00:40:05+00:00\",\"dateModified\":\"2021-11-04T00:40:05+00:00\",\"breadcrumb\":{\"@id\":\"https:\/\/lunatools.test.consids5.se\/sv\/product\/kontraprofilfras-hm\/#breadcrumb\"},\"inLanguage\":\"sv-SE\",\"potentialAction\":[{\"@type\":\"ReadAction\",\"target\":[\"https:\/\/lunatools.test.consids5.se\/sv\/product\/kontraprofilfras-hm\/\"]}]},{\"@type\":\"ImageObject\",\"inLanguage\":\"sv-SE\",\"@id\":\"https:\/\/lunatools.test.consids5.se\/sv\/product\/kontraprofilfras-hm\/#primaryimage\",\"url\":\"https:\/\/lunatools.test.consids5.se\/wp-content\/uploads\/2021\/03\/871935-3.jpg\",\"contentUrl\":\"https:\/\/lunatools.test.consids5.se\/wp-content\/uploads\/2021\/03\/871935-3.jpg\",\"width\":589,\"height\":1400},{\"@type\":\"BreadcrumbList\",\"@id\":\"https:\/\/lunatools.test.consids5.se\/sv\/product\/kontraprofilfras-hm\/#breadcrumb\",\"itemListElement\":[{\"@type\":\"ListItem\",\"position\":1,\"name\":\"Home\",\"item\":\"https:\/\/lunatools.test.consids5.se\/sv\/professionella-elverktygstillbehor-lunatools-startpage\/\"},{\"@type\":\"ListItem\",\"position\":2,\"name\":\"Products\",\"item\":\"https:\/\/lunatools.test.consids5.se\/en\/shop\/\"},{\"@type\":\"ListItem\",\"position\":3,\"name\":\"KONTRAPROFILFR\u00c4S HM\"}]},{\"@type\":\"WebSite\",\"@id\":\"https:\/\/lunatools.test.consids5.se\/en\/#website\",\"url\":\"https:\/\/lunatools.test.consids5.se\/en\/\",\"name\":\"Luna tools\",\"description\":\"\",\"publisher\":{\"@id\":\"https:\/\/lunatools.test.consids5.se\/en\/#organization\"},\"potentialAction\":[{\"@type\":\"SearchAction\",\"target\":{\"@type\":\"EntryPoint\",\"urlTemplate\":\"https:\/\/lunatools.test.consids5.se\/en\/?s={search_term_string}\"},\"query-input\":\"required name=search_term_string\"}],\"inLanguage\":\"sv-SE\"},{\"@type\":\"Organization\",\"@id\":\"https:\/\/lunatools.test.consids5.se\/en\/#organization\",\"name\":\"Luna Tools\",\"url\":\"https:\/\/lunatools.test.consids5.se\/en\/\",\"logo\":{\"@type\":\"ImageObject\",\"inLanguage\":\"sv-SE\",\"@id\":\"https:\/\/lunatools.test.consids5.se\/en\/#\/schema\/logo\/image\/\",\"url\":\"https:\/\/lunatools.com\/wp-content\/uploads\/2019\/10\/LunaTools-gray-logo.png\",\"contentUrl\":\"https:\/\/lunatools.com\/wp-content\/uploads\/2019\/10\/LunaTools-gray-logo.png\",\"width\":795,\"height\":309,\"caption\":\"Luna Tools\"},\"image\":{\"@id\":\"https:\/\/lunatools.test.consids5.se\/en\/#\/schema\/logo\/image\/\"}}]}<\/script>\n<!-- \/ Yoast SEO plugin. -->","yoast_head_json":{"title":"KONTRAPROFILFR\u00c4S HM - Luna tools","robots":{"index":"index","follow":"follow","max-snippet":"max-snippet:-1","max-image-preview":"max-image-preview:large","max-video-preview":"max-video-preview:-1"},"canonical":"https:\/\/lunatools.test.consids5.se\/sv\/product\/kontraprofilfras-hm\/","og_locale":"sv_SE","og_type":"article","og_title":"KONTRAPROFILFR\u00c4S HM - Luna tools","og_description":"Kontraprofilfr\u00e4sar med sk\u00e4r av h\u00e5rdmetall och kullager f\u00f6r tillverkning av sk\u00e5pluckor, d\u00f6rrar och paneler. Genom att byta plats p\u00e5 not och profilst\u00e5let kan b\u00e5de l\u00e4ngd och \u00e4ndprofilen tillverkas med samma fr\u00e4s. Hand\u00f6verfr\u00e4sen b\u00f6r monteras i ett fr\u00e4sbord f\u00f6r b\u00e4sta resultat.","og_url":"https:\/\/lunatools.test.consids5.se\/sv\/product\/kontraprofilfras-hm\/","og_site_name":"Luna tools","og_image":[{"width":589,"height":1400,"url":"https:\/\/lunatools.test.consids5.se\/wp-content\/uploads\/2021\/03\/871935-3.jpg","type":"image\/jpeg"}],"schema":{"@context":"https:\/\/schema.org","@graph":[{"@type":"WebPage","@id":"https:\/\/lunatools.test.consids5.se\/sv\/product\/kontraprofilfras-hm\/","url":"https:\/\/lunatools.test.consids5.se\/sv\/product\/kontraprofilfras-hm\/","name":"KONTRAPROFILFR\u00c4S HM - Luna tools","isPartOf":{"@id":"https:\/\/lunatools.test.consids5.se\/en\/#website"},"primaryImageOfPage":{"@id":"https:\/\/lunatools.test.consids5.se\/sv\/product\/kontraprofilfras-hm\/#primaryimage"},"image":{"@id":"https:\/\/lunatools.test.consids5.se\/sv\/product\/kontraprofilfras-hm\/#primaryimage"},"thumbnailUrl":"https:\/\/lunatools.test.consids5.se\/wp-content\/uploads\/2021\/03\/871935-3.jpg","datePublished":"2021-11-04T00:40:05+00:00","dateModified":"2021-11-04T00:40:05+00:00","breadcrumb":{"@id":"https:\/\/lunatools.test.consids5.se\/sv\/product\/kontraprofilfras-hm\/#breadcrumb"},"inLanguage":"sv-SE","potentialAction":[{"@type":"ReadAction","target":["https:\/\/lunatools.test.consids5.se\/sv\/product\/kontraprofilfras-hm\/"]}]},{"@type":"ImageObject","inLanguage":"sv-SE","@id":"https:\/\/lunatools.test.consids5.se\/sv\/product\/kontraprofilfras-hm\/#primaryimage","url":"https:\/\/lunatools.test.consids5.se\/wp-content\/uploads\/2021\/03\/871935-3.jpg","contentUrl":"https:\/\/lunatools.test.consids5.se\/wp-content\/uploads\/2021\/03\/871935-3.jpg","width":589,"height":1400},{"@type":"BreadcrumbList","@id":"https:\/\/lunatools.test.consids5.se\/sv\/product\/kontraprofilfras-hm\/#breadcrumb","itemListElement":[{"@type":"ListItem","position":1,"name":"Home","item":"https:\/\/lunatools.test.consids5.se\/sv\/professionella-elverktygstillbehor-lunatools-startpage\/"},{"@type":"ListItem","position":2,"name":"Products","item":"https:\/\/lunatools.test.consids5.se\/en\/shop\/"},{"@type":"ListItem","position":3,"name":"KONTRAPROFILFR\u00c4S HM"}]},{"@type":"WebSite","@id":"https:\/\/lunatools.test.consids5.se\/en\/#website","url":"https:\/\/lunatools.test.consids5.se\/en\/","name":"Luna tools","description":"","publisher":{"@id":"https:\/\/lunatools.test.consids5.se\/en\/#organization"},"potentialAction":[{"@type":"SearchAction","target":{"@type":"EntryPoint","urlTemplate":"https:\/\/lunatools.test.consids5.se\/en\/?s={search_term_string}"},"query-input":"required name=search_term_string"}],"inLanguage":"sv-SE"},{"@type":"Organization","@id":"https:\/\/lunatools.test.consids5.se\/en\/#organization","name":"Luna Tools","url":"https:\/\/lunatools.test.consids5.se\/en\/","logo":{"@type":"ImageObject","inLanguage":"sv-SE","@id":"https:\/\/lunatools.test.consids5.se\/en\/#\/schema\/logo\/image\/","url":"https:\/\/lunatools.com\/wp-content\/uploads\/2019\/10\/LunaTools-gray-logo.png","contentUrl":"https:\/\/lunatools.com\/wp-content\/uploads\/2019\/10\/LunaTools-gray-logo.png","width":795,"height":309,"caption":"Luna Tools"},"image":{"@id":"https:\/\/lunatools.test.consids5.se\/en\/#\/schema\/logo\/image\/"}}]}},"_links":{"self":[{"href":"https:\/\/lunatools.test.consids5.se\/sv\/wp-json\/wp\/v2\/product\/886"}],"collection":[{"href":"https:\/\/lunatools.test.consids5.se\/sv\/wp-json\/wp\/v2\/product"}],"about":[{"href":"https:\/\/lunatools.test.consids5.se\/sv\/wp-json\/wp\/v2\/types\/product"}],"wp:featuredmedia":[{"embeddable":true,"href":"https:\/\/lunatools.test.consids5.se\/sv\/wp-json\/wp\/v2\/media\/40919"}],"wp:attachment":[{"href":"https:\/\/lunatools.test.consids5.se\/sv\/wp-json\/wp\/v2\/media?parent=886"}],"wp:term":[{"taxonomy":"product_cat","embeddable":true,"href":"https:\/\/lunatools.test.consids5.se\/sv\/wp-json\/wp\/v2\/product_cat?post=886"},{"taxonomy":"product_tag","embeddable":true,"href":"https:\/\/lunatools.test.consids5.se\/sv\/wp-json\/wp\/v2\/product_tag?post=886"}],"curies":[{"name":"wp","href":"https:\/\/api.w.org\/{rel}","templated":true}]}}