{"id":900,"date":"2021-11-04T00:40:10","date_gmt":"2021-11-04T00:40:10","guid":{"rendered":"https:\/\/lunatools.com\/product\/profilfras-hm-38mm\/"},"modified":"2021-11-04T00:40:10","modified_gmt":"2021-11-04T00:40:10","slug":"profilfras-hm-38mm","status":"publish","type":"product","link":"https:\/\/lunatools.test.consids5.se\/sv\/product\/profilfras-hm-38mm\/","title":{"rendered":"PROFILFR\u00c4S HM 38MM"},"content":{"rendered":"<p>Profilfr\u00e4sar med sk\u00e4r av h\u00e5rdmetall, serie 2104121065 med bottenmonterat kullager. Med mindre kullager p\u00e5 serie 2104721049 kan annan profil f\u00e5s, se bild och tabell f\u00f6r alternativt kullager.<\/p>\n","protected":false},"excerpt":{"rendered":"Profilfr\u00e4sar med sk\u00e4r av h\u00e5rdmetall, serie 2104121065 med bottenmonterat kullager. Med mindre kullager p\u00e5 serie 2104721049 kan annan profil f\u00e5s, se bild och tabell f\u00f6r alternativt kullager.","protected":false},"featured_media":41187,"template":"","meta":{"_acf_changed":false},"product_cat":[391,440],"product_tag":[],"class_list":{"0":"post-900","1":"product","2":"type-product","3":"status-publish","4":"has-post-thumbnail","6":"product_cat-frasverktyg-och-hyvelstal-sv","7":"product_cat-skaftfrasar-sv","9":"first","10":"instock","11":"shipping-taxable","12":"product-type-simple"},"acf":[],"yoast_head":"<!-- This site is optimized with the Yoast SEO plugin v23.2 - https:\/\/yoast.com\/wordpress\/plugins\/seo\/ -->\n<title>PROFILFR\u00c4S HM 38MM - Luna tools<\/title>\n<meta name=\"robots\" content=\"index, follow, max-snippet:-1, max-image-preview:large, max-video-preview:-1\" \/>\n<link rel=\"canonical\" href=\"https:\/\/lunatools.test.consids5.se\/sv\/product\/profilfras-hm-38mm\/\" \/>\n<meta property=\"og:locale\" content=\"sv_SE\" \/>\n<meta property=\"og:type\" content=\"article\" \/>\n<meta property=\"og:title\" content=\"PROFILFR\u00c4S HM 38MM - Luna tools\" \/>\n<meta property=\"og:description\" content=\"Profilfr\u00e4sar med sk\u00e4r av h\u00e5rdmetall, serie 2104121065 med bottenmonterat kullager. Med mindre kullager p\u00e5 serie 2104721049 kan annan profil f\u00e5s, se bild och tabell f\u00f6r alternativt kullager.\" \/>\n<meta property=\"og:url\" content=\"https:\/\/lunatools.test.consids5.se\/sv\/product\/profilfras-hm-38mm\/\" \/>\n<meta property=\"og:site_name\" content=\"Luna tools\" \/>\n<meta property=\"og:image\" content=\"https:\/\/lunatools.test.consids5.se\/wp-content\/uploads\/2021\/03\/870854-5.jpg\" \/>\n\t<meta property=\"og:image:width\" content=\"620\" \/>\n\t<meta property=\"og:image:height\" content=\"1400\" \/>\n\t<meta property=\"og:image:type\" content=\"image\/jpeg\" \/>\n<script type=\"application\/ld+json\" class=\"yoast-schema-graph\">{\"@context\":\"https:\/\/schema.org\",\"@graph\":[{\"@type\":\"WebPage\",\"@id\":\"https:\/\/lunatools.test.consids5.se\/sv\/product\/profilfras-hm-38mm\/\",\"url\":\"https:\/\/lunatools.test.consids5.se\/sv\/product\/profilfras-hm-38mm\/\",\"name\":\"PROFILFR\u00c4S HM 38MM - Luna tools\",\"isPartOf\":{\"@id\":\"https:\/\/lunatools.test.consids5.se\/en\/#website\"},\"primaryImageOfPage\":{\"@id\":\"https:\/\/lunatools.test.consids5.se\/sv\/product\/profilfras-hm-38mm\/#primaryimage\"},\"image\":{\"@id\":\"https:\/\/lunatools.test.consids5.se\/sv\/product\/profilfras-hm-38mm\/#primaryimage\"},\"thumbnailUrl\":\"https:\/\/lunatools.test.consids5.se\/wp-content\/uploads\/2021\/03\/870854-5.jpg\",\"datePublished\":\"2021-11-04T00:40:10+00:00\",\"dateModified\":\"2021-11-04T00:40:10+00:00\",\"breadcrumb\":{\"@id\":\"https:\/\/lunatools.test.consids5.se\/sv\/product\/profilfras-hm-38mm\/#breadcrumb\"},\"inLanguage\":\"sv-SE\",\"potentialAction\":[{\"@type\":\"ReadAction\",\"target\":[\"https:\/\/lunatools.test.consids5.se\/sv\/product\/profilfras-hm-38mm\/\"]}]},{\"@type\":\"ImageObject\",\"inLanguage\":\"sv-SE\",\"@id\":\"https:\/\/lunatools.test.consids5.se\/sv\/product\/profilfras-hm-38mm\/#primaryimage\",\"url\":\"https:\/\/lunatools.test.consids5.se\/wp-content\/uploads\/2021\/03\/870854-5.jpg\",\"contentUrl\":\"https:\/\/lunatools.test.consids5.se\/wp-content\/uploads\/2021\/03\/870854-5.jpg\",\"width\":620,\"height\":1400},{\"@type\":\"BreadcrumbList\",\"@id\":\"https:\/\/lunatools.test.consids5.se\/sv\/product\/profilfras-hm-38mm\/#breadcrumb\",\"itemListElement\":[{\"@type\":\"ListItem\",\"position\":1,\"name\":\"Home\",\"item\":\"https:\/\/lunatools.test.consids5.se\/sv\/professionella-elverktygstillbehor-lunatools-startpage\/\"},{\"@type\":\"ListItem\",\"position\":2,\"name\":\"Products\",\"item\":\"https:\/\/lunatools.test.consids5.se\/en\/shop\/\"},{\"@type\":\"ListItem\",\"position\":3,\"name\":\"PROFILFR\u00c4S HM 38MM\"}]},{\"@type\":\"WebSite\",\"@id\":\"https:\/\/lunatools.test.consids5.se\/en\/#website\",\"url\":\"https:\/\/lunatools.test.consids5.se\/en\/\",\"name\":\"Luna tools\",\"description\":\"\",\"publisher\":{\"@id\":\"https:\/\/lunatools.test.consids5.se\/en\/#organization\"},\"potentialAction\":[{\"@type\":\"SearchAction\",\"target\":{\"@type\":\"EntryPoint\",\"urlTemplate\":\"https:\/\/lunatools.test.consids5.se\/en\/?s={search_term_string}\"},\"query-input\":\"required name=search_term_string\"}],\"inLanguage\":\"sv-SE\"},{\"@type\":\"Organization\",\"@id\":\"https:\/\/lunatools.test.consids5.se\/en\/#organization\",\"name\":\"Luna Tools\",\"url\":\"https:\/\/lunatools.test.consids5.se\/en\/\",\"logo\":{\"@type\":\"ImageObject\",\"inLanguage\":\"sv-SE\",\"@id\":\"https:\/\/lunatools.test.consids5.se\/en\/#\/schema\/logo\/image\/\",\"url\":\"https:\/\/lunatools.com\/wp-content\/uploads\/2019\/10\/LunaTools-gray-logo.png\",\"contentUrl\":\"https:\/\/lunatools.com\/wp-content\/uploads\/2019\/10\/LunaTools-gray-logo.png\",\"width\":795,\"height\":309,\"caption\":\"Luna Tools\"},\"image\":{\"@id\":\"https:\/\/lunatools.test.consids5.se\/en\/#\/schema\/logo\/image\/\"}}]}<\/script>\n<!-- \/ Yoast SEO plugin. -->","yoast_head_json":{"title":"PROFILFR\u00c4S HM 38MM - Luna tools","robots":{"index":"index","follow":"follow","max-snippet":"max-snippet:-1","max-image-preview":"max-image-preview:large","max-video-preview":"max-video-preview:-1"},"canonical":"https:\/\/lunatools.test.consids5.se\/sv\/product\/profilfras-hm-38mm\/","og_locale":"sv_SE","og_type":"article","og_title":"PROFILFR\u00c4S HM 38MM - Luna tools","og_description":"Profilfr\u00e4sar med sk\u00e4r av h\u00e5rdmetall, serie 2104121065 med bottenmonterat kullager. Med mindre kullager p\u00e5 serie 2104721049 kan annan profil f\u00e5s, se bild och tabell f\u00f6r alternativt kullager.","og_url":"https:\/\/lunatools.test.consids5.se\/sv\/product\/profilfras-hm-38mm\/","og_site_name":"Luna tools","og_image":[{"width":620,"height":1400,"url":"https:\/\/lunatools.test.consids5.se\/wp-content\/uploads\/2021\/03\/870854-5.jpg","type":"image\/jpeg"}],"schema":{"@context":"https:\/\/schema.org","@graph":[{"@type":"WebPage","@id":"https:\/\/lunatools.test.consids5.se\/sv\/product\/profilfras-hm-38mm\/","url":"https:\/\/lunatools.test.consids5.se\/sv\/product\/profilfras-hm-38mm\/","name":"PROFILFR\u00c4S HM 38MM - Luna tools","isPartOf":{"@id":"https:\/\/lunatools.test.consids5.se\/en\/#website"},"primaryImageOfPage":{"@id":"https:\/\/lunatools.test.consids5.se\/sv\/product\/profilfras-hm-38mm\/#primaryimage"},"image":{"@id":"https:\/\/lunatools.test.consids5.se\/sv\/product\/profilfras-hm-38mm\/#primaryimage"},"thumbnailUrl":"https:\/\/lunatools.test.consids5.se\/wp-content\/uploads\/2021\/03\/870854-5.jpg","datePublished":"2021-11-04T00:40:10+00:00","dateModified":"2021-11-04T00:40:10+00:00","breadcrumb":{"@id":"https:\/\/lunatools.test.consids5.se\/sv\/product\/profilfras-hm-38mm\/#breadcrumb"},"inLanguage":"sv-SE","potentialAction":[{"@type":"ReadAction","target":["https:\/\/lunatools.test.consids5.se\/sv\/product\/profilfras-hm-38mm\/"]}]},{"@type":"ImageObject","inLanguage":"sv-SE","@id":"https:\/\/lunatools.test.consids5.se\/sv\/product\/profilfras-hm-38mm\/#primaryimage","url":"https:\/\/lunatools.test.consids5.se\/wp-content\/uploads\/2021\/03\/870854-5.jpg","contentUrl":"https:\/\/lunatools.test.consids5.se\/wp-content\/uploads\/2021\/03\/870854-5.jpg","width":620,"height":1400},{"@type":"BreadcrumbList","@id":"https:\/\/lunatools.test.consids5.se\/sv\/product\/profilfras-hm-38mm\/#breadcrumb","itemListElement":[{"@type":"ListItem","position":1,"name":"Home","item":"https:\/\/lunatools.test.consids5.se\/sv\/professionella-elverktygstillbehor-lunatools-startpage\/"},{"@type":"ListItem","position":2,"name":"Products","item":"https:\/\/lunatools.test.consids5.se\/en\/shop\/"},{"@type":"ListItem","position":3,"name":"PROFILFR\u00c4S HM 38MM"}]},{"@type":"WebSite","@id":"https:\/\/lunatools.test.consids5.se\/en\/#website","url":"https:\/\/lunatools.test.consids5.se\/en\/","name":"Luna tools","description":"","publisher":{"@id":"https:\/\/lunatools.test.consids5.se\/en\/#organization"},"potentialAction":[{"@type":"SearchAction","target":{"@type":"EntryPoint","urlTemplate":"https:\/\/lunatools.test.consids5.se\/en\/?s={search_term_string}"},"query-input":"required name=search_term_string"}],"inLanguage":"sv-SE"},{"@type":"Organization","@id":"https:\/\/lunatools.test.consids5.se\/en\/#organization","name":"Luna Tools","url":"https:\/\/lunatools.test.consids5.se\/en\/","logo":{"@type":"ImageObject","inLanguage":"sv-SE","@id":"https:\/\/lunatools.test.consids5.se\/en\/#\/schema\/logo\/image\/","url":"https:\/\/lunatools.com\/wp-content\/uploads\/2019\/10\/LunaTools-gray-logo.png","contentUrl":"https:\/\/lunatools.com\/wp-content\/uploads\/2019\/10\/LunaTools-gray-logo.png","width":795,"height":309,"caption":"Luna Tools"},"image":{"@id":"https:\/\/lunatools.test.consids5.se\/en\/#\/schema\/logo\/image\/"}}]}},"_links":{"self":[{"href":"https:\/\/lunatools.test.consids5.se\/sv\/wp-json\/wp\/v2\/product\/900"}],"collection":[{"href":"https:\/\/lunatools.test.consids5.se\/sv\/wp-json\/wp\/v2\/product"}],"about":[{"href":"https:\/\/lunatools.test.consids5.se\/sv\/wp-json\/wp\/v2\/types\/product"}],"wp:featuredmedia":[{"embeddable":true,"href":"https:\/\/lunatools.test.consids5.se\/sv\/wp-json\/wp\/v2\/media\/41187"}],"wp:attachment":[{"href":"https:\/\/lunatools.test.consids5.se\/sv\/wp-json\/wp\/v2\/media?parent=900"}],"wp:term":[{"taxonomy":"product_cat","embeddable":true,"href":"https:\/\/lunatools.test.consids5.se\/sv\/wp-json\/wp\/v2\/product_cat?post=900"},{"taxonomy":"product_tag","embeddable":true,"href":"https:\/\/lunatools.test.consids5.se\/sv\/wp-json\/wp\/v2\/product_tag?post=900"}],"curies":[{"name":"wp","href":"https:\/\/api.w.org\/{rel}","templated":true}]}}